{"id":9897,"date":"2023-11-02T13:39:08","date_gmt":"2023-11-02T11:39:08","guid":{"rendered":"https:\/\/www.museosdemequinenza.com\/?page_id=9897"},"modified":"2024-06-17T11:25:33","modified_gmt":"2024-06-17T09:25:33","slug":"monumento-de-los-auts","status":"publish","type":"page","link":"https:\/\/www.museosdemequinenza.com\/ca\/monumento-de-los-auts\/","title":{"rendered":"Monument dels Auts"},"content":{"rendered":"<div data-elementor-type=\"wp-page\" data-elementor-id=\"9897\" class=\"elementor elementor-9897\">\n\t\t\t\t\t\t<section class=\"elementor-section elementor-top-section elementor-element elementor-element-41ff59bc elementor-section-boxed elementor-section-height-default elementor-section-height-default\" data-id=\"41ff59bc\" data-element_type=\"section\" data-e-type=\"section\">\n\t\t\t\t\t\t<div class=\"elementor-container elementor-column-gap-default\">\n\t\t\t\t\t<div class=\"elementor-column elementor-col-100 elementor-top-column elementor-element elementor-element-11213c95\" data-id=\"11213c95\" data-element_type=\"column\" data-e-type=\"column\">\n\t\t\t<div class=\"elementor-widget-wrap elementor-element-populated\">\n\t\t\t\t\t\t<div class=\"elementor-element elementor-element-23108910 elementor-widget elementor-widget-text-editor\" data-id=\"23108910\" data-element_type=\"widget\" data-e-type=\"widget\" data-widget_type=\"text-editor.default\">\n\t\t\t\t<div class=\"elementor-widget-container\">\n\t\t\t\t\t\t\t\t\t\n<p><\/p>\n\t\t\t\t\t\t\t\t<\/div>\n\t\t\t\t<\/div>\n\t\t\t\t\t<\/div>\n\t\t<\/div>\n\t\t\t\t\t<\/div>\n\t\t<\/section>\n\t\t\t\t<section class=\"elementor-section elementor-top-section elementor-element elementor-element-f1f4412 elementor-section-boxed elementor-section-height-default elementor-section-height-default\" data-id=\"f1f4412\" data-element_type=\"section\" data-e-type=\"section\">\n\t\t\t\t\t\t<div class=\"elementor-container elementor-column-gap-default\">\n\t\t\t\t\t<div class=\"elementor-column elementor-col-100 elementor-top-column elementor-element elementor-element-fb3a385\" data-id=\"fb3a385\" data-element_type=\"column\" data-e-type=\"column\">\n\t\t\t<div class=\"elementor-widget-wrap elementor-element-populated\">\n\t\t\t\t\t\t<section class=\"elementor-section elementor-inner-section elementor-element elementor-element-f8845e7 elementor-section-boxed elementor-section-height-default elementor-section-height-default\" data-id=\"f8845e7\" data-element_type=\"section\" data-e-type=\"section\">\n\t\t\t\t\t\t<div class=\"elementor-container elementor-column-gap-default\">\n\t\t\t\t\t<div class=\"elementor-column elementor-col-50 elementor-inner-column elementor-element elementor-element-4f5a510\" data-id=\"4f5a510\" data-element_type=\"column\" data-e-type=\"column\">\n\t\t\t<div class=\"elementor-widget-wrap elementor-element-populated\">\n\t\t\t\t\t\t<div class=\"elementor-element elementor-element-f02c9be elementor-widget elementor-widget-image\" data-id=\"f02c9be\" data-element_type=\"widget\" data-e-type=\"widget\" data-widget_type=\"image.default\">\n\t\t\t\t<div class=\"elementor-widget-container\">\n\t\t\t\t\t\t\t\t\t\t\t\t\t\t\t<img fetchpriority=\"high\" decoding=\"async\" width=\"680\" height=\"380\" src=\"https:\/\/www.museosdemequinenza.com\/wp-content\/uploads\/2024\/06\/Alt-dels-Auts-680x380.jpg\" class=\"attachment-column1-1\/3 size-column1-1\/3 wp-image-10827\" alt=\"\" \/>\t\t\t\t\t\t\t\t\t\t\t\t\t\t\t<\/div>\n\t\t\t\t<\/div>\n\t\t\t\t\t<\/div>\n\t\t<\/div>\n\t\t\t\t<div class=\"elementor-column elementor-col-50 elementor-inner-column elementor-element elementor-element-7215c39\" data-id=\"7215c39\" data-element_type=\"column\" data-e-type=\"column\">\n\t\t\t<div class=\"elementor-widget-wrap elementor-element-populated\">\n\t\t\t\t\t\t<div class=\"elementor-element elementor-element-cdd00d1 elementor-widget elementor-widget-google_maps\" data-id=\"cdd00d1\" data-element_type=\"widget\" data-e-type=\"widget\" data-widget_type=\"google_maps.default\">\n\t\t\t\t<div class=\"elementor-widget-container\">\n\t\t\t\t\t\t\t<div class=\"elementor-custom-embed\">\n\t\t\t<iframe loading=\"lazy\"\n\t\t\t\t\tsrc=\"https:\/\/maps.google.com\/maps?q=Monumento%20de%20los%20Auts&#038;t=m&#038;z=14&#038;output=embed&#038;iwloc=near\"\n\t\t\t\t\ttitle=\"Monument dels Auts\"\n\t\t\t\t\taria-label=\"Monument dels Auts\"\n\t\t\t><\/iframe>\n\t\t<\/div>\n\t\t\t\t\t\t<\/div>\n\t\t\t\t<\/div>\n\t\t\t\t\t<\/div>\n\t\t<\/div>\n\t\t\t\t\t<\/div>\n\t\t<\/section>\n\t\t\t\t<div class=\"elementor-element elementor-element-8bbf742 elementor-widget elementor-widget-text-editor\" data-id=\"8bbf742\" data-element_type=\"widget\" data-e-type=\"widget\" data-widget_type=\"text-editor.default\">\n\t\t\t\t<div class=\"elementor-widget-container\">\n\t\t\t\t\t\t\t\t\t<p>La <b>Batalla del Ebro<\/b> de la <b>Guerra Civil Espa\u00f1ola<\/b>, comenz\u00f3 en <b>Mequinensa <\/b>el 25 de julio de 1938 cuando la 42\u00aa divisi\u00f3n republicana cruz\u00f3 el Ebro y ocup\u00f3 la posici\u00f3n conocida como el <b>Alto de los Auts <\/b>con el objetivo de fijar las reservas del enemigo y\u00a0 cortar la carretera Mequinenza &#8211; Maella en el punto conocido como <b>Gilabert<\/b>. A pesar de intensos combates y esfuerzos, los republicanos no lograron avances significativos y se enfrentaron una fuerte resistencia franquista.\u00a0<span style=\"font-size: 16px; color: var( --e-global-color-text );\">El 6 de agosto, un definitivo contraataque franquista oblig\u00f3 a las fuerzas republicanas a retirarse y volver a cruzar el r\u00edo Ebro, resultando en importantes bajas y significativas p\u00e9rdidas de armamento tanto en el ej\u00e9rcito republicano como en el nacional.<\/span><\/p>\n<p>Seis d\u00e9cadas despu\u00e9s del final de la Batalla del Ebro, el 8 de agosto de 1998, la <b>Agrupaci\u00f3n de Supervivientes de la Quinta del Biber\u00f3n <\/b>inaugur\u00f3 el monumento erigido en la ladera del<b> Alto de los Auts<\/b>, una posici\u00f3n clave, la m\u00e1s elevada y duramente defendida por los republicanos en la zona. El monumento, dise\u00f1ado por Javier Torres, est\u00e1 presidido por dos placas, en catal\u00e1n y castellano, y dos cascos de cada bando. La placa dice: <i>&#8216;A todos aquellos que perdieron, que fueron todos&#8217;<\/i>\u00a0\/\u00a0<i>&#8216;A tots aquells que van perdre, que van ser tots<\/i>&#8216;.\u00a0<\/p>\n<p>El <b>Monumento dels Auts<\/b> se encuentra junto a la carretera A-1411 en al finalizar la ascensi\u00f3n al puerto de Fay\u00f3n, donde superado el brusco ascenso de la carretera un cartel indica el acceso al monolito.<\/p>\t\t\t\t\t\t\t\t<\/div>\n\t\t\t\t<\/div>\n\t\t\t\t<section class=\"elementor-section elementor-inner-section elementor-element elementor-element-c2ee55c elementor-section-boxed elementor-section-height-default elementor-section-height-default\" data-id=\"c2ee55c\" data-element_type=\"section\" data-e-type=\"section\">\n\t\t\t\t\t\t<div class=\"elementor-container elementor-column-gap-default\">\n\t\t\t\t\t<div class=\"elementor-column elementor-col-50 elementor-inner-column elementor-element elementor-element-d027587\" data-id=\"d027587\" data-element_type=\"column\" data-e-type=\"column\">\n\t\t\t<div class=\"elementor-widget-wrap elementor-element-populated\">\n\t\t\t\t\t\t<div class=\"elementor-element elementor-element-2530dd2 elementor-arrows-position-inside elementor-widget elementor-widget-image-carousel\" data-id=\"2530dd2\" data-element_type=\"widget\" data-e-type=\"widget\" data-settings=\"{&quot;slides_to_show&quot;:&quot;1&quot;,&quot;navigation&quot;:&quot;arrows&quot;,&quot;autoplay&quot;:&quot;yes&quot;,&quot;pause_on_hover&quot;:&quot;yes&quot;,&quot;pause_on_interaction&quot;:&quot;yes&quot;,&quot;autoplay_speed&quot;:5000,&quot;infinite&quot;:&quot;yes&quot;,&quot;effect&quot;:&quot;slide&quot;,&quot;speed&quot;:500}\" data-widget_type=\"image-carousel.default\">\n\t\t\t\t<div class=\"elementor-widget-container\">\n\t\t\t\t\t\t\t<div class=\"elementor-image-carousel-wrapper swiper\" role=\"region\" aria-roledescription=\"carousel\" aria-label=\"Carrusel de im\u00e1genes\" dir=\"ltr\">\n\t\t\t<div class=\"elementor-image-carousel swiper-wrapper\" aria-live=\"off\">\n\t\t\t\t\t\t\t\t<div class=\"swiper-slide\" role=\"group\" aria-roledescription=\"slide\" aria-label=\"1 de 5\"><figure class=\"swiper-slide-inner\"><img decoding=\"async\" class=\"swiper-slide-image\" src=\"https:\/\/www.museosdemequinenza.com\/wp-content\/uploads\/2024\/06\/guerracivil1-e1718615336677.jpg\" alt=\"guerracivil1\" \/><\/figure><\/div><div class=\"swiper-slide\" role=\"group\" aria-roledescription=\"slide\" aria-label=\"2 de 5\"><figure class=\"swiper-slide-inner\"><img decoding=\"async\" class=\"swiper-slide-image\" src=\"https:\/\/www.museosdemequinenza.com\/wp-content\/uploads\/2024\/06\/guerracivil2-e1718615355329.jpg\" alt=\"guerracivil2\" \/><\/figure><\/div><div class=\"swiper-slide\" role=\"group\" aria-roledescription=\"slide\" aria-label=\"3 de 5\"><figure class=\"swiper-slide-inner\"><img decoding=\"async\" class=\"swiper-slide-image\" src=\"https:\/\/www.museosdemequinenza.com\/wp-content\/uploads\/2024\/06\/guerracivil3-e1718615372199-1024x768.jpeg\" alt=\"guerracivil3\" \/><\/figure><\/div><div class=\"swiper-slide\" role=\"group\" aria-roledescription=\"slide\" aria-label=\"4 de 5\"><figure class=\"swiper-slide-inner\"><img decoding=\"async\" class=\"swiper-slide-image\" src=\"https:\/\/www.museosdemequinenza.com\/wp-content\/uploads\/2024\/06\/guerracivil4-e1718615315821.jpg\" alt=\"guerracivil4\" \/><\/figure><\/div><div class=\"swiper-slide\" role=\"group\" aria-roledescription=\"slide\" aria-label=\"5 de 5\"><figure class=\"swiper-slide-inner\"><img decoding=\"async\" class=\"swiper-slide-image\" src=\"https:\/\/www.museosdemequinenza.com\/wp-content\/uploads\/2024\/06\/IMG_5837-scaled-e1718616325950-1024x768.jpg\" alt=\"IMG_5837\" \/><\/figure><\/div>\t\t\t<\/div>\n\t\t\t\t\t\t\t\t\t\t\t\t<div class=\"elementor-swiper-button elementor-swiper-button-prev\" role=\"button\" tabindex=\"0\">\n\t\t\t\t\t\t<i aria-hidden=\"true\" class=\"eicon-chevron-left\"><\/i>\t\t\t\t\t<\/div>\n\t\t\t\t\t<div class=\"elementor-swiper-button elementor-swiper-button-next\" role=\"button\" tabindex=\"0\">\n\t\t\t\t\t\t<i aria-hidden=\"true\" class=\"eicon-chevron-right\"><\/i>\t\t\t\t\t<\/div>\n\t\t\t\t\n\t\t\t\t\t\t\t\t\t<\/div>\n\t\t\t\t\t\t<\/div>\n\t\t\t\t<\/div>\n\t\t\t\t\t<\/div>\n\t\t<\/div>\n\t\t\t\t<div class=\"elementor-column elementor-col-50 elementor-inner-column elementor-element elementor-element-99862e2\" data-id=\"99862e2\" data-element_type=\"column\" data-e-type=\"column\">\n\t\t\t<div class=\"elementor-widget-wrap elementor-element-populated\">\n\t\t\t\t\t\t<div class=\"elementor-element elementor-element-1916b6f elementor-widget elementor-widget-video\" data-id=\"1916b6f\" data-element_type=\"widget\" data-e-type=\"widget\" data-settings=\"{&quot;youtube_url&quot;:&quot;https:\\\/\\\/youtu.be\\\/e7d4aOcePc4&quot;,&quot;video_type&quot;:&quot;youtube&quot;,&quot;controls&quot;:&quot;yes&quot;}\" data-widget_type=\"video.default\">\n\t\t\t\t<div class=\"elementor-widget-container\">\n\t\t\t\t\t\t\t<div class=\"elementor-wrapper elementor-open-inline\">\n\t\t\t<div class=\"elementor-video\"><\/div>\t\t<\/div>\n\t\t\t\t\t\t<\/div>\n\t\t\t\t<\/div>\n\t\t\t\t\t<\/div>\n\t\t<\/div>\n\t\t\t\t\t<\/div>\n\t\t<\/section>\n\t\t\t\t\t<\/div>\n\t\t<\/div>\n\t\t\t\t\t<\/div>\n\t\t<\/section>\n\t\t\t\t<\/div>","protected":false},"excerpt":{"rendered":"<p>La Batalla del Ebro de la Guerra Civil Espa\u00f1ola, comenz\u00f3 en Mequinenza el 25 de julio de 1938 cuando la 42\u00aa divisi\u00f3n republicana cruz\u00f3 el Ebro y ocup\u00f3 la posici\u00f3n conocida como el Alto de los Auts con el objetivo de fijar las reservas del enemigo y\u00a0 cortar la carretera Mequinenza &#8211; Maella en el<\/p>\n<p><a href=\"https:\/\/www.museosdemequinenza.com\/ca\/monumento-de-los-auts\/\" class=\"more-link themebutton\">Read More<\/a><\/p>","protected":false},"author":1,"featured_media":10827,"parent":0,"menu_order":0,"comment_status":"closed","ping_status":"closed","template":"","meta":{"_monsterinsights_skip_tracking":false,"_monsterinsights_sitenote_active":false,"_monsterinsights_sitenote_note":"","_monsterinsights_sitenote_category":0,"footnotes":""},"class_list":["post-9897","page","type-page","status-publish","has-post-thumbnail","hentry"],"aioseo_notices":[],"_links":{"self":[{"href":"https:\/\/www.museosdemequinenza.com\/ca\/wp-json\/wp\/v2\/pages\/9897","targetHints":{"allow":["GET"]}}],"collection":[{"href":"https:\/\/www.museosdemequinenza.com\/ca\/wp-json\/wp\/v2\/pages"}],"about":[{"href":"https:\/\/www.museosdemequinenza.com\/ca\/wp-json\/wp\/v2\/types\/page"}],"author":[{"embeddable":true,"href":"https:\/\/www.museosdemequinenza.com\/ca\/wp-json\/wp\/v2\/users\/1"}],"replies":[{"embeddable":true,"href":"https:\/\/www.museosdemequinenza.com\/ca\/wp-json\/wp\/v2\/comments?post=9897"}],"version-history":[{"count":28,"href":"https:\/\/www.museosdemequinenza.com\/ca\/wp-json\/wp\/v2\/pages\/9897\/revisions"}],"predecessor-version":[{"id":10860,"href":"https:\/\/www.museosdemequinenza.com\/ca\/wp-json\/wp\/v2\/pages\/9897\/revisions\/10860"}],"wp:featuredmedia":[{"embeddable":true,"href":"https:\/\/www.museosdemequinenza.com\/ca\/wp-json\/wp\/v2\/media\/10827"}],"wp:attachment":[{"href":"https:\/\/www.museosdemequinenza.com\/ca\/wp-json\/wp\/v2\/media?parent=9897"}],"curies":[{"name":"wp","href":"https:\/\/api.w.org\/{rel}","templated":true}]}}