{"id":9784,"date":"2023-09-26T12:07:27","date_gmt":"2023-09-26T10:07:27","guid":{"rendered":"https:\/\/www.museosdemequinenza.com\/?page_id=9784"},"modified":"2023-09-27T12:21:23","modified_gmt":"2023-09-27T10:21:23","slug":"ruta-literaria-jesus-moncada","status":"publish","type":"page","link":"https:\/\/www.museosdemequinenza.com\/ca\/ruta-literaria-jesus-moncada\/","title":{"rendered":"Ruta Literaria \u00abJes\u00fas Moncada\u00bb"},"content":{"rendered":"<div data-elementor-type=\"wp-page\" data-elementor-id=\"9784\" class=\"elementor elementor-9784\">\n\t\t\t\t\t\t<section class=\"elementor-section elementor-top-section elementor-element elementor-element-f825220 elementor-section-boxed elementor-section-height-default elementor-section-height-default\" data-id=\"f825220\" data-element_type=\"section\" data-e-type=\"section\">\n\t\t\t\t\t\t<div class=\"elementor-container elementor-column-gap-default\">\n\t\t\t\t\t<div class=\"elementor-column elementor-col-100 elementor-top-column elementor-element elementor-element-27e5dc9\" data-id=\"27e5dc9\" data-element_type=\"column\" data-e-type=\"column\">\n\t\t\t<div class=\"elementor-widget-wrap elementor-element-populated\">\n\t\t\t\t\t\t<div class=\"elementor-element elementor-element-0ad1134 elementor-widget elementor-widget-image\" data-id=\"0ad1134\" data-element_type=\"widget\" data-e-type=\"widget\" data-widget_type=\"image.default\">\n\t\t\t\t<div class=\"elementor-widget-container\">\n\t\t\t\t\t\t\t\t\t\t\t\t\t\t\t<img fetchpriority=\"high\" decoding=\"async\" width=\"1024\" height=\"350\" src=\"https:\/\/www.museosdemequinenza.com\/wp-content\/uploads\/2022\/12\/PUEBLO-VIEJO-DE-MEQUINENZA-scaled-1-1024x350.jpg\" class=\"attachment-large size-large wp-image-8451\" alt=\"\" srcset=\"https:\/\/www.museosdemequinenza.com\/wp-content\/uploads\/2022\/12\/PUEBLO-VIEJO-DE-MEQUINENZA-scaled-1-1024x350.jpg 1024w, https:\/\/www.museosdemequinenza.com\/wp-content\/uploads\/2022\/12\/PUEBLO-VIEJO-DE-MEQUINENZA-scaled-1-300x102.jpg 300w, https:\/\/www.museosdemequinenza.com\/wp-content\/uploads\/2022\/12\/PUEBLO-VIEJO-DE-MEQUINENZA-scaled-1-768x262.jpg 768w, https:\/\/www.museosdemequinenza.com\/wp-content\/uploads\/2022\/12\/PUEBLO-VIEJO-DE-MEQUINENZA-scaled-1-1536x524.jpg 1536w, https:\/\/www.museosdemequinenza.com\/wp-content\/uploads\/2022\/12\/PUEBLO-VIEJO-DE-MEQUINENZA-scaled-1-2048x699.jpg 2048w, https:\/\/www.museosdemequinenza.com\/wp-content\/uploads\/2022\/12\/PUEBLO-VIEJO-DE-MEQUINENZA-scaled-1-18x6.jpg 18w\" sizes=\"(max-width: 1024px) 100vw, 1024px\" \/>\t\t\t\t\t\t\t\t\t\t\t\t\t\t\t<\/div>\n\t\t\t\t<\/div>\n\t\t\t\t<div class=\"elementor-element elementor-element-5ebb56c elementor-widget elementor-widget-text-editor\" data-id=\"5ebb56c\" data-element_type=\"widget\" data-e-type=\"widget\" data-widget_type=\"text-editor.default\">\n\t\t\t\t<div class=\"elementor-widget-container\">\n\t\t\t\t\t\t\t\t\t<p><b>Moncada <\/b>i <b>Mequinensa <\/b>s\u00f3n el punt de partida d'aquesta experi\u00e8ncia liter\u00e0ria, de la mateixa manera que tamb\u00e9 ho era per als lla\u00fcts carregats de carb\u00f3 que solcaven l'Ebre a trav\u00e9s del mil\u00b7lenari \u201c<i>Cam\u00ed de Sirga<\/i>\u201d. De la m\u00e0 de fragments de les seves obres liter\u00e0ries, us convidem a descobrir en una ruta guiada els espais del Poble Vell de Mequinensa que l'escriptor\u00a0<b>Jes\u00fas Moncada<\/b> va portar a la literatura: des dels seus carrers, places, caf\u00e8s o sales de ball, a les riberes, les hortes o els molls de l'Ebre.<\/p>\t\t\t\t\t\t\t\t<\/div>\n\t\t\t\t<\/div>\n\t\t\t\t<section class=\"elementor-section elementor-inner-section elementor-element elementor-element-9c620a5 elementor-section-boxed elementor-section-height-default elementor-section-height-default\" data-id=\"9c620a5\" data-element_type=\"section\" data-e-type=\"section\">\n\t\t\t\t\t\t<div class=\"elementor-container elementor-column-gap-default\">\n\t\t\t\t\t<div class=\"elementor-column elementor-col-50 elementor-inner-column elementor-element elementor-element-6bcdead\" data-id=\"6bcdead\" data-element_type=\"column\" data-e-type=\"column\">\n\t\t\t<div class=\"elementor-widget-wrap elementor-element-populated\">\n\t\t\t\t\t\t<div class=\"elementor-element elementor-element-480164e elementor-widget elementor-widget-image\" data-id=\"480164e\" data-element_type=\"widget\" data-e-type=\"widget\" data-widget_type=\"image.default\">\n\t\t\t\t<div class=\"elementor-widget-container\">\n\t\t\t\t\t\t\t\t\t\t\t\t\t\t\t<img decoding=\"async\" width=\"1024\" height=\"576\" src=\"https:\/\/www.museosdemequinenza.com\/wp-content\/uploads\/2023\/03\/pvmequinensa-e1678818152630-1024x576.jpeg\" class=\"attachment-large size-large wp-image-8778\" alt=\"\" srcset=\"https:\/\/www.museosdemequinenza.com\/wp-content\/uploads\/2023\/03\/pvmequinensa-e1678818152630-1024x576.jpeg 1024w, https:\/\/www.museosdemequinenza.com\/wp-content\/uploads\/2023\/03\/pvmequinensa-e1678818152630-300x169.jpeg 300w, https:\/\/www.museosdemequinenza.com\/wp-content\/uploads\/2023\/03\/pvmequinensa-e1678818152630-768x432.jpeg 768w, https:\/\/www.museosdemequinenza.com\/wp-content\/uploads\/2023\/03\/pvmequinensa-e1678818152630-18x10.jpeg 18w, https:\/\/www.museosdemequinenza.com\/wp-content\/uploads\/2023\/03\/pvmequinensa-e1678818152630.jpeg 1300w\" sizes=\"(max-width: 1024px) 100vw, 1024px\" \/>\t\t\t\t\t\t\t\t\t\t\t\t\t\t\t<\/div>\n\t\t\t\t<\/div>\n\t\t\t\t\t<\/div>\n\t\t<\/div>\n\t\t\t\t<div class=\"elementor-column elementor-col-50 elementor-inner-column elementor-element elementor-element-e21ccc7\" data-id=\"e21ccc7\" data-element_type=\"column\" data-e-type=\"column\">\n\t\t\t<div class=\"elementor-widget-wrap elementor-element-populated\">\n\t\t\t\t\t\t<div class=\"elementor-element elementor-element-d7ea59e elementor-widget elementor-widget-image\" data-id=\"d7ea59e\" data-element_type=\"widget\" data-e-type=\"widget\" data-widget_type=\"image.default\">\n\t\t\t\t<div class=\"elementor-widget-container\">\n\t\t\t\t\t\t\t\t\t\t\t\t\t\t\t<img decoding=\"async\" width=\"1024\" height=\"576\" src=\"https:\/\/www.museosdemequinenza.com\/wp-content\/uploads\/2023\/03\/pvmequinensa5-e1678818847370-1024x576.jpeg\" class=\"attachment-large size-large wp-image-8784\" alt=\"\" srcset=\"https:\/\/www.museosdemequinenza.com\/wp-content\/uploads\/2023\/03\/pvmequinensa5-e1678818847370-1024x576.jpeg 1024w, https:\/\/www.museosdemequinenza.com\/wp-content\/uploads\/2023\/03\/pvmequinensa5-e1678818847370-300x169.jpeg 300w, https:\/\/www.museosdemequinenza.com\/wp-content\/uploads\/2023\/03\/pvmequinensa5-e1678818847370-768x432.jpeg 768w, https:\/\/www.museosdemequinenza.com\/wp-content\/uploads\/2023\/03\/pvmequinensa5-e1678818847370-18x10.jpeg 18w, https:\/\/www.museosdemequinenza.com\/wp-content\/uploads\/2023\/03\/pvmequinensa5-e1678818847370.jpeg 1300w\" sizes=\"(max-width: 1024px) 100vw, 1024px\" \/>\t\t\t\t\t\t\t\t\t\t\t\t\t\t\t<\/div>\n\t\t\t\t<\/div>\n\t\t\t\t\t<\/div>\n\t\t<\/div>\n\t\t\t\t\t<\/div>\n\t\t<\/section>\n\t\t\t\t<div class=\"elementor-element elementor-element-43d8986 elementor-widget elementor-widget-text-editor\" data-id=\"43d8986\" data-element_type=\"widget\" data-e-type=\"widget\" data-widget_type=\"text-editor.default\">\n\t\t\t\t<div class=\"elementor-widget-container\">\n\t\t\t\t\t\t\t\t\t<p><span style=\"font-size: 16px; color: var( --e-global-color-text );\">\u00a0<\/span><\/p><p><span style=\"font-size: 16px; color: var( --e-global-color-text );\">A partir de fragments de les seves obres m\u00e9s conegudes, per\u00f2 sobretot a partir de \u00ab<i>Cam\u00ed de Sirga<\/i>\u00ab, \u00ab<i>Hist\u00f2ries de la m\u00e0 esquerra<\/i>\u00bb i \u00ab<i>El caf\u00e8 de la granota<\/i>\u00ab, podr\u00e0s rec\u00f3rrer diferents espais retratats liter\u00e0riament per <b>Moncada<\/b>, coneixent-ne la hist\u00f2ria i les curiositats.\u00a0<\/span><span style=\"font-family: Roboto, sans-serif; font-size: 16px; font-style: normal; font-weight: 400; color: var( --e-global-color-text );\">Espais que ens endinsen en el singular univers literari d'aquella <\/span><span style=\"font-family: Roboto, sans-serif; font-size: 16px; font-style: normal; color: var( --e-global-color-text );\"><b>Mequinensa <\/b><\/span><span style=\"font-family: Roboto, sans-serif; font-size: 16px; font-style: normal; color: var( --e-global-color-text );\"><b>desapareguda<\/b><\/span><span style=\"font-family: Roboto, sans-serif; font-size: 16px; font-style: normal; font-weight: 400; color: var( --e-global-color-text );\">, a mig cam\u00ed moltes vegades entre el drama i la com\u00e8dia. Un m\u00f3n gaireb\u00e9 m\u00edtic, amerat d'humor, ironia, s\u00e0tira i tendresa amb un estil caracteritzat per l'\u00fas d'un l\u00e8xic i una fraseologia molt expressius i propis del catal\u00e0 de <\/span><span style=\"font-family: Roboto, sans-serif; font-size: 16px; font-style: normal; color: var( --e-global-color-text );\"><b>Mequinensa<\/b><\/span><span style=\"font-family: Roboto, sans-serif; font-size: 16px; font-style: normal; font-weight: 400; color: var( --e-global-color-text );\">.<\/span><\/p>\t\t\t\t\t\t\t\t<\/div>\n\t\t\t\t<\/div>\n\t\t\t\t<section class=\"elementor-section elementor-inner-section elementor-element elementor-element-356a1fb elementor-section-boxed elementor-section-height-default elementor-section-height-default\" data-id=\"356a1fb\" data-element_type=\"section\" data-e-type=\"section\">\n\t\t\t\t\t\t<div class=\"elementor-container elementor-column-gap-default\">\n\t\t\t\t\t<div class=\"elementor-column elementor-col-50 elementor-inner-column elementor-element elementor-element-8233cb7\" data-id=\"8233cb7\" data-element_type=\"column\" data-e-type=\"column\">\n\t\t\t<div class=\"elementor-widget-wrap elementor-element-populated\">\n\t\t\t\t\t\t<div class=\"elementor-element elementor-element-92cf5dd elementor-widget elementor-widget-text-editor\" data-id=\"92cf5dd\" data-element_type=\"widget\" data-e-type=\"widget\" data-widget_type=\"text-editor.default\">\n\t\t\t\t<div class=\"elementor-widget-container\">\n\t\t\t\t\t\t\t\t\t<blockquote><p style=\"text-align: left;\">Pilans i parets mestres van esberlar-se bruscament; una fragor eixordadora en la qual es barrejaven el cruixir de j\u00e0sseres i bigues, l\u2019ensulsiada d\u2019escales, trespols, envans i revoltons, l\u2019esmicolament de vidres i la trencadissa de maons, teules i rajoles, va retrunyir per la Baixada de la Ferradura mentre la casa s\u2019esfondrava sense remei.<\/p><\/blockquote><p style=\"text-align: right;\"><em>Cam\u00ed de Sirga<\/em>, <strong>Jes\u00fas Moncada<\/strong><\/p>\t\t\t\t\t\t\t\t<\/div>\n\t\t\t\t<\/div>\n\t\t\t\t\t<\/div>\n\t\t<\/div>\n\t\t\t\t<div class=\"elementor-column elementor-col-50 elementor-inner-column elementor-element elementor-element-f1d9c34\" data-id=\"f1d9c34\" data-element_type=\"column\" data-e-type=\"column\">\n\t\t\t<div class=\"elementor-widget-wrap elementor-element-populated\">\n\t\t\t\t\t\t<div class=\"elementor-element elementor-element-34d330a elementor-widget elementor-widget-image\" data-id=\"34d330a\" data-element_type=\"widget\" data-e-type=\"widget\" data-widget_type=\"image.default\">\n\t\t\t\t<div class=\"elementor-widget-container\">\n\t\t\t\t\t\t\t\t\t\t\t\t\t\t\t<img loading=\"lazy\" decoding=\"async\" width=\"1140\" height=\"760\" src=\"https:\/\/www.museosdemequinenza.com\/wp-content\/uploads\/2023\/09\/DgN6m-XXUAAemjM-1140x760.jpeg\" class=\"attachment-column1-2\/3 size-column1-2\/3 wp-image-9822\" alt=\"\" srcset=\"https:\/\/www.museosdemequinenza.com\/wp-content\/uploads\/2023\/09\/DgN6m-XXUAAemjM-1140x760.jpeg 1140w, https:\/\/www.museosdemequinenza.com\/wp-content\/uploads\/2023\/09\/DgN6m-XXUAAemjM-18x12.jpeg 18w, https:\/\/www.museosdemequinenza.com\/wp-content\/uploads\/2023\/09\/DgN6m-XXUAAemjM-570x380.jpeg 570w, https:\/\/www.museosdemequinenza.com\/wp-content\/uploads\/2023\/09\/DgN6m-XXUAAemjM-380x254.jpeg 380w, https:\/\/www.museosdemequinenza.com\/wp-content\/uploads\/2023\/09\/DgN6m-XXUAAemjM-285x190.jpeg 285w\" sizes=\"(max-width: 1140px) 100vw, 1140px\" \/>\t\t\t\t\t\t\t\t\t\t\t\t\t\t\t<\/div>\n\t\t\t\t<\/div>\n\t\t\t\t\t<\/div>\n\t\t<\/div>\n\t\t\t\t\t<\/div>\n\t\t<\/section>\n\t\t\t\t<section class=\"elementor-section elementor-inner-section elementor-element elementor-element-f70d20a elementor-section-boxed elementor-section-height-default elementor-section-height-default\" data-id=\"f70d20a\" data-element_type=\"section\" data-e-type=\"section\">\n\t\t\t\t\t\t<div class=\"elementor-container elementor-column-gap-default\">\n\t\t\t\t\t<div class=\"elementor-column elementor-col-50 elementor-inner-column elementor-element elementor-element-37c5b9b\" data-id=\"37c5b9b\" data-element_type=\"column\" data-e-type=\"column\">\n\t\t\t<div class=\"elementor-widget-wrap elementor-element-populated\">\n\t\t\t\t\t\t<div class=\"elementor-element elementor-element-67739b3 elementor-widget elementor-widget-image\" data-id=\"67739b3\" data-element_type=\"widget\" data-e-type=\"widget\" data-widget_type=\"image.default\">\n\t\t\t\t<div class=\"elementor-widget-container\">\n\t\t\t\t\t\t\t\t\t\t\t\t\t\t\t<img loading=\"lazy\" decoding=\"async\" width=\"1140\" height=\"760\" src=\"https:\/\/www.museosdemequinenza.com\/wp-content\/uploads\/2023\/09\/LLAUT-MEQUINENZA-A-FAYON-1-1140x760.jpg\" class=\"attachment-column1-2\/3 size-column1-2\/3 wp-image-9821\" alt=\"\" srcset=\"https:\/\/www.museosdemequinenza.com\/wp-content\/uploads\/2023\/09\/LLAUT-MEQUINENZA-A-FAYON-1-1140x760.jpg 1140w, https:\/\/www.museosdemequinenza.com\/wp-content\/uploads\/2023\/09\/LLAUT-MEQUINENZA-A-FAYON-1-16x12.jpg 16w, https:\/\/www.museosdemequinenza.com\/wp-content\/uploads\/2023\/09\/LLAUT-MEQUINENZA-A-FAYON-1-570x380.jpg 570w, https:\/\/www.museosdemequinenza.com\/wp-content\/uploads\/2023\/09\/LLAUT-MEQUINENZA-A-FAYON-1-380x254.jpg 380w, https:\/\/www.museosdemequinenza.com\/wp-content\/uploads\/2023\/09\/LLAUT-MEQUINENZA-A-FAYON-1-285x190.jpg 285w\" sizes=\"(max-width: 1140px) 100vw, 1140px\" \/>\t\t\t\t\t\t\t\t\t\t\t\t\t\t\t<\/div>\n\t\t\t\t<\/div>\n\t\t\t\t\t<\/div>\n\t\t<\/div>\n\t\t\t\t<div class=\"elementor-column elementor-col-50 elementor-inner-column elementor-element elementor-element-dcba859\" data-id=\"dcba859\" data-element_type=\"column\" data-e-type=\"column\">\n\t\t\t<div class=\"elementor-widget-wrap elementor-element-populated\">\n\t\t\t\t\t\t<div class=\"elementor-element elementor-element-279243c elementor-widget elementor-widget-text-editor\" data-id=\"279243c\" data-element_type=\"widget\" data-e-type=\"widget\" data-widget_type=\"text-editor.default\">\n\t\t\t\t<div class=\"elementor-widget-container\">\n\t\t\t\t\t\t\t\t\t<blockquote><p>Grans n\u00favols tapaven aleshores els estels, la fosca embolcallava la nau. Nom\u00e9s sentien el lliscar de l\u2019aigua pels flancs del lla\u00fct, el soroll dels unglots del matxo pel cam\u00ed de sirga, la fregadissa de la saula a les branques d\u2019alguna mata i, ara i ad\u00e9s, les ordres breus del pe\u00f3 que guiava la cavalleria. Un parell d\u2019hores m\u00e9s tard sonaren veus a la riba, les passes del matxo van cessar i la corda que unia la b\u00e8stia a la nau es va afluixar.<\/p><\/blockquote><p style=\"text-align: right;\"><em>Cam\u00ed de Sirga,<\/em><strong> Jes\u00fas Moncada<\/strong><\/p>\t\t\t\t\t\t\t\t<\/div>\n\t\t\t\t<\/div>\n\t\t\t\t\t<\/div>\n\t\t<\/div>\n\t\t\t\t\t<\/div>\n\t\t<\/section>\n\t\t\t\t<section class=\"elementor-section elementor-inner-section elementor-element elementor-element-3363e18 elementor-section-boxed elementor-section-height-default elementor-section-height-default\" data-id=\"3363e18\" data-element_type=\"section\" data-e-type=\"section\">\n\t\t\t\t\t\t<div class=\"elementor-container elementor-column-gap-default\">\n\t\t\t\t\t<div class=\"elementor-column elementor-col-50 elementor-inner-column elementor-element elementor-element-1c852d2\" data-id=\"1c852d2\" data-element_type=\"column\" data-e-type=\"column\">\n\t\t\t<div class=\"elementor-widget-wrap elementor-element-populated\">\n\t\t\t\t\t\t<div class=\"elementor-element elementor-element-3fce670 elementor-alert-info elementor-widget elementor-widget-alert\" data-id=\"3fce670\" data-element_type=\"widget\" data-e-type=\"widget\" data-widget_type=\"alert.default\">\n\t\t\t\t<div class=\"elementor-widget-container\">\n\t\t\t\t\t\t\t<div class=\"elementor-alert\" role=\"alert\">\n\n\t\t\t\t\t\t<span class=\"elementor-alert-title\">INFORMACI\u00d3 I RESERVES<\/span>\n\t\t\t\n\t\t\t\t\t\t<span class=\"elementor-alert-description\"><br><b>Itinerari:<\/b> Ruta guiada pel Poble Vell de Mequinensa recorrent diversos espais literaris singulars que Jes\u00fas Moncada va immortalitzar a les seves obres.<br>\n\n<b>Punt d'inici: <\/b>\n\nMuseu de la Hist\u00f2ria de Mequinensa<br>\n\n<b>Temps aproximat:<\/b> 1 hora\n<br>\n\n<b>P\u00fablic:<\/b> Grups a partir de 15 persones. Per gaudir de la ruta \u00e9s interessant llegir els llibres de Jes\u00fas Moncada: Hist\u00f2ries de la m\u00e0 esquerra, El caf\u00e8 de la granota o Cam\u00ed de Sirga.<br>\n<b> Reserves: <\/b>  Imprescindible reserva pr\u00e8via al 974 464 705 o a info@museosdemequinenza.com<\/span>\n\t\t\t\n\t\t\t\t\t\t<button type=\"button\" class=\"elementor-alert-dismiss\" aria-label=\"Descartar esta alerta.\">\n\t\t\t\t\t\t\t\t\t<span aria-hidden=\"true\">\u00d7<\/span>\n\t\t\t\t\t\t\t<\/button>\n\t\t\t\n\t\t<\/div>\n\t\t\t\t\t\t<\/div>\n\t\t\t\t<\/div>\n\t\t\t\t\t<\/div>\n\t\t<\/div>\n\t\t\t\t<div class=\"elementor-column elementor-col-50 elementor-inner-column elementor-element elementor-element-3e9d73b\" data-id=\"3e9d73b\" data-element_type=\"column\" data-e-type=\"column\">\n\t\t\t<div class=\"elementor-widget-wrap elementor-element-populated\">\n\t\t\t\t\t\t<div class=\"elementor-element elementor-element-c995df0 elementor-widget elementor-widget-image\" data-id=\"c995df0\" data-element_type=\"widget\" data-e-type=\"widget\" data-widget_type=\"image.default\">\n\t\t\t\t<div class=\"elementor-widget-container\">\n\t\t\t\t\t\t\t\t\t\t\t\t\t\t\t<img loading=\"lazy\" decoding=\"async\" width=\"1024\" height=\"512\" src=\"https:\/\/www.museosdemequinenza.com\/wp-content\/uploads\/2023\/09\/Old_Town_of_Mequinenza-lanczos3-1024x512.jpg\" class=\"attachment-large size-large wp-image-9839\" alt=\"\" srcset=\"https:\/\/www.museosdemequinenza.com\/wp-content\/uploads\/2023\/09\/Old_Town_of_Mequinenza-lanczos3-1024x512.jpg 1024w, https:\/\/www.museosdemequinenza.com\/wp-content\/uploads\/2023\/09\/Old_Town_of_Mequinenza-lanczos3-300x150.jpg 300w, https:\/\/www.museosdemequinenza.com\/wp-content\/uploads\/2023\/09\/Old_Town_of_Mequinenza-lanczos3-768x384.jpg 768w, https:\/\/www.museosdemequinenza.com\/wp-content\/uploads\/2023\/09\/Old_Town_of_Mequinenza-lanczos3-1536x768.jpg 1536w, https:\/\/www.museosdemequinenza.com\/wp-content\/uploads\/2023\/09\/Old_Town_of_Mequinenza-lanczos3-18x9.jpg 18w, https:\/\/www.museosdemequinenza.com\/wp-content\/uploads\/2023\/09\/Old_Town_of_Mequinenza-lanczos3-570x285.jpg 570w, https:\/\/www.museosdemequinenza.com\/wp-content\/uploads\/2023\/09\/Old_Town_of_Mequinenza-lanczos3-380x190.jpg 380w, https:\/\/www.museosdemequinenza.com\/wp-content\/uploads\/2023\/09\/Old_Town_of_Mequinenza-lanczos3-285x143.jpg 285w, https:\/\/www.museosdemequinenza.com\/wp-content\/uploads\/2023\/09\/Old_Town_of_Mequinenza-lanczos3.jpg 2048w\" sizes=\"(max-width: 1024px) 100vw, 1024px\" \/>\t\t\t\t\t\t\t\t\t\t\t\t\t\t\t<\/div>\n\t\t\t\t<\/div>\n\t\t\t\t\t<\/div>\n\t\t<\/div>\n\t\t\t\t\t<\/div>\n\t\t<\/section>\n\t\t\t\t\t<\/div>\n\t\t<\/div>\n\t\t\t\t\t<\/div>\n\t\t<\/section>\n\t\t\t\t<\/div>","protected":false},"excerpt":{"rendered":"<p>Moncada y Mequinenza son el punto de partida de esta experiencia literaria, del mismo modo que tambi\u00e9n lo era para los lla\u00fcts cargados de carb\u00f3n que surcaban el Ebro a trav\u00e9s del milenario \u201cCamino de Sirga\u201d. De la mano de fragmentos de sus obras literarias, os invitamos a descubrir en una ruta guiada los espacios,del<\/p>\n<p><a href=\"https:\/\/www.museosdemequinenza.com\/ca\/ruta-literaria-jesus-moncada\/\" class=\"more-link themebutton\">Read More<\/a><\/p>","protected":false},"author":1,"featured_media":9786,"parent":0,"menu_order":0,"comment_status":"closed","ping_status":"closed","template":"","meta":{"_monsterinsights_skip_tracking":false,"_monsterinsights_sitenote_active":false,"_monsterinsights_sitenote_note":"","_monsterinsights_sitenote_category":0,"footnotes":""},"class_list":["post-9784","page","type-page","status-publish","has-post-thumbnail","hentry"],"aioseo_notices":[],"_links":{"self":[{"href":"https:\/\/www.museosdemequinenza.com\/ca\/wp-json\/wp\/v2\/pages\/9784","targetHints":{"allow":["GET"]}}],"collection":[{"href":"https:\/\/www.museosdemequinenza.com\/ca\/wp-json\/wp\/v2\/pages"}],"about":[{"href":"https:\/\/www.museosdemequinenza.com\/ca\/wp-json\/wp\/v2\/types\/page"}],"author":[{"embeddable":true,"href":"https:\/\/www.museosdemequinenza.com\/ca\/wp-json\/wp\/v2\/users\/1"}],"replies":[{"embeddable":true,"href":"https:\/\/www.museosdemequinenza.com\/ca\/wp-json\/wp\/v2\/comments?post=9784"}],"version-history":[{"count":25,"href":"https:\/\/www.museosdemequinenza.com\/ca\/wp-json\/wp\/v2\/pages\/9784\/revisions"}],"predecessor-version":[{"id":9842,"href":"https:\/\/www.museosdemequinenza.com\/ca\/wp-json\/wp\/v2\/pages\/9784\/revisions\/9842"}],"wp:featuredmedia":[{"embeddable":true,"href":"https:\/\/www.museosdemequinenza.com\/ca\/wp-json\/wp\/v2\/media\/9786"}],"wp:attachment":[{"href":"https:\/\/www.museosdemequinenza.com\/ca\/wp-json\/wp\/v2\/media?parent=9784"}],"curies":[{"name":"wp","href":"https:\/\/api.w.org\/{rel}","templated":true}]}}