{"id":9529,"date":"2023-08-16T09:38:31","date_gmt":"2023-08-16T07:38:31","guid":{"rendered":"https:\/\/www.museosdemequinenza.com\/?page_id=9529"},"modified":"2024-04-26T11:23:00","modified_gmt":"2024-04-26T09:23:00","slug":"museo-de-la-mina-5","status":"publish","type":"page","link":"https:\/\/www.museosdemequinenza.com\/ca\/museo-de-la-mina-5\/","title":{"rendered":"Descubre el \u00fanico museo minero visitable de la prov\u00edncia de Zaragoza"},"content":{"rendered":"<div data-elementor-type=\"wp-page\" data-elementor-id=\"9529\" class=\"elementor elementor-9529\">\n\t\t\t\t\t\t<section class=\"elementor-section elementor-top-section elementor-element elementor-element-0d1e403 elementor-section-boxed elementor-section-height-default elementor-section-height-default\" data-id=\"0d1e403\" data-element_type=\"section\" data-e-type=\"section\">\n\t\t\t\t\t\t<div class=\"elementor-container elementor-column-gap-default\">\n\t\t\t\t\t<div class=\"elementor-column elementor-col-100 elementor-top-column elementor-element elementor-element-f30af51\" data-id=\"f30af51\" data-element_type=\"column\" data-e-type=\"column\">\n\t\t\t<div class=\"elementor-widget-wrap elementor-element-populated\">\n\t\t\t\t\t\t<div class=\"elementor-element elementor-element-5da07d0 elementor-widget elementor-widget-image\" data-id=\"5da07d0\" data-element_type=\"widget\" data-e-type=\"widget\" data-widget_type=\"image.default\">\n\t\t\t\t<div class=\"elementor-widget-container\">\n\t\t\t\t\t\t\t\t\t\t\t\t\t\t\t<img fetchpriority=\"high\" decoding=\"async\" width=\"1024\" height=\"340\" src=\"https:\/\/www.museosdemequinenza.com\/wp-content\/uploads\/2018\/05\/MUSEO-DE-LA-MINA4-e1546529539626-1024x340.jpg\" class=\"attachment-large size-large wp-image-520\" alt=\"\" srcset=\"https:\/\/www.museosdemequinenza.com\/wp-content\/uploads\/2018\/05\/MUSEO-DE-LA-MINA4-e1546529539626-1024x340.jpg 1024w, https:\/\/www.museosdemequinenza.com\/wp-content\/uploads\/2018\/05\/MUSEO-DE-LA-MINA4-e1546529539626-300x100.jpg 300w, https:\/\/www.museosdemequinenza.com\/wp-content\/uploads\/2018\/05\/MUSEO-DE-LA-MINA4-e1546529539626-768x255.jpg 768w, https:\/\/www.museosdemequinenza.com\/wp-content\/uploads\/2018\/05\/MUSEO-DE-LA-MINA4-e1546529539626-1140x380.jpg 1140w, https:\/\/www.museosdemequinenza.com\/wp-content\/uploads\/2018\/05\/MUSEO-DE-LA-MINA4-e1546529539626-380x127.jpg 380w\" sizes=\"(max-width: 1024px) 100vw, 1024px\" \/>\t\t\t\t\t\t\t\t\t\t\t\t\t\t\t<\/div>\n\t\t\t\t<\/div>\n\t\t\t\t<div class=\"elementor-element elementor-element-bc51f6d elementor-widget elementor-widget-text-editor\" data-id=\"bc51f6d\" data-element_type=\"widget\" data-e-type=\"widget\" data-widget_type=\"text-editor.default\">\n\t\t\t\t<div class=\"elementor-widget-container\">\n\t\t\t\t\t\t\t\t\t<h2>En Mequinenza, descubre un museo en una mina que te descubre c\u00f3mo eran las antiguas minas\u00a0 subterr\u00e1neas con un recorrido por sus galer\u00edas para conocer el duro trabajo de los mineros.<\/h2>\t\t\t\t\t\t\t\t<\/div>\n\t\t\t\t<\/div>\n\t\t\t\t<div class=\"elementor-element elementor-element-56401bf elementor-widget elementor-widget-text-editor\" data-id=\"56401bf\" data-element_type=\"widget\" data-e-type=\"widget\" data-widget_type=\"text-editor.default\">\n\t\t\t\t<div class=\"elementor-widget-container\">\n\t\t\t\t\t\t\t\t\t<p><span style=\"font-size: 16px; color: var( --e-global-color-text );\">Situado en un enclave privilegiado a los pies de la monta\u00f1a del <\/span><strong><a href=\"https:\/\/www.museosdemequinenza.com\/ca\/castillo-de-mequinenza\/\">Castell de Mequinensa<\/a><\/strong><span style=\"font-size: 16px; color: var( --e-global-color-text );\"> y junto al <\/span><a href=\"https:\/\/www.museosdemequinenza.com\/ca\/aiguabarreig-de-mequinenza\/\"><b style=\"font-family: inherit; font-style: inherit; color: var( --e-global-color-text );\">Aiguabarreig<\/b><\/a><span style=\"font-size: 16px; color: var( --e-global-color-text );\"> -la confluencia fluvial m\u00e1s grande de Europa- y dentro del conocido como\u00a0<\/span><b style=\"font-family: inherit; font-style: inherit; color: var( --e-global-color-text );\">Mar de Arag\u00f3n<\/b><span style=\"font-size: 16px; color: var( --e-global-color-text );\">, se ubica el <\/span><a href=\"https:\/\/www.museosdemequinenza.com\/ca\/museo-de-la-mina-de-mequinenza\/\"><b style=\"font-family: inherit; font-style: inherit; color: var( --e-global-color-text );\">Museu de la Mina de Mequinensa<\/b><\/a><span style=\"font-size: 16px; color: var( --e-global-color-text );\">. Un espacio donde podr\u00e1s adentrarte en las antiguas galer\u00edas mineras y conocer en profundidad c\u00f3mo trabajaban los mineros en esta cuenca minera aragonesa.<\/span><\/p><p>Prep\u00e1rate y coge tu casco antes de entrar para conocer el trabajo minero. Recorre galer\u00edas donde se muestran los sistemas de trabajo, conoce las medidas de seguridad de los mineros y como fueron evolucionando sus sistemas de trabajo a trav\u00e9s de maquinaria real y fotograf\u00edas hist\u00f3ricas. \u00a1Y todo ello a una temperatura idea entre 16 y 18\u00baC durante todo el a\u00f1o!<\/p>\t\t\t\t\t\t\t\t<\/div>\n\t\t\t\t<\/div>\n\t\t\t\t<section class=\"elementor-section elementor-inner-section elementor-element elementor-element-f135b2a elementor-section-boxed elementor-section-height-default elementor-section-height-default\" data-id=\"f135b2a\" data-element_type=\"section\" data-e-type=\"section\">\n\t\t\t\t\t\t<div class=\"elementor-container elementor-column-gap-default\">\n\t\t\t\t\t<div class=\"elementor-column elementor-col-50 elementor-inner-column elementor-element elementor-element-1dcd084\" data-id=\"1dcd084\" data-element_type=\"column\" data-e-type=\"column\">\n\t\t\t<div class=\"elementor-widget-wrap elementor-element-populated\">\n\t\t\t\t\t\t<div class=\"elementor-element elementor-element-bdd0e39 elementor-widget elementor-widget-image\" data-id=\"bdd0e39\" data-element_type=\"widget\" data-e-type=\"widget\" data-widget_type=\"image.default\">\n\t\t\t\t<div class=\"elementor-widget-container\">\n\t\t\t\t\t\t\t\t\t\t\t\t\t\t\t<img decoding=\"async\" width=\"570\" height=\"285\" src=\"https:\/\/www.museosdemequinenza.com\/wp-content\/uploads\/2023\/08\/mequinenza-aiguabarreig-570x285.jpg\" class=\"attachment-column2-1\/2 size-column2-1\/2 wp-image-9532\" alt=\"\" srcset=\"https:\/\/www.museosdemequinenza.com\/wp-content\/uploads\/2023\/08\/mequinenza-aiguabarreig-570x285.jpg 570w, https:\/\/www.museosdemequinenza.com\/wp-content\/uploads\/2023\/08\/mequinenza-aiguabarreig-18x10.jpg 18w, https:\/\/www.museosdemequinenza.com\/wp-content\/uploads\/2023\/08\/mequinenza-aiguabarreig-380x190.jpg 380w, https:\/\/www.museosdemequinenza.com\/wp-content\/uploads\/2023\/08\/mequinenza-aiguabarreig-285x143.jpg 285w\" sizes=\"(max-width: 570px) 100vw, 570px\" \/>\t\t\t\t\t\t\t\t\t\t\t\t\t\t\t<\/div>\n\t\t\t\t<\/div>\n\t\t\t\t\t<\/div>\n\t\t<\/div>\n\t\t\t\t<div class=\"elementor-column elementor-col-50 elementor-inner-column elementor-element elementor-element-3a58eb7\" data-id=\"3a58eb7\" data-element_type=\"column\" data-e-type=\"column\">\n\t\t\t<div class=\"elementor-widget-wrap elementor-element-populated\">\n\t\t\t\t\t\t<div class=\"elementor-element elementor-element-dc99189 elementor-widget elementor-widget-image\" data-id=\"dc99189\" data-element_type=\"widget\" data-e-type=\"widget\" data-widget_type=\"image.default\">\n\t\t\t\t<div class=\"elementor-widget-container\">\n\t\t\t\t\t\t\t\t\t\t\t\t\t\t\t<img decoding=\"async\" width=\"570\" height=\"285\" src=\"https:\/\/www.museosdemequinenza.com\/wp-content\/uploads\/2021\/06\/Museo_de_la_Mina_de_Mequinenza-570x285.jpg\" class=\"attachment-column2-1\/2 size-column2-1\/2 wp-image-5400\" alt=\"\" srcset=\"https:\/\/www.museosdemequinenza.com\/wp-content\/uploads\/2021\/06\/Museo_de_la_Mina_de_Mequinenza-570x285.jpg 570w, https:\/\/www.museosdemequinenza.com\/wp-content\/uploads\/2021\/06\/Museo_de_la_Mina_de_Mequinenza-380x190.jpg 380w, https:\/\/www.museosdemequinenza.com\/wp-content\/uploads\/2021\/06\/Museo_de_la_Mina_de_Mequinenza-285x143.jpg 285w\" sizes=\"(max-width: 570px) 100vw, 570px\" \/>\t\t\t\t\t\t\t\t\t\t\t\t\t\t\t<\/div>\n\t\t\t\t<\/div>\n\t\t\t\t\t<\/div>\n\t\t<\/div>\n\t\t\t\t\t<\/div>\n\t\t<\/section>\n\t\t\t\t<div class=\"elementor-element elementor-element-3ab6da7 elementor-widget elementor-widget-text-editor\" data-id=\"3ab6da7\" data-element_type=\"widget\" data-e-type=\"widget\" data-widget_type=\"text-editor.default\">\n\t\t\t\t<div class=\"elementor-widget-container\">\n\t\t\t\t\t\t\t\t\t<p>El Museo de la Mina de Mequinenza tiene una <b>galer\u00eda visitable<\/b> de 1 kil\u00f3metro de recorrido, totalmente acondicionado y accesible para personas con movilidad reducida. El gu\u00eda, presente durante toda la visita, conduce\u00a0 los visitantes por las galer\u00edas, explicando los detalles del <b>duro trabajo de los mineros<\/b> a trav\u00e9s de recreaciones de los espacios de trabajo, de material y m\u00e1quinas aut\u00e9nticas, y de audiovisuales que facilitan la comprensi\u00f3n de esta historia minera.<\/p><p>La visita tambi\u00e9n permite conocer una de las grandes curiosidades de esta cuenca minera, ya que el<b> transporte del carb\u00f3n<\/b> se realizaba a trav\u00e9s del r\u00edo Ebro en unas grandes barcazas tradicionales de madera denominadas <b>llauts<\/b>. Era la \u00fanica cuenca minera de Espa\u00f1a donde el transporte del carb\u00f3n se realizaba habitualmente a trav\u00e9s de los r\u00edos hasta que se construyeron los <b>embassaments <\/b>de Ribarroja de Ebro y Mequinenza.<\/p><p>\u00a0<\/p>\t\t\t\t\t\t\t\t<\/div>\n\t\t\t\t<\/div>\n\t\t\t\t<section class=\"elementor-section elementor-inner-section elementor-element elementor-element-8eb527b elementor-section-boxed elementor-section-height-default elementor-section-height-default\" data-id=\"8eb527b\" data-element_type=\"section\" data-e-type=\"section\">\n\t\t\t\t\t\t<div class=\"elementor-container elementor-column-gap-default\">\n\t\t\t\t\t<div class=\"elementor-column elementor-col-50 elementor-inner-column elementor-element elementor-element-2d388f6\" data-id=\"2d388f6\" data-element_type=\"column\" data-e-type=\"column\">\n\t\t\t<div class=\"elementor-widget-wrap elementor-element-populated\">\n\t\t\t\t\t\t<div class=\"elementor-element elementor-element-540a36d elementor-widget elementor-widget-image\" data-id=\"540a36d\" data-element_type=\"widget\" data-e-type=\"widget\" data-widget_type=\"image.default\">\n\t\t\t\t<div class=\"elementor-widget-container\">\n\t\t\t\t\t\t\t\t\t\t\t\t\t\t\t<img loading=\"lazy\" decoding=\"async\" width=\"570\" height=\"285\" src=\"https:\/\/www.museosdemequinenza.com\/wp-content\/uploads\/2021\/06\/73313642_2369405033297834_309649704474378240_n-570x285.jpg\" class=\"attachment-column2-1\/2 size-column2-1\/2 wp-image-5398\" alt=\"\" srcset=\"https:\/\/www.museosdemequinenza.com\/wp-content\/uploads\/2021\/06\/73313642_2369405033297834_309649704474378240_n-570x285.jpg 570w, https:\/\/www.museosdemequinenza.com\/wp-content\/uploads\/2021\/06\/73313642_2369405033297834_309649704474378240_n-380x190.jpg 380w, https:\/\/www.museosdemequinenza.com\/wp-content\/uploads\/2021\/06\/73313642_2369405033297834_309649704474378240_n-285x143.jpg 285w\" sizes=\"(max-width: 570px) 100vw, 570px\" \/>\t\t\t\t\t\t\t\t\t\t\t\t\t\t\t<\/div>\n\t\t\t\t<\/div>\n\t\t\t\t\t<\/div>\n\t\t<\/div>\n\t\t\t\t<div class=\"elementor-column elementor-col-50 elementor-inner-column elementor-element elementor-element-6d505ee\" data-id=\"6d505ee\" data-element_type=\"column\" data-e-type=\"column\">\n\t\t\t<div class=\"elementor-widget-wrap elementor-element-populated\">\n\t\t\t\t\t\t<div class=\"elementor-element elementor-element-d9cd562 elementor-widget elementor-widget-image\" data-id=\"d9cd562\" data-element_type=\"widget\" data-e-type=\"widget\" data-widget_type=\"image.default\">\n\t\t\t\t<div class=\"elementor-widget-container\">\n\t\t\t\t\t\t\t\t\t\t\t\t\t\t\t<img loading=\"lazy\" decoding=\"async\" width=\"570\" height=\"285\" src=\"https:\/\/www.museosdemequinenza.com\/wp-content\/uploads\/2023\/08\/llauts-2-570x285.jpg\" class=\"attachment-column2-1\/2 size-column2-1\/2 wp-image-9533\" alt=\"\" srcset=\"https:\/\/www.museosdemequinenza.com\/wp-content\/uploads\/2023\/08\/llauts-2-570x285.jpg 570w, https:\/\/www.museosdemequinenza.com\/wp-content\/uploads\/2023\/08\/llauts-2-380x190.jpg 380w, https:\/\/www.museosdemequinenza.com\/wp-content\/uploads\/2023\/08\/llauts-2-285x143.jpg 285w\" sizes=\"(max-width: 570px) 100vw, 570px\" \/>\t\t\t\t\t\t\t\t\t\t\t\t\t\t\t<\/div>\n\t\t\t\t<\/div>\n\t\t\t\t\t<\/div>\n\t\t<\/div>\n\t\t\t\t\t<\/div>\n\t\t<\/section>\n\t\t\t\t<div class=\"elementor-element elementor-element-b389923 elementor-widget elementor-widget-text-editor\" data-id=\"b389923\" data-element_type=\"widget\" data-e-type=\"widget\" data-widget_type=\"text-editor.default\">\n\t\t\t\t<div class=\"elementor-widget-container\">\n\t\t\t\t\t\t\t\t\t<p>La aventura no s\u00f3lo termina en el interior de la mina. A orillas de la confluencia de tres r\u00edos, Mequinenza ofrece mucho m\u00e1s. Descubrir el importante patrimonio milenario en el <a href=\"http:\/\/www.msueosdemequinenza.com\/museo-de-la-historia\"><b>Museu de la Hist\u00f2ria<\/b><\/a>, la importante riqueza natural del<b> <a href=\"https:\/\/www.museosdemequinenza.com\/ca\/aiguabarreig-de-mequinenza\/\">Aiguabarreig<\/a><\/b>, conocer su imponente <a href=\"https:\/\/www.museosdemequinenza.com\/ca\/castillo-de-mequinenza\/\"><b>castillo medieval<\/b><\/a>, pasear tranquilamente por el antiguo <b><a href=\"https:\/\/www.museosdemequinenza.com\/ca\/pueblo-viejo-de-mequinenza\/\">Pueblo Viejo inundado<\/a> <\/b>hace 50 a\u00f1os, disfrutar de la pesca deportiva, practicar senderismo, bicicleta, kayak o remo, o sencillamente relajarte y disfrutar de sus paisajes y su milenaria cultura son alternativas para cuando finalices tu visita al <a href=\"https:\/\/www.museosdemequinenza.com\/ca\/museo-de-la-mina-de-mequinenza\/\"><b>Museu de la Mina de Mequinensa<\/b><\/a>. \u00a1Incluso podr\u00e1s hacer un relajante&nbsp;<a href=\"https:\/\/montsecactiva.com\/es\/mequinensa-activa\/\"><b>paseo con barca<\/b><\/a> por nuestros r\u00edos!<\/p>\t\t\t\t\t\t\t\t<\/div>\n\t\t\t\t<\/div>\n\t\t\t\t<section class=\"elementor-section elementor-inner-section elementor-element elementor-element-777c57d elementor-section-boxed elementor-section-height-default elementor-section-height-default\" data-id=\"777c57d\" data-element_type=\"section\" data-e-type=\"section\">\n\t\t\t\t\t\t<div class=\"elementor-container elementor-column-gap-default\">\n\t\t\t\t\t<div class=\"elementor-column elementor-col-50 elementor-inner-column elementor-element elementor-element-fdb92c1\" data-id=\"fdb92c1\" data-element_type=\"column\" data-e-type=\"column\">\n\t\t\t<div class=\"elementor-widget-wrap elementor-element-populated\">\n\t\t\t\t\t\t<div class=\"elementor-element elementor-element-8ff186c elementor-widget elementor-widget-image\" data-id=\"8ff186c\" data-element_type=\"widget\" data-e-type=\"widget\" data-widget_type=\"image.default\">\n\t\t\t\t<div class=\"elementor-widget-container\">\n\t\t\t\t\t\t\t\t\t\t\t\t\t\t\t<img loading=\"lazy\" decoding=\"async\" width=\"570\" height=\"285\" src=\"https:\/\/www.museosdemequinenza.com\/wp-content\/uploads\/2023\/05\/espana-europa-zaragoza-provincia-ciudad-de-mequinenza-iglesia-mequinenza-arquitectura-castillo-iglesia-destruida-historia-antigua-p-d0xht9-transformed-570x285.jpeg\" class=\"attachment-column2-1\/2 size-column2-1\/2 wp-image-9177\" alt=\"\" srcset=\"https:\/\/www.museosdemequinenza.com\/wp-content\/uploads\/2023\/05\/espana-europa-zaragoza-provincia-ciudad-de-mequinenza-iglesia-mequinenza-arquitectura-castillo-iglesia-destruida-historia-antigua-p-d0xht9-transformed-570x285.jpeg 570w, https:\/\/www.museosdemequinenza.com\/wp-content\/uploads\/2023\/05\/espana-europa-zaragoza-provincia-ciudad-de-mequinenza-iglesia-mequinenza-arquitectura-castillo-iglesia-destruida-historia-antigua-p-d0xht9-transformed-380x190.jpeg 380w, https:\/\/www.museosdemequinenza.com\/wp-content\/uploads\/2023\/05\/espana-europa-zaragoza-provincia-ciudad-de-mequinenza-iglesia-mequinenza-arquitectura-castillo-iglesia-destruida-historia-antigua-p-d0xht9-transformed-285x143.jpeg 285w\" sizes=\"(max-width: 570px) 100vw, 570px\" \/>\t\t\t\t\t\t\t\t\t\t\t\t\t\t\t<\/div>\n\t\t\t\t<\/div>\n\t\t\t\t\t<\/div>\n\t\t<\/div>\n\t\t\t\t<div class=\"elementor-column elementor-col-50 elementor-inner-column elementor-element elementor-element-e3d85f3\" data-id=\"e3d85f3\" data-element_type=\"column\" data-e-type=\"column\">\n\t\t\t<div class=\"elementor-widget-wrap elementor-element-populated\">\n\t\t\t\t\t\t<div class=\"elementor-element elementor-element-a150bad elementor-widget elementor-widget-image\" data-id=\"a150bad\" data-element_type=\"widget\" data-e-type=\"widget\" data-widget_type=\"image.default\">\n\t\t\t\t<div class=\"elementor-widget-container\">\n\t\t\t\t\t\t\t\t\t\t\t\t\t\t\t<img loading=\"lazy\" decoding=\"async\" width=\"570\" height=\"285\" src=\"https:\/\/www.museosdemequinenza.com\/wp-content\/uploads\/2023\/03\/pvmequinensa6-e1678818993726-570x285.jpeg\" class=\"attachment-column2-1\/2 size-column2-1\/2 wp-image-8785\" alt=\"\" srcset=\"https:\/\/www.museosdemequinenza.com\/wp-content\/uploads\/2023\/03\/pvmequinensa6-e1678818993726-570x285.jpeg 570w, https:\/\/www.museosdemequinenza.com\/wp-content\/uploads\/2023\/03\/pvmequinensa6-e1678818993726-18x10.jpeg 18w, https:\/\/www.museosdemequinenza.com\/wp-content\/uploads\/2023\/03\/pvmequinensa6-e1678818993726-380x190.jpeg 380w, https:\/\/www.museosdemequinenza.com\/wp-content\/uploads\/2023\/03\/pvmequinensa6-e1678818993726-285x143.jpeg 285w\" sizes=\"(max-width: 570px) 100vw, 570px\" \/>\t\t\t\t\t\t\t\t\t\t\t\t\t\t\t<\/div>\n\t\t\t\t<\/div>\n\t\t\t\t\t<\/div>\n\t\t<\/div>\n\t\t\t\t\t<\/div>\n\t\t<\/section>\n\t\t\t\t<div class=\"elementor-element elementor-element-716c7bf elementor-widget elementor-widget-text-editor\" data-id=\"716c7bf\" data-element_type=\"widget\" data-e-type=\"widget\" data-widget_type=\"text-editor.default\">\n\t\t\t\t<div class=\"elementor-widget-container\">\n\t\t\t\t\t\t\t\t\t<div>\n<div>\n<div>\n<div>\n<div>\n<div>\n<div>\n<div>\n<div>\n<div>\n<p>As\u00ed que si&nbsp; deseas adentrarte en el <b>mundo subterr\u00e1neo<\/b> que marc\u00f3 la historia de Mequinenza o quieres descubrir la <b>historia minera<\/b> de esta cuenca minera centenaria, el Museo de la Mina de Mequinenza te espera con las puertas abiertas para un viaje que seguro que recordar\u00e1s. Si deseas visitarlo, encontrar\u00e1s m\u00e1s informaci\u00f3n en <a href=\"https:\/\/www.museosdemequinenza.com\/ca\/museo-de-la-mina-de-mequinneza\/\"><b>nuestra p\u00e1gina web<\/b><\/a>&nbsp;y podr\u00e1s incluso<b> <a href=\"https:\/\/www.museosdemequinenza.com\/ca\/reserva-tu-visita\/\">reservar tu visita<\/a><\/b>.<\/p>\n<\/div>\n<\/div>\n<\/div>\n<\/div>\n<\/div>\n<\/div>\n<\/div>\n<\/div>\n<\/div>\n<\/div>\t\t\t\t\t\t\t\t<\/div>\n\t\t\t\t<\/div>\n\t\t\t\t<section class=\"elementor-section elementor-inner-section elementor-element elementor-element-9320b03 elementor-section-boxed elementor-section-height-default elementor-section-height-default\" data-id=\"9320b03\" data-element_type=\"section\" data-e-type=\"section\">\n\t\t\t\t\t\t<div class=\"elementor-container elementor-column-gap-default\">\n\t\t\t\t\t<div class=\"elementor-column elementor-col-50 elementor-inner-column elementor-element elementor-element-1f55fd6\" data-id=\"1f55fd6\" data-element_type=\"column\" data-e-type=\"column\">\n\t\t\t<div class=\"elementor-widget-wrap elementor-element-populated\">\n\t\t\t\t\t\t<div class=\"elementor-element elementor-element-c36a17e elementor-widget elementor-widget-video\" data-id=\"c36a17e\" data-element_type=\"widget\" data-e-type=\"widget\" data-settings=\"{&quot;youtube_url&quot;:&quot;https:\\\/\\\/youtu.be\\\/orfKeOIiND8&quot;,&quot;autoplay&quot;:&quot;yes&quot;,&quot;mute&quot;:&quot;yes&quot;,&quot;loop&quot;:&quot;yes&quot;,&quot;video_type&quot;:&quot;youtube&quot;,&quot;controls&quot;:&quot;yes&quot;}\" data-widget_type=\"video.default\">\n\t\t\t\t<div class=\"elementor-widget-container\">\n\t\t\t\t\t\t\t<div class=\"elementor-wrapper elementor-open-inline\">\n\t\t\t<div class=\"elementor-video\"><\/div>\t\t<\/div>\n\t\t\t\t\t\t<\/div>\n\t\t\t\t<\/div>\n\t\t\t\t\t<\/div>\n\t\t<\/div>\n\t\t\t\t<div class=\"elementor-column elementor-col-50 elementor-inner-column elementor-element elementor-element-84f7fb2\" data-id=\"84f7fb2\" data-element_type=\"column\" data-e-type=\"column\">\n\t\t\t<div class=\"elementor-widget-wrap elementor-element-populated\">\n\t\t\t\t\t\t<div class=\"elementor-element elementor-element-f88e27b elementor-widget elementor-widget-google_maps\" data-id=\"f88e27b\" data-element_type=\"widget\" data-e-type=\"widget\" data-widget_type=\"google_maps.default\">\n\t\t\t\t<div class=\"elementor-widget-container\">\n\t\t\t\t\t\t\t<div class=\"elementor-custom-embed\">\n\t\t\t<iframe loading=\"lazy\"\n\t\t\t\t\tsrc=\"https:\/\/maps.google.com\/maps?q=museo%20de%20la%20mina%20de%20mequinenza&#038;t=m&#038;z=10&#038;output=embed&#038;iwloc=near\"\n\t\t\t\t\ttitle=\"museo de la mina de mequinenza\"\n\t\t\t\t\taria-label=\"museo de la mina de mequinenza\"\n\t\t\t><\/iframe>\n\t\t<\/div>\n\t\t\t\t\t\t<\/div>\n\t\t\t\t<\/div>\n\t\t\t\t\t<\/div>\n\t\t<\/div>\n\t\t\t\t\t<\/div>\n\t\t<\/section>\n\t\t\t\t\t<\/div>\n\t\t<\/div>\n\t\t\t\t\t<\/div>\n\t\t<\/section>\n\t\t\t\t<\/div>","protected":false},"excerpt":{"rendered":"<p>En Mequinenza, descubre un museo en una mina que te descubre c\u00f3mo eran las antiguas minas\u00a0 subterr\u00e1neas con un recorrido por sus galer\u00edas para conocer el duro trabajo de los mineros. Situado en un enclave privilegiado a los pies de la monta\u00f1a del Castillo de Mequinenza y junto al Aiguabarreig -la confluencia fluvial m\u00e1s grande<\/p>\n<p><a href=\"https:\/\/www.museosdemequinenza.com\/ca\/museo-de-la-mina-5\/\" class=\"more-link themebutton\">Read More<\/a><\/p>","protected":false},"author":1,"featured_media":106,"parent":0,"menu_order":0,"comment_status":"closed","ping_status":"closed","template":"","meta":{"_monsterinsights_skip_tracking":false,"_monsterinsights_sitenote_active":false,"_monsterinsights_sitenote_note":"","_monsterinsights_sitenote_category":0,"footnotes":""},"class_list":["post-9529","page","type-page","status-publish","has-post-thumbnail","hentry"],"aioseo_notices":[],"_links":{"self":[{"href":"https:\/\/www.museosdemequinenza.com\/ca\/wp-json\/wp\/v2\/pages\/9529","targetHints":{"allow":["GET"]}}],"collection":[{"href":"https:\/\/www.museosdemequinenza.com\/ca\/wp-json\/wp\/v2\/pages"}],"about":[{"href":"https:\/\/www.museosdemequinenza.com\/ca\/wp-json\/wp\/v2\/types\/page"}],"author":[{"embeddable":true,"href":"https:\/\/www.museosdemequinenza.com\/ca\/wp-json\/wp\/v2\/users\/1"}],"replies":[{"embeddable":true,"href":"https:\/\/www.museosdemequinenza.com\/ca\/wp-json\/wp\/v2\/comments?post=9529"}],"version-history":[{"count":16,"href":"https:\/\/www.museosdemequinenza.com\/ca\/wp-json\/wp\/v2\/pages\/9529\/revisions"}],"predecessor-version":[{"id":10576,"href":"https:\/\/www.museosdemequinenza.com\/ca\/wp-json\/wp\/v2\/pages\/9529\/revisions\/10576"}],"wp:featuredmedia":[{"embeddable":true,"href":"https:\/\/www.museosdemequinenza.com\/ca\/wp-json\/wp\/v2\/media\/106"}],"wp:attachment":[{"href":"https:\/\/www.museosdemequinenza.com\/ca\/wp-json\/wp\/v2\/media?parent=9529"}],"curies":[{"name":"wp","href":"https:\/\/api.w.org\/{rel}","templated":true}]}}