{"id":9,"date":"2017-01-17T17:22:12","date_gmt":"2017-01-17T17:22:12","guid":{"rendered":"http:\/\/museosdemequinenza.com\/?page_id=9"},"modified":"2021-02-23T08:37:47","modified_gmt":"2021-02-23T08:37:47","slug":"museo-del-pasado-prehistorico","status":"publish","type":"page","link":"https:\/\/www.museosdemequinenza.com\/ca\/museo-del-pasado-prehistorico\/","title":{"rendered":"Museu del Passat Prehist\u00f2ric"},"content":{"rendered":"<div data-elementor-type=\"wp-post\" data-elementor-id=\"9\" class=\"elementor elementor-9\">\n\t\t\t\t\t\t<section class=\"elementor-section elementor-top-section elementor-element elementor-element-79d650a9 elementor-section-boxed elementor-section-height-default elementor-section-height-default\" data-id=\"79d650a9\" data-element_type=\"section\" data-e-type=\"section\">\n\t\t\t\t\t\t<div class=\"elementor-container elementor-column-gap-default\">\n\t\t\t\t\t<div class=\"elementor-column elementor-col-100 elementor-top-column elementor-element elementor-element-22e80e43\" data-id=\"22e80e43\" data-element_type=\"column\" data-e-type=\"column\">\n\t\t\t<div class=\"elementor-widget-wrap elementor-element-populated\">\n\t\t\t\t\t\t<div class=\"elementor-element elementor-element-94aba2f elementor-widget elementor-widget-image\" data-id=\"94aba2f\" data-element_type=\"widget\" data-e-type=\"widget\" data-widget_type=\"image.default\">\n\t\t\t\t<div class=\"elementor-widget-container\">\n\t\t\t\t\t\t\t\t\t\t\t\t\t\t\t<img fetchpriority=\"high\" decoding=\"async\" width=\"1140\" height=\"380\" src=\"https:\/\/www.museosdemequinenza.com\/wp-content\/uploads\/2019\/01\/Museo-del-Pasado-Prehisto\u0301rico-1140x380.jpg\" class=\"attachment-column1-1\/3 size-column1-1\/3 wp-image-955\" alt=\"\" srcset=\"https:\/\/www.museosdemequinenza.com\/wp-content\/uploads\/2019\/01\/Museo-del-Pasado-Prehisto\u0301rico-1140x380.jpg 1140w, https:\/\/www.museosdemequinenza.com\/wp-content\/uploads\/2019\/01\/Museo-del-Pasado-Prehisto\u0301rico-380x127.jpg 380w\" sizes=\"(max-width: 1140px) 100vw, 1140px\" \/>\t\t\t\t\t\t\t\t\t\t\t\t\t\t\t<\/div>\n\t\t\t\t<\/div>\n\t\t\t\t<div class=\"elementor-element elementor-element-8843250 elementor-widget-divider--view-line elementor-widget elementor-widget-divider\" data-id=\"8843250\" data-element_type=\"widget\" data-e-type=\"widget\" data-widget_type=\"divider.default\">\n\t\t\t\t<div class=\"elementor-widget-container\">\n\t\t\t\t\t\t\t<div class=\"elementor-divider\">\n\t\t\t<span class=\"elementor-divider-separator\">\n\t\t\t\t\t\t<\/span>\n\t\t<\/div>\n\t\t\t\t\t\t<\/div>\n\t\t\t\t<\/div>\n\t\t\t\t<div class=\"elementor-element elementor-element-2260d1c elementor-alert-danger elementor-widget elementor-widget-alert\" data-id=\"2260d1c\" data-element_type=\"widget\" data-e-type=\"widget\" data-widget_type=\"alert.default\">\n\t\t\t\t<div class=\"elementor-widget-container\">\n\t\t\t\t\t\t\t<div class=\"elementor-alert\" role=\"alert\">\n\n\t\t\t\t\t\t<span class=\"elementor-alert-title\">Comunicado Importante<\/span>\n\t\t\t\n\t\t\t\t\t\t<span class=\"elementor-alert-description\">Actualmente no es posible visitar el Museo del Pasado Prehist\u00f3rico.<\/span>\n\t\t\t\n\t\t\t\n\t\t<\/div>\n\t\t\t\t\t\t<\/div>\n\t\t\t\t<\/div>\n\t\t\t\t<div class=\"elementor-element elementor-element-085f5a5 elementor-widget-divider--view-line elementor-widget elementor-widget-divider\" data-id=\"085f5a5\" data-element_type=\"widget\" data-e-type=\"widget\" data-widget_type=\"divider.default\">\n\t\t\t\t<div class=\"elementor-widget-container\">\n\t\t\t\t\t\t\t<div class=\"elementor-divider\">\n\t\t\t<span class=\"elementor-divider-separator\">\n\t\t\t\t\t\t<\/span>\n\t\t<\/div>\n\t\t\t\t\t\t<\/div>\n\t\t\t\t<\/div>\n\t\t\t\t<div class=\"elementor-element elementor-element-fec56b0 elementor-widget elementor-widget-text-editor\" data-id=\"fec56b0\" data-element_type=\"widget\" data-e-type=\"widget\" data-widget_type=\"text-editor.default\">\n\t\t\t\t<div class=\"elementor-widget-container\">\n\t\t\t\t\t\t\t\t\t<h1>Descobreix els nostres avantpassats m\u00e9s prehist\u00f2rics.<\/h1>\t\t\t\t\t\t\t\t<\/div>\n\t\t\t\t<\/div>\n\t\t\t\t<section class=\"elementor-section elementor-inner-section elementor-element elementor-element-c308c45 elementor-section-boxed elementor-section-height-default elementor-section-height-default\" data-id=\"c308c45\" data-element_type=\"section\" data-e-type=\"section\">\n\t\t\t\t\t\t<div class=\"elementor-container elementor-column-gap-default\">\n\t\t\t\t\t<div class=\"elementor-column elementor-col-33 elementor-inner-column elementor-element elementor-element-ed5a2e8\" data-id=\"ed5a2e8\" data-element_type=\"column\" data-e-type=\"column\">\n\t\t\t<div class=\"elementor-widget-wrap elementor-element-populated\">\n\t\t\t\t\t\t<div class=\"elementor-element elementor-element-1b05dd5 elementor-widget elementor-widget-heading\" data-id=\"1b05dd5\" data-element_type=\"widget\" data-e-type=\"widget\" data-widget_type=\"heading.default\">\n\t\t\t\t<div class=\"elementor-widget-container\">\n\t\t\t\t\t<h1 class=\"elementor-heading-title elementor-size-default\"><span class=\"dashicons dashicons-arrow-right-alt2\"><\/span> L'arqueologia de Mequinensa<\/h1>\t\t\t\t<\/div>\n\t\t\t\t<\/div>\n\t\t\t\t<div class=\"elementor-element elementor-element-5979648 elementor-widget elementor-widget-text-editor\" data-id=\"5979648\" data-element_type=\"widget\" data-e-type=\"widget\" data-widget_type=\"text-editor.default\">\n\t\t\t\t<div class=\"elementor-widget-container\">\n\t\t\t\t\t\t\t\t\t<p>Descobreix el Neol\u00edtic, l'Edat del Bronze i l'Edat de Ferro en un mateix espai amb fidels recreacions de jaciments arqueol\u00f2gics com <b>Els Castellets<\/b> o l' <b>Abric de Vall Major<\/b>. Coneix els diferents exemples d'Art Rupestre trobats a Mequinensa, pertanyents a l'Art Rupestre de l'Arc Mediterrani i declarats <b>Patrimoni Mundial de la Humanitat<\/b> per la <b>UNESCO<\/b>.<\/p>\t\t\t\t\t\t\t\t<\/div>\n\t\t\t\t<\/div>\n\t\t\t\t\t<\/div>\n\t\t<\/div>\n\t\t\t\t<div class=\"elementor-column elementor-col-66 elementor-inner-column elementor-element elementor-element-549a448\" data-id=\"549a448\" data-element_type=\"column\" data-e-type=\"column\">\n\t\t\t<div class=\"elementor-widget-wrap elementor-element-populated\">\n\t\t\t\t\t\t<div class=\"elementor-element elementor-element-b685649 elementor-widget elementor-widget-image\" data-id=\"b685649\" data-element_type=\"widget\" data-e-type=\"widget\" data-widget_type=\"image.default\">\n\t\t\t\t<div class=\"elementor-widget-container\">\n\t\t\t\t\t\t\t\t\t\t\t\t\t\t\t<img decoding=\"async\" width=\"570\" height=\"285\" src=\"https:\/\/www.museosdemequinenza.com\/wp-content\/uploads\/2020\/06\/5303912870_0beac881ce_o-570x285.jpg\" class=\"attachment-column2-1\/2 size-column2-1\/2 wp-image-3526\" alt=\"\" srcset=\"https:\/\/www.museosdemequinenza.com\/wp-content\/uploads\/2020\/06\/5303912870_0beac881ce_o-570x285.jpg 570w, https:\/\/www.museosdemequinenza.com\/wp-content\/uploads\/2020\/06\/5303912870_0beac881ce_o-380x190.jpg 380w, https:\/\/www.museosdemequinenza.com\/wp-content\/uploads\/2020\/06\/5303912870_0beac881ce_o-285x143.jpg 285w\" sizes=\"(max-width: 570px) 100vw, 570px\" \/>\t\t\t\t\t\t\t\t\t\t\t\t\t\t\t<\/div>\n\t\t\t\t<\/div>\n\t\t\t\t\t<\/div>\n\t\t<\/div>\n\t\t\t\t\t<\/div>\n\t\t<\/section>\n\t\t\t\t<section class=\"elementor-section elementor-inner-section elementor-element elementor-element-fcf20f2 elementor-section-boxed elementor-section-height-default elementor-section-height-default\" data-id=\"fcf20f2\" data-element_type=\"section\" data-e-type=\"section\">\n\t\t\t\t\t\t<div class=\"elementor-container elementor-column-gap-default\">\n\t\t\t\t\t<div class=\"elementor-column elementor-col-33 elementor-inner-column elementor-element elementor-element-5919171\" data-id=\"5919171\" data-element_type=\"column\" data-e-type=\"column\">\n\t\t\t<div class=\"elementor-widget-wrap elementor-element-populated\">\n\t\t\t\t\t\t<div class=\"elementor-element elementor-element-3784428 elementor-widget elementor-widget-image\" data-id=\"3784428\" data-element_type=\"widget\" data-e-type=\"widget\" data-widget_type=\"image.default\">\n\t\t\t\t<div class=\"elementor-widget-container\">\n\t\t\t\t\t\t\t\t\t\t\t\t\t\t\t<img decoding=\"async\" width=\"1140\" height=\"760\" src=\"https:\/\/www.museosdemequinenza.com\/wp-content\/uploads\/2019\/01\/36795907_2061165780788429_2869522497189969920_o1-e1547024854359-1140x760.jpg\" class=\"attachment-column1-2\/3 size-column1-2\/3 wp-image-1009\" alt=\"\" srcset=\"https:\/\/www.museosdemequinenza.com\/wp-content\/uploads\/2019\/01\/36795907_2061165780788429_2869522497189969920_o1-e1547024854359-1140x760.jpg 1140w, https:\/\/www.museosdemequinenza.com\/wp-content\/uploads\/2019\/01\/36795907_2061165780788429_2869522497189969920_o1-e1547024854359-570x380.jpg 570w, https:\/\/www.museosdemequinenza.com\/wp-content\/uploads\/2019\/01\/36795907_2061165780788429_2869522497189969920_o1-e1547024854359-380x254.jpg 380w, https:\/\/www.museosdemequinenza.com\/wp-content\/uploads\/2019\/01\/36795907_2061165780788429_2869522497189969920_o1-e1547024854359-285x190.jpg 285w\" sizes=\"(max-width: 1140px) 100vw, 1140px\" \/>\t\t\t\t\t\t\t\t\t\t\t\t\t\t\t<\/div>\n\t\t\t\t<\/div>\n\t\t\t\t\t<\/div>\n\t\t<\/div>\n\t\t\t\t<div class=\"elementor-column elementor-col-66 elementor-inner-column elementor-element elementor-element-ee433ad\" data-id=\"ee433ad\" data-element_type=\"column\" data-e-type=\"column\">\n\t\t\t<div class=\"elementor-widget-wrap elementor-element-populated\">\n\t\t\t\t\t\t<div class=\"elementor-element elementor-element-69d0a39 elementor-widget elementor-widget-heading\" data-id=\"69d0a39\" data-element_type=\"widget\" data-e-type=\"widget\" data-widget_type=\"heading.default\">\n\t\t\t\t<div class=\"elementor-widget-container\">\n\t\t\t\t\t<h1 class=\"elementor-heading-title elementor-size-default\"><span class=\"dashicons dashicons-arrow-right-alt2\"><\/span> Un viatge cap als nostres primers ancestres<\/h1>\t\t\t\t<\/div>\n\t\t\t\t<\/div>\n\t\t\t\t<div class=\"elementor-element elementor-element-497f579 elementor-widget elementor-widget-text-editor\" data-id=\"497f579\" data-element_type=\"widget\" data-e-type=\"widget\" data-widget_type=\"text-editor.default\">\n\t\t\t\t<div class=\"elementor-widget-container\">\n\t\t\t\t\t\t\t\t\t<p>Apassiona't amb les hist\u00f2ries dels primers pobladors. Descobreix com era el seu dia a dia, la seva ca\u00e7a, les seves pintures rupestres o fins i tot els llocs on habitaven.<\/p>\t\t\t\t\t\t\t\t<\/div>\n\t\t\t\t<\/div>\n\t\t\t\t\t<\/div>\n\t\t<\/div>\n\t\t\t\t\t<\/div>\n\t\t<\/section>\n\t\t\t\t<section class=\"elementor-section elementor-inner-section elementor-element elementor-element-e1557f3 elementor-section-boxed elementor-section-height-default elementor-section-height-default\" data-id=\"e1557f3\" data-element_type=\"section\" data-e-type=\"section\">\n\t\t\t\t\t\t<div class=\"elementor-container elementor-column-gap-default\">\n\t\t\t\t\t<div class=\"elementor-column elementor-col-66 elementor-inner-column elementor-element elementor-element-50ea372\" data-id=\"50ea372\" data-element_type=\"column\" data-e-type=\"column\">\n\t\t\t<div class=\"elementor-widget-wrap elementor-element-populated\">\n\t\t\t\t\t\t<div class=\"elementor-element elementor-element-469e4c2 elementor-widget elementor-widget-heading\" data-id=\"469e4c2\" data-element_type=\"widget\" data-e-type=\"widget\" data-widget_type=\"heading.default\">\n\t\t\t\t<div class=\"elementor-widget-container\">\n\t\t\t\t\t<h1 class=\"elementor-heading-title elementor-size-default\"><span class=\"dashicons dashicons-arrow-right-alt2\"><\/span> Uns tallers que et transporten fins a la Prehist\u00f2ria<\/h1>\t\t\t\t<\/div>\n\t\t\t\t<\/div>\n\t\t\t\t<div class=\"elementor-element elementor-element-444e052 elementor-widget elementor-widget-text-editor\" data-id=\"444e052\" data-element_type=\"widget\" data-e-type=\"widget\" data-widget_type=\"text-editor.default\">\n\t\t\t\t<div class=\"elementor-widget-container\">\n\t\t\t\t\t\t\t\t\t<p>Informa't i participa en els tallers que realitzen els Museus de Mequinensa al Museu del Passat Prehist\u00f2ric. Descobreix d'una manera pr\u00e0ctica i immersiva la vida quotidiana dels nostres anteapsados \u200b\u200bm\u00e9s primitius.<\/p>\t\t\t\t\t\t\t\t<\/div>\n\t\t\t\t<\/div>\n\t\t\t\t\t<\/div>\n\t\t<\/div>\n\t\t\t\t<div class=\"elementor-column elementor-col-33 elementor-inner-column elementor-element elementor-element-d1168ba\" data-id=\"d1168ba\" data-element_type=\"column\" data-e-type=\"column\">\n\t\t\t<div class=\"elementor-widget-wrap elementor-element-populated\">\n\t\t\t\t\t\t<div class=\"elementor-element elementor-element-0f1430a elementor-widget elementor-widget-image\" data-id=\"0f1430a\" data-element_type=\"widget\" data-e-type=\"widget\" data-widget_type=\"image.default\">\n\t\t\t\t<div class=\"elementor-widget-container\">\n\t\t\t\t\t\t\t\t\t\t\t\t\t\t\t<img loading=\"lazy\" decoding=\"async\" width=\"507\" height=\"380\" src=\"https:\/\/www.museosdemequinenza.com\/wp-content\/uploads\/2018\/09\/39814303_2107858339452506_3948567755397005312_o-e1537350340630.jpg\" class=\"attachment-column1-1\/3 size-column1-1\/3 wp-image-774\" alt=\"\" srcset=\"https:\/\/www.museosdemequinenza.com\/wp-content\/uploads\/2018\/09\/39814303_2107858339452506_3948567755397005312_o-e1537350340630.jpg 1521w, https:\/\/www.museosdemequinenza.com\/wp-content\/uploads\/2018\/09\/39814303_2107858339452506_3948567755397005312_o-e1537350340630-300x225.jpg 300w, https:\/\/www.museosdemequinenza.com\/wp-content\/uploads\/2018\/09\/39814303_2107858339452506_3948567755397005312_o-e1537350340630-768x576.jpg 768w, https:\/\/www.museosdemequinenza.com\/wp-content\/uploads\/2018\/09\/39814303_2107858339452506_3948567755397005312_o-e1537350340630-1024x768.jpg 1024w\" sizes=\"(max-width: 507px) 100vw, 507px\" \/>\t\t\t\t\t\t\t\t\t\t\t\t\t\t\t<\/div>\n\t\t\t\t<\/div>\n\t\t\t\t\t<\/div>\n\t\t<\/div>\n\t\t\t\t\t<\/div>\n\t\t<\/section>\n\t\t\t\t\t<\/div>\n\t\t<\/div>\n\t\t\t\t\t<\/div>\n\t\t<\/section>\n\t\t\t\t<section class=\"elementor-section elementor-top-section elementor-element elementor-element-b99777c elementor-section-boxed elementor-section-height-default elementor-section-height-default\" data-id=\"b99777c\" data-element_type=\"section\" data-e-type=\"section\">\n\t\t\t\t\t\t<div class=\"elementor-container elementor-column-gap-default\">\n\t\t\t\t\t<div class=\"elementor-column elementor-col-33 elementor-top-column elementor-element elementor-element-227b598\" data-id=\"227b598\" data-element_type=\"column\" data-e-type=\"column\">\n\t\t\t<div class=\"elementor-widget-wrap elementor-element-populated\">\n\t\t\t\t\t\t<div class=\"elementor-element elementor-element-9f6798d elementor-hidden-phone elementor-position-top elementor-widget elementor-widget-image-box\" data-id=\"9f6798d\" data-element_type=\"widget\" data-e-type=\"widget\" data-widget_type=\"image-box.default\">\n\t\t\t\t<div class=\"elementor-widget-container\">\n\t\t\t\t\t<div class=\"elementor-image-box-wrapper\"><figure class=\"elementor-image-box-img\"><a href=\"https:\/\/www.museosdemequinenza.com\/ca\/museo-de-la-mina-de-mequinenza\/\" target=\"_blank\" tabindex=\"-1\"><img loading=\"lazy\" decoding=\"async\" width=\"570\" height=\"570\" src=\"https:\/\/www.museosdemequinenza.com\/wp-content\/uploads\/2019\/01\/35271481_2041075779464096_7761676228007821312_o1-570x570.jpg\" class=\"attachment-column2-1\/1 size-column2-1\/1 wp-image-899\" alt=\"\" \/><\/a><\/figure><div class=\"elementor-image-box-content\"><h3 class=\"elementor-image-box-title\"><a href=\"https:\/\/www.museosdemequinenza.com\/ca\/museo-de-la-mina-de-mequinenza\/\" target=\"_blank\">Museu de la Mina<\/a><\/h3><\/div><\/div>\t\t\t\t<\/div>\n\t\t\t\t<\/div>\n\t\t\t\t\t<\/div>\n\t\t<\/div>\n\t\t\t\t<div class=\"elementor-column elementor-col-33 elementor-top-column elementor-element elementor-element-b4fbaaf\" data-id=\"b4fbaaf\" data-element_type=\"column\" data-e-type=\"column\">\n\t\t\t<div class=\"elementor-widget-wrap elementor-element-populated\">\n\t\t\t\t\t\t<div class=\"elementor-element elementor-element-df62354 elementor-hidden-phone elementor-position-top elementor-widget elementor-widget-image-box\" data-id=\"df62354\" data-element_type=\"widget\" data-e-type=\"widget\" data-widget_type=\"image-box.default\">\n\t\t\t\t<div class=\"elementor-widget-container\">\n\t\t\t\t\t<div class=\"elementor-image-box-wrapper\"><figure class=\"elementor-image-box-img\"><a href=\"https:\/\/www.museosdemequinenza.com\/ca\/museo-de-la-historia\/\" target=\"_blank\" tabindex=\"-1\"><img loading=\"lazy\" decoding=\"async\" width=\"570\" height=\"570\" src=\"https:\/\/www.museosdemequinenza.com\/wp-content\/uploads\/2019\/01\/Museos_de_Mequinenza-570x570.jpg\" class=\"attachment-column2-1\/1 size-column2-1\/1 wp-image-872\" alt=\"\" srcset=\"https:\/\/www.museosdemequinenza.com\/wp-content\/uploads\/2019\/01\/Museos_de_Mequinenza-570x570.jpg 570w, https:\/\/www.museosdemequinenza.com\/wp-content\/uploads\/2019\/01\/Museos_de_Mequinenza-150x150.jpg 150w, https:\/\/www.museosdemequinenza.com\/wp-content\/uploads\/2019\/01\/Museos_de_Mequinenza-380x380.jpg 380w, https:\/\/www.museosdemequinenza.com\/wp-content\/uploads\/2019\/01\/Museos_de_Mequinenza-285x285.jpg 285w\" sizes=\"(max-width: 570px) 100vw, 570px\" \/><\/a><\/figure><div class=\"elementor-image-box-content\"><h3 class=\"elementor-image-box-title\"><a href=\"https:\/\/www.museosdemequinenza.com\/ca\/museo-de-la-historia\/\" target=\"_blank\">Museu de la Hist\u00f2ria de Mequinensa<\/a><\/h3><\/div><\/div>\t\t\t\t<\/div>\n\t\t\t\t<\/div>\n\t\t\t\t\t<\/div>\n\t\t<\/div>\n\t\t\t\t<div class=\"elementor-column elementor-col-33 elementor-top-column elementor-element elementor-element-5416dcb\" data-id=\"5416dcb\" data-element_type=\"column\" data-e-type=\"column\">\n\t\t\t<div class=\"elementor-widget-wrap elementor-element-populated\">\n\t\t\t\t\t\t<div class=\"elementor-element elementor-element-2db24d0 elementor-hidden-phone elementor-position-top elementor-widget elementor-widget-image-box\" data-id=\"2db24d0\" data-element_type=\"widget\" data-e-type=\"widget\" data-widget_type=\"image-box.default\">\n\t\t\t\t<div class=\"elementor-widget-container\">\n\t\t\t\t\t<div class=\"elementor-image-box-wrapper\"><figure class=\"elementor-image-box-img\"><a href=\"https:\/\/www.museosdemequinenza.com\/ca\/pueblo-viejo-de-mequinenza\/\" target=\"_blank\" tabindex=\"-1\"><img loading=\"lazy\" decoding=\"async\" width=\"570\" height=\"570\" src=\"https:\/\/www.museosdemequinenza.com\/wp-content\/uploads\/2019\/09\/poble-vell-i-nou-e1567586197811-570x570.jpg\" class=\"attachment-column2-1\/1 size-column2-1\/1 wp-image-2320\" alt=\"\" srcset=\"https:\/\/www.museosdemequinenza.com\/wp-content\/uploads\/2019\/09\/poble-vell-i-nou-e1567586197811-570x570.jpg 570w, https:\/\/www.museosdemequinenza.com\/wp-content\/uploads\/2019\/09\/poble-vell-i-nou-e1567586197811-150x150.jpg 150w, https:\/\/www.museosdemequinenza.com\/wp-content\/uploads\/2019\/09\/poble-vell-i-nou-e1567586197811-380x380.jpg 380w, https:\/\/www.museosdemequinenza.com\/wp-content\/uploads\/2019\/09\/poble-vell-i-nou-e1567586197811-285x285.jpg 285w\" sizes=\"(max-width: 570px) 100vw, 570px\" \/><\/a><\/figure><div class=\"elementor-image-box-content\"><h3 class=\"elementor-image-box-title\"><a href=\"https:\/\/www.museosdemequinenza.com\/ca\/pueblo-viejo-de-mequinenza\/\" target=\"_blank\">Poble Vell de Mequinensa<\/a><\/h3><\/div><\/div>\t\t\t\t<\/div>\n\t\t\t\t<\/div>\n\t\t\t\t\t<\/div>\n\t\t<\/div>\n\t\t\t\t\t<\/div>\n\t\t<\/section>\n\t\t\t\t<\/div>","protected":false},"excerpt":{"rendered":"<p>Comunicado Importante Actualmente no es posible visitar el Museo del Pasado Prehist\u00f3rico. Descubre a nuestros antepasados m\u00e1s prehist\u00f3ricos. La arqueolog\u00eda de Mequinenza Descubre el Neol\u00edtico, la Edad del Bronce y la Edad de Hierro en un mismo espacio con fieles recreaciones de yacimientos arqueol\u00f3gicos como Los Castellets o el Abrigo de Vall Major. Conoce los<\/p>\n<p><a href=\"https:\/\/www.museosdemequinenza.com\/ca\/museo-del-pasado-prehistorico\/\" class=\"more-link themebutton\">Read More<\/a><\/p>","protected":false},"author":1,"featured_media":0,"parent":0,"menu_order":0,"comment_status":"closed","ping_status":"closed","template":"","meta":{"_monsterinsights_skip_tracking":false,"_monsterinsights_sitenote_active":false,"_monsterinsights_sitenote_note":"","_monsterinsights_sitenote_category":0,"footnotes":""},"class_list":["post-9","page","type-page","status-publish","hentry"],"aioseo_notices":[],"_links":{"self":[{"href":"https:\/\/www.museosdemequinenza.com\/ca\/wp-json\/wp\/v2\/pages\/9","targetHints":{"allow":["GET"]}}],"collection":[{"href":"https:\/\/www.museosdemequinenza.com\/ca\/wp-json\/wp\/v2\/pages"}],"about":[{"href":"https:\/\/www.museosdemequinenza.com\/ca\/wp-json\/wp\/v2\/types\/page"}],"author":[{"embeddable":true,"href":"https:\/\/www.museosdemequinenza.com\/ca\/wp-json\/wp\/v2\/users\/1"}],"replies":[{"embeddable":true,"href":"https:\/\/www.museosdemequinenza.com\/ca\/wp-json\/wp\/v2\/comments?post=9"}],"version-history":[{"count":15,"href":"https:\/\/www.museosdemequinenza.com\/ca\/wp-json\/wp\/v2\/pages\/9\/revisions"}],"predecessor-version":[{"id":4722,"href":"https:\/\/www.museosdemequinenza.com\/ca\/wp-json\/wp\/v2\/pages\/9\/revisions\/4722"}],"wp:attachment":[{"href":"https:\/\/www.museosdemequinenza.com\/ca\/wp-json\/wp\/v2\/media?parent=9"}],"curies":[{"name":"wp","href":"https:\/\/api.w.org\/{rel}","templated":true}]}}