{"id":4016,"date":"2020-11-06T08:30:41","date_gmt":"2020-11-06T08:30:41","guid":{"rendered":"http:\/\/www.museosdemequinenza.com\/?page_id=4016"},"modified":"2020-11-06T10:09:58","modified_gmt":"2020-11-06T10:09:58","slug":"mequinenza","status":"publish","type":"page","link":"https:\/\/www.museosdemequinenza.com\/ca\/mequinenza\/","title":{"rendered":"Mequinensa"},"content":{"rendered":"\t\t<div data-elementor-type=\"wp-page\" data-elementor-id=\"4016\" class=\"elementor elementor-4016\">\n\t\t\t\t\t\t<section class=\"elementor-section elementor-top-section elementor-element elementor-element-793789d elementor-section-boxed elementor-section-height-default elementor-section-height-default\" data-id=\"793789d\" data-element_type=\"section\" data-e-type=\"section\">\n\t\t\t\t\t\t<div class=\"elementor-container elementor-column-gap-default\">\n\t\t\t\t\t<div class=\"elementor-column elementor-col-100 elementor-top-column elementor-element elementor-element-00cedd9\" data-id=\"00cedd9\" data-element_type=\"column\" data-e-type=\"column\">\n\t\t\t<div class=\"elementor-widget-wrap elementor-element-populated\">\n\t\t\t\t\t\t<section class=\"elementor-section elementor-inner-section elementor-element elementor-element-499d586 elementor-section-boxed elementor-section-height-default elementor-section-height-default\" data-id=\"499d586\" data-element_type=\"section\" data-e-type=\"section\" data-settings=\"{&quot;background_background&quot;:&quot;classic&quot;}\">\n\t\t\t\t\t\t<div class=\"elementor-container elementor-column-gap-default\">\n\t\t\t\t\t<div class=\"elementor-column elementor-col-66 elementor-inner-column elementor-element elementor-element-c83ba30\" data-id=\"c83ba30\" data-element_type=\"column\" data-e-type=\"column\">\n\t\t\t<div class=\"elementor-widget-wrap elementor-element-populated\">\n\t\t\t\t\t\t<div class=\"elementor-element elementor-element-338d416 elementor-widget elementor-widget-video\" data-id=\"338d416\" data-element_type=\"widget\" data-e-type=\"widget\" data-settings=\"{&quot;youtube_url&quot;:&quot;https:\\\/\\\/www.youtube.com\\\/watch?v=zVBMkvmp8KI&quot;,&quot;autoplay&quot;:&quot;yes&quot;,&quot;play_on_mobile&quot;:&quot;yes&quot;,&quot;video_type&quot;:&quot;youtube&quot;}\" data-widget_type=\"video.default\">\n\t\t\t\t<div class=\"elementor-widget-container\">\n\t\t\t\t\t\t\t<div class=\"elementor-wrapper elementor-open-inline\">\n\t\t\t<div class=\"elementor-video\"><\/div>\t\t<\/div>\n\t\t\t\t\t\t<\/div>\n\t\t\t\t<\/div>\n\t\t\t\t\t<\/div>\n\t\t<\/div>\n\t\t\t\t<div class=\"elementor-column elementor-col-33 elementor-inner-column elementor-element elementor-element-54ecdda\" data-id=\"54ecdda\" data-element_type=\"column\" data-e-type=\"column\">\n\t\t\t<div class=\"elementor-widget-wrap elementor-element-populated\">\n\t\t\t\t\t\t<div class=\"elementor-element elementor-element-c1417ab elementor-widget elementor-widget-text-editor\" data-id=\"c1417ab\" data-element_type=\"widget\" data-e-type=\"widget\" data-widget_type=\"text-editor.default\">\n\t\t\t\t<div class=\"elementor-widget-container\">\n\t\t\t\t\t\t\t\t\t<blockquote><h4><strong>Mequinenza <\/strong>se sit\u00faa en el extremo oriental de Arag\u00f3n, en la provincia de Zaragoza, formando parte de la <a href=\"http:\/\/www.bajocinca.es\" target=\"_blank\" rel=\"noopener\">Comarca del Bajo\/Baix Cinca<\/a>.<\/h4><h4>La confluencia de las aguas de los r\u00edos Ebro, Segre y Cinca conocida como <a href=\"https:\/\/es.wikipedia.org\/wiki\/Aiguabarreig_(Mequinenza)\" target=\"_blank\" rel=\"noopener\">Aiguabarreig<\/a>, a su paso por la localidad dibuja una de las estampas m\u00e1s bellas y singulares que se pueden contemplar en Arag\u00f3n. Mequinenza es el lugar donde se unen la historia, la cultura y el paisaje de una forma singular.<\/h4><\/blockquote>\t\t\t\t\t\t\t\t<\/div>\n\t\t\t\t<\/div>\n\t\t\t\t\t<\/div>\n\t\t<\/div>\n\t\t\t\t\t<\/div>\n\t\t<\/section>\n\t\t\t\t<section class=\"elementor-section elementor-inner-section elementor-element elementor-element-1e3f5cc elementor-section-boxed elementor-section-height-default elementor-section-height-default\" data-id=\"1e3f5cc\" data-element_type=\"section\" data-e-type=\"section\">\n\t\t\t\t\t\t<div class=\"elementor-container elementor-column-gap-default\">\n\t\t\t\t\t<div class=\"elementor-column elementor-col-50 elementor-inner-column elementor-element elementor-element-caf125d\" data-id=\"caf125d\" data-element_type=\"column\" data-e-type=\"column\">\n\t\t\t<div class=\"elementor-widget-wrap elementor-element-populated\">\n\t\t\t\t\t\t<div class=\"elementor-element elementor-element-0ef9d07 elementor-widget elementor-widget-text-editor\" data-id=\"0ef9d07\" data-element_type=\"widget\" data-e-type=\"widget\" data-widget_type=\"text-editor.default\">\n\t\t\t\t<div class=\"elementor-widget-container\">\n\t\t\t\t\t\t\t\t\t<p>En lo alto de un gran espol\u00f3n, se ubica el <a href=\"www.museosdemequinenza.com\/castillo-de-mequinenza\">Castillo de Mequinenza<\/a>, uno de los principales exponentes de arte g\u00f3tico de la comunidad. Protagonista de batallas y asedios,\u00a0 fue testigo tambi\u00e9n del devenir de un pueblo con una historia de lucha y tes\u00f3n.<\/p><p>La construcci\u00f3n del embalse de Ribarroja, que junto al de Mequinenza forma el Mar de Arag\u00f3n, oblig\u00f3 a los mequinenzanos hace 50 a\u00f1os a trasladarse de su milenario <a href=\"https:\/\/www.museosdemequinenza.com\/pueblo-viejo-de-mequinenza\/\">Pueblo Viejo<\/a> junto al Ebro a la <a href=\"https:\/\/www.museosdemequinenza.com\/mequinenza-se-prepara-para-conmemorar-50-anos-de-poble-nou\/\">nueva y moderna Mequinenza<\/a>.<\/p><p>Un traslado que supuso un duro golpe para la poblaci\u00f3n que comport\u00f3 el cierre de minas de carb\u00f3n, de ind\u00fastrias y vi\u00f3 como se anegaban sus f\u00e9rtiles tierras y se pon\u00eda fin a la navegaci\u00f3n fluvial tradicional y al m\u00edtico Camino de Sirga.<\/p>\t\t\t\t\t\t\t\t<\/div>\n\t\t\t\t<\/div>\n\t\t\t\t\t<\/div>\n\t\t<\/div>\n\t\t\t\t<div class=\"elementor-column elementor-col-50 elementor-inner-column elementor-element elementor-element-f8b3bc5\" data-id=\"f8b3bc5\" data-element_type=\"column\" data-e-type=\"column\">\n\t\t\t<div class=\"elementor-widget-wrap elementor-element-populated\">\n\t\t\t\t\t\t<div class=\"elementor-element elementor-element-77b3e3f elementor-widget elementor-widget-image-carousel\" data-id=\"77b3e3f\" data-element_type=\"widget\" data-e-type=\"widget\" data-settings=\"{&quot;slides_to_show&quot;:&quot;1&quot;,&quot;navigation&quot;:&quot;none&quot;,&quot;autoplay&quot;:&quot;yes&quot;,&quot;pause_on_hover&quot;:&quot;yes&quot;,&quot;pause_on_interaction&quot;:&quot;yes&quot;,&quot;autoplay_speed&quot;:5000,&quot;infinite&quot;:&quot;yes&quot;,&quot;effect&quot;:&quot;slide&quot;,&quot;speed&quot;:500}\" data-widget_type=\"image-carousel.default\">\n\t\t\t\t<div class=\"elementor-widget-container\">\n\t\t\t\t\t\t\t<div class=\"elementor-image-carousel-wrapper swiper\" role=\"region\" aria-roledescription=\"carousel\" aria-label=\"Carrusel d&#039;imatges\" dir=\"ltr\">\n\t\t\t<div class=\"elementor-image-carousel swiper-wrapper\" aria-live=\"off\">\n\t\t\t\t\t\t\t\t<div class=\"swiper-slide\" role=\"group\" aria-roledescription=\"slide\" aria-label=\"1 de 7\"><figure class=\"swiper-slide-inner\"><img decoding=\"async\" class=\"swiper-slide-image\" src=\"https:\/\/www.museosdemequinenza.com\/wp-content\/uploads\/2020\/11\/Panoramica-Mequinenza-1-scaled.jpg\" alt=\"Panor\u00e1mica Mequinenza\" \/><\/figure><\/div><div class=\"swiper-slide\" role=\"group\" aria-roledescription=\"slide\" aria-label=\"2 de 7\"><figure class=\"swiper-slide-inner\"><img decoding=\"async\" class=\"swiper-slide-image\" src=\"https:\/\/www.museosdemequinenza.com\/wp-content\/uploads\/2020\/11\/Castillo-de-Mequinenza.jpg\" alt=\"Castillo de Mequinenza\" \/><\/figure><\/div><div class=\"swiper-slide\" role=\"group\" aria-roledescription=\"slide\" aria-label=\"3 de 7\"><figure class=\"swiper-slide-inner\"><img decoding=\"async\" class=\"swiper-slide-image\" src=\"https:\/\/www.museosdemequinenza.com\/wp-content\/uploads\/2020\/11\/IMG_7246-1-scaled.jpg\" alt=\"IMG_7246 (1)\" \/><\/figure><\/div><div class=\"swiper-slide\" role=\"group\" aria-roledescription=\"slide\" aria-label=\"4 de 7\"><figure class=\"swiper-slide-inner\"><img decoding=\"async\" class=\"swiper-slide-image\" src=\"https:\/\/www.museosdemequinenza.com\/wp-content\/uploads\/2020\/11\/Mar-de-Aragon-en-Mequinenza-1.jpg\" alt=\"Mar de Arag\u00f3n en Mequinenza\" \/><\/figure><\/div><div class=\"swiper-slide\" role=\"group\" aria-roledescription=\"slide\" aria-label=\"5 de 7\"><figure class=\"swiper-slide-inner\"><img decoding=\"async\" class=\"swiper-slide-image\" src=\"https:\/\/www.museosdemequinenza.com\/wp-content\/uploads\/2020\/11\/Vista-Aerea-del-Aiguabarreig-1.jpg\" alt=\"Vista A\u00e9rea del Aiguabarreig\" \/><\/figure><\/div><div class=\"swiper-slide\" role=\"group\" aria-roledescription=\"slide\" aria-label=\"6 de 7\"><figure class=\"swiper-slide-inner\"><img decoding=\"async\" class=\"swiper-slide-image\" src=\"https:\/\/www.museosdemequinenza.com\/wp-content\/uploads\/2020\/11\/Panoramica-Confluencia-Ebre-Segre-Cinca-scaled.jpg\" alt=\"Panoramica Conflu\u00e8ncia Ebre-Segre-Cinca\" \/><\/figure><\/div><div class=\"swiper-slide\" role=\"group\" aria-roledescription=\"slide\" aria-label=\"7 de 7\"><figure class=\"swiper-slide-inner\"><img decoding=\"async\" class=\"swiper-slide-image\" src=\"https:\/\/www.museosdemequinenza.com\/wp-content\/uploads\/2020\/11\/turismo-deportivo-mequinenza-1.jpg\" alt=\"turismo deportivo mequinenza\" \/><\/figure><\/div>\t\t\t<\/div>\n\t\t\t\t\t\t\t\n\t\t\t\t\t\t\t\t\t<\/div>\n\t\t\t\t\t\t<\/div>\n\t\t\t\t<\/div>\n\t\t\t\t\t<\/div>\n\t\t<\/div>\n\t\t\t\t\t<\/div>\n\t\t<\/section>\n\t\t\t\t<section class=\"elementor-section elementor-inner-section elementor-element elementor-element-2076f5e elementor-section-boxed elementor-section-height-default elementor-section-height-default\" data-id=\"2076f5e\" data-element_type=\"section\" data-e-type=\"section\">\n\t\t\t\t\t\t<div class=\"elementor-container elementor-column-gap-default\">\n\t\t\t\t\t<div class=\"elementor-column elementor-col-50 elementor-inner-column elementor-element elementor-element-bc2c86c\" data-id=\"bc2c86c\" data-element_type=\"column\" data-e-type=\"column\">\n\t\t\t<div class=\"elementor-widget-wrap elementor-element-populated\">\n\t\t\t\t\t\t<div class=\"elementor-element elementor-element-d23e07d elementor-widget elementor-widget-image-carousel\" data-id=\"d23e07d\" data-element_type=\"widget\" data-e-type=\"widget\" data-settings=\"{&quot;slides_to_show&quot;:&quot;1&quot;,&quot;navigation&quot;:&quot;none&quot;,&quot;autoplay&quot;:&quot;yes&quot;,&quot;pause_on_hover&quot;:&quot;yes&quot;,&quot;pause_on_interaction&quot;:&quot;yes&quot;,&quot;autoplay_speed&quot;:5000,&quot;infinite&quot;:&quot;yes&quot;,&quot;effect&quot;:&quot;slide&quot;,&quot;speed&quot;:500}\" data-widget_type=\"image-carousel.default\">\n\t\t\t\t<div class=\"elementor-widget-container\">\n\t\t\t\t\t\t\t<div class=\"elementor-image-carousel-wrapper swiper\" role=\"region\" aria-roledescription=\"carousel\" aria-label=\"Carrusel d&#039;imatges\" dir=\"ltr\">\n\t\t\t<div class=\"elementor-image-carousel swiper-wrapper\" aria-live=\"off\">\n\t\t\t\t\t\t\t\t<div class=\"swiper-slide\" role=\"group\" aria-roledescription=\"slide\" aria-label=\"1 de 8\"><figure class=\"swiper-slide-inner\"><img decoding=\"async\" class=\"swiper-slide-image\" src=\"https:\/\/www.museosdemequinenza.com\/wp-content\/uploads\/2020\/11\/Vista-de-los-Museos-de-Mequinenza-desde-el-Rio-Ebro-1.jpg\" alt=\"Vista de los Museos de Mequinenza desde el R\u00edo Ebro\" \/><\/figure><\/div><div class=\"swiper-slide\" role=\"group\" aria-roledescription=\"slide\" aria-label=\"2 de 8\"><figure class=\"swiper-slide-inner\"><img decoding=\"async\" class=\"swiper-slide-image\" src=\"https:\/\/www.museosdemequinenza.com\/wp-content\/uploads\/2020\/11\/Descenso-Internacional-del-Cinca.jpg\" alt=\"Descenso Internacional del Cinca\" \/><\/figure><\/div><div class=\"swiper-slide\" role=\"group\" aria-roledescription=\"slide\" aria-label=\"3 de 8\"><figure class=\"swiper-slide-inner\"><img decoding=\"async\" class=\"swiper-slide-image\" src=\"https:\/\/www.museosdemequinenza.com\/wp-content\/uploads\/2020\/11\/Route-Old-Town-of-Mequinenza2.jpg\" alt=\"Route Old Town of Mequinenza2\" \/><\/figure><\/div><div class=\"swiper-slide\" role=\"group\" aria-roledescription=\"slide\" aria-label=\"4 de 8\"><figure class=\"swiper-slide-inner\"><img decoding=\"async\" class=\"swiper-slide-image\" src=\"https:\/\/www.museosdemequinenza.com\/wp-content\/uploads\/2020\/11\/Route-Old-Town-of-Mequinenza3.jpg\" alt=\"Route Old Town of Mequinenza3\" \/><\/figure><\/div><div class=\"swiper-slide\" role=\"group\" aria-roledescription=\"slide\" aria-label=\"5 de 8\"><figure class=\"swiper-slide-inner\"><img decoding=\"async\" class=\"swiper-slide-image\" src=\"https:\/\/www.museosdemequinenza.com\/wp-content\/uploads\/2020\/11\/RouteCami-de-Sirga1.jpg\" alt=\"RouteCam\u00ed de Sirga1\" \/><\/figure><\/div><div class=\"swiper-slide\" role=\"group\" aria-roledescription=\"slide\" aria-label=\"6 de 8\"><figure class=\"swiper-slide-inner\"><img decoding=\"async\" class=\"swiper-slide-image\" src=\"https:\/\/www.museosdemequinenza.com\/wp-content\/uploads\/2020\/11\/Senderismo-Mequinenza.jpg\" alt=\"Senderismo Mequinenza\" \/><\/figure><\/div><div class=\"swiper-slide\" role=\"group\" aria-roledescription=\"slide\" aria-label=\"7 de 8\"><figure class=\"swiper-slide-inner\"><img decoding=\"async\" class=\"swiper-slide-image\" src=\"https:\/\/www.museosdemequinenza.com\/wp-content\/uploads\/2020\/11\/www.meknasa.com853TM_Mequinensa-6.jpg\" alt=\"[www.meknasa.com][853]TM_Mequinensa-6\" \/><\/figure><\/div><div class=\"swiper-slide\" role=\"group\" aria-roledescription=\"slide\" aria-label=\"8 de 8\"><figure class=\"swiper-slide-inner\"><img decoding=\"async\" class=\"swiper-slide-image\" src=\"https:\/\/www.museosdemequinenza.com\/wp-content\/uploads\/2020\/11\/presa.png\" alt=\"presa\" \/><\/figure><\/div>\t\t\t<\/div>\n\t\t\t\t\t\t\t\n\t\t\t\t\t\t\t\t\t<\/div>\n\t\t\t\t\t\t<\/div>\n\t\t\t\t<\/div>\n\t\t\t\t\t<\/div>\n\t\t<\/div>\n\t\t\t\t<div class=\"elementor-column elementor-col-50 elementor-inner-column elementor-element elementor-element-76e937d\" data-id=\"76e937d\" data-element_type=\"column\" data-e-type=\"column\">\n\t\t\t<div class=\"elementor-widget-wrap elementor-element-populated\">\n\t\t\t\t\t\t<div class=\"elementor-element elementor-element-008bcd0 elementor-widget elementor-widget-text-editor\" data-id=\"008bcd0\" data-element_type=\"widget\" data-e-type=\"widget\" data-widget_type=\"text-editor.default\">\n\t\t\t\t<div class=\"elementor-widget-container\">\n\t\t\t\t\t\t\t\t\t<p>Una buena opci\u00f3n para conocer esta apasionante historia es visitar los <a href=\"https:\/\/www.museosdemequinenza.com\">Museos de Mequinenza<\/a> que conservan el pasado, el patrimonio y la memoria colectiva de la poblaci\u00f3n.<\/p><p><strong>Mequinenza<\/strong> ofrece adem\u00e1s otras alternativas para los amantes del senderismo, la observaci\u00f3n de aves o los deportes acu\u00e1ticos. El GR-99 Camino Natural del Ebro atraviesa el municipio y discurre paralelo al r\u00edo, siguiendo el antiguo trazado del Camino de Sirga utilizado para remolcar las embarcaciones del r\u00edo Ebro.<\/p><p>Estas grandes masas de agua atraen a pescadores deportivos de todo el mundo que disfrutan de una pesca abundante a lo largo de todo el a\u00f1o. Numerosas empresas de turismo activo tambi\u00e9n ofrecen la posibilidad de practicar diversos deportes acu\u00e1ticos.<\/p>\t\t\t\t\t\t\t\t<\/div>\n\t\t\t\t<\/div>\n\t\t\t\t\t<\/div>\n\t\t<\/div>\n\t\t\t\t\t<\/div>\n\t\t<\/section>\n\t\t\t\t\t<\/div>\n\t\t<\/div>\n\t\t\t\t\t<\/div>\n\t\t<\/section>\n\t\t\t\t<\/div>\n\t\t","protected":false},"excerpt":{"rendered":"<p>https:\/\/www.youtube.com\/watch?v=zVBMkvmp8KI Mequinenza se sit\u00faa en el extremo oriental de Arag\u00f3n, en la provincia de Zaragoza, formando parte de la Comarca del Bajo\/Baix Cinca. La confluencia de las aguas de los r\u00edos Ebro, Segre y Cinca conocida como Aiguabarreig, a su paso por la localidad dibuja una de las estampas m\u00e1s bellas y singulares que se<\/p>\n<p><a href=\"https:\/\/www.museosdemequinenza.com\/ca\/mequinenza\/\" class=\"more-link themebutton\">Read More<\/a><\/p>","protected":false},"author":1,"featured_media":1188,"parent":0,"menu_order":0,"comment_status":"closed","ping_status":"closed","template":"","meta":{"_monsterinsights_skip_tracking":false,"_monsterinsights_sitenote_active":false,"_monsterinsights_sitenote_note":"","_monsterinsights_sitenote_category":0,"footnotes":""},"class_list":["post-4016","page","type-page","status-publish","has-post-thumbnail","hentry"],"aioseo_notices":[],"_links":{"self":[{"href":"https:\/\/www.museosdemequinenza.com\/ca\/wp-json\/wp\/v2\/pages\/4016","targetHints":{"allow":["GET"]}}],"collection":[{"href":"https:\/\/www.museosdemequinenza.com\/ca\/wp-json\/wp\/v2\/pages"}],"about":[{"href":"https:\/\/www.museosdemequinenza.com\/ca\/wp-json\/wp\/v2\/types\/page"}],"author":[{"embeddable":true,"href":"https:\/\/www.museosdemequinenza.com\/ca\/wp-json\/wp\/v2\/users\/1"}],"replies":[{"embeddable":true,"href":"https:\/\/www.museosdemequinenza.com\/ca\/wp-json\/wp\/v2\/comments?post=4016"}],"version-history":[{"count":26,"href":"https:\/\/www.museosdemequinenza.com\/ca\/wp-json\/wp\/v2\/pages\/4016\/revisions"}],"predecessor-version":[{"id":4071,"href":"https:\/\/www.museosdemequinenza.com\/ca\/wp-json\/wp\/v2\/pages\/4016\/revisions\/4071"}],"wp:featuredmedia":[{"embeddable":true,"href":"https:\/\/www.museosdemequinenza.com\/ca\/wp-json\/wp\/v2\/media\/1188"}],"wp:attachment":[{"href":"https:\/\/www.museosdemequinenza.com\/ca\/wp-json\/wp\/v2\/media?parent=4016"}],"curies":[{"name":"wp","href":"https:\/\/api.w.org\/{rel}","templated":true}]}}