{"id":3251,"date":"2020-04-22T17:08:40","date_gmt":"2020-04-22T17:08:40","guid":{"rendered":"http:\/\/www.museosdemequinenza.com\/?page_id=3251"},"modified":"2020-05-27T11:47:55","modified_gmt":"2020-05-27T11:47:55","slug":"imagenesparalamemoria","status":"publish","type":"page","link":"https:\/\/www.museosdemequinenza.com\/ca\/imagenesparalamemoria\/","title":{"rendered":"Projecte Imatges per la Mem\u00f2ria"},"content":{"rendered":"<div data-elementor-type=\"wp-page\" data-elementor-id=\"3251\" class=\"elementor elementor-3251\">\n\t\t\t\t\t\t<section class=\"elementor-section elementor-top-section elementor-element elementor-element-c6078d5 elementor-section-boxed elementor-section-height-default elementor-section-height-default\" data-id=\"c6078d5\" data-element_type=\"section\" data-e-type=\"section\">\n\t\t\t\t\t\t<div class=\"elementor-container elementor-column-gap-default\">\n\t\t\t\t\t<div class=\"elementor-column elementor-col-100 elementor-top-column elementor-element elementor-element-f001052\" data-id=\"f001052\" data-element_type=\"column\" data-e-type=\"column\">\n\t\t\t<div class=\"elementor-widget-wrap elementor-element-populated\">\n\t\t\t\t\t\t<section class=\"elementor-section elementor-inner-section elementor-element elementor-element-90e6a12 elementor-section-boxed elementor-section-height-default elementor-section-height-default\" data-id=\"90e6a12\" data-element_type=\"section\" data-e-type=\"section\">\n\t\t\t\t\t\t<div class=\"elementor-container elementor-column-gap-default\">\n\t\t\t\t\t<div class=\"elementor-column elementor-col-50 elementor-inner-column elementor-element elementor-element-4650a53\" data-id=\"4650a53\" data-element_type=\"column\" data-e-type=\"column\">\n\t\t\t<div class=\"elementor-widget-wrap elementor-element-populated\">\n\t\t\t\t\t\t<div class=\"elementor-element elementor-element-51b4ac0 elementor-widget elementor-widget-text-editor\" data-id=\"51b4ac0\" data-element_type=\"widget\" data-e-type=\"widget\" data-widget_type=\"text-editor.default\">\n\t\t\t\t<div class=\"elementor-widget-container\">\n\t\t\t\t\t\t\t\t\t<p><strong>\"Imatges per la mem\u00f2ria\"<\/strong> \u00e9s un mapa visual amb prop de 300 fotografies de l'antic nucli urb\u00e0 de Mequinensa geolocalitzades en el lloc on es van fer i que permet tornar a recrear la poblaci\u00f3 quan es compleixen <strong><a href=\"https:\/\/www.museosdemequinenza.com\/ca\/mequinenza-se-prepara-para-conmemorar-50-anos-de-poble-nou\/\">50 anys de la seva desaparici\u00f3<\/a><\/strong>.<\/p>\t\t\t\t\t\t\t\t<\/div>\n\t\t\t\t<\/div>\n\t\t\t\t\t<\/div>\n\t\t<\/div>\n\t\t\t\t<div class=\"elementor-column elementor-col-50 elementor-inner-column elementor-element elementor-element-4f3b0d2\" data-id=\"4f3b0d2\" data-element_type=\"column\" data-e-type=\"column\">\n\t\t\t<div class=\"elementor-widget-wrap elementor-element-populated\">\n\t\t\t\t\t\t<div class=\"elementor-element elementor-element-eafc409 elementor-widget elementor-widget-text-editor\" data-id=\"eafc409\" data-element_type=\"widget\" data-e-type=\"widget\" data-widget_type=\"text-editor.default\">\n\t\t\t\t<div class=\"elementor-widget-container\">\n\t\t\t\t\t\t\t\t\t<p>La iniciativa del projecte naix del taller <a href=\"https:\/\/www.museosdemequinenza.com\/ca\/el-centro-de-estudios-jesus-moncada-de-mequinenza-pone-en-marcha-un-taller-mensual-de-recuperacion-activa-de-la-memoria-colectiva-bajo-el-titulo-la-memoria-dels-carrers\/\" target=\"_blank\" rel=\"noopener\"><strong>\"La mem\u00f2ria dels carrers\"<\/strong><\/a> iniciat pel <strong>Centre d'Estudis Jes\u00fas Moncada<\/strong> el 2018 que t\u00e9 per objecte reunir els ve\u00efns dels carrers del <strong>\"Poble Vell\"<\/strong> per \"omplir\" els buits existents en la hist\u00f2ria de la localitat i que es van perdre, en part, en el trasllat cap al poble nou. Aquestes trobades han perm\u00e8s recollir antics records, documents i fotografies.<\/p>\t\t\t\t\t\t\t\t<\/div>\n\t\t\t\t<\/div>\n\t\t\t\t\t<\/div>\n\t\t<\/div>\n\t\t\t\t\t<\/div>\n\t\t<\/section>\n\t\t\t\t<div class=\"elementor-element elementor-element-572bfc4 elementor-widget elementor-widget-html\" data-id=\"572bfc4\" data-element_type=\"widget\" data-e-type=\"widget\" data-widget_type=\"html.default\">\n\t\t\t\t<div class=\"elementor-widget-container\">\n\t\t\t\t\t<iframe width=\"100%\" height=\"1000px\" src=\"https:\/\/www.arcgis.com\/apps\/Shortlist\/index.html?appid=a63d85c047f34354b5300570fd6c148e\" frameborder=\"0\" scrolling=\"no\"><\/iframe>\t\t\t\t<\/div>\n\t\t\t\t<\/div>\n\t\t\t\t\t<\/div>\n\t\t<\/div>\n\t\t\t\t\t<\/div>\n\t\t<\/section>\n\t\t\t\t<section class=\"elementor-section elementor-top-section elementor-element elementor-element-0539304 elementor-section-boxed elementor-section-height-default elementor-section-height-default\" data-id=\"0539304\" data-element_type=\"section\" data-e-type=\"section\">\n\t\t\t\t\t\t<div class=\"elementor-container elementor-column-gap-default\">\n\t\t\t\t\t<div class=\"elementor-column elementor-col-25 elementor-top-column elementor-element elementor-element-4f478d4\" data-id=\"4f478d4\" data-element_type=\"column\" data-e-type=\"column\">\n\t\t\t<div class=\"elementor-widget-wrap elementor-element-populated\">\n\t\t\t\t\t\t<div class=\"elementor-element elementor-element-272e285 elementor-hidden-phone elementor-position-top elementor-widget elementor-widget-image-box\" data-id=\"272e285\" data-element_type=\"widget\" data-e-type=\"widget\" data-widget_type=\"image-box.default\">\n\t\t\t\t<div class=\"elementor-widget-container\">\n\t\t\t\t\t<div class=\"elementor-image-box-wrapper\"><figure class=\"elementor-image-box-img\"><a href=\"https:\/\/www.museosdemequinenza.com\/ca\/museo-de-la-mina\/\" target=\"_blank\" tabindex=\"-1\"><img fetchpriority=\"high\" decoding=\"async\" width=\"570\" height=\"570\" src=\"https:\/\/www.museosdemequinenza.com\/wp-content\/uploads\/2019\/01\/35271481_2041075779464096_7761676228007821312_o1-570x570.jpg\" class=\"attachment-column2-1\/1 size-column2-1\/1 wp-image-899\" alt=\"\" \/><\/a><\/figure><div class=\"elementor-image-box-content\"><h3 class=\"elementor-image-box-title\"><a href=\"https:\/\/www.museosdemequinenza.com\/ca\/museo-de-la-mina\/\" target=\"_blank\">Museu de la Mina<\/a><\/h3><\/div><\/div>\t\t\t\t<\/div>\n\t\t\t\t<\/div>\n\t\t\t\t\t<\/div>\n\t\t<\/div>\n\t\t\t\t<div class=\"elementor-column elementor-col-25 elementor-top-column elementor-element elementor-element-a47c780\" data-id=\"a47c780\" data-element_type=\"column\" data-e-type=\"column\">\n\t\t\t<div class=\"elementor-widget-wrap elementor-element-populated\">\n\t\t\t\t\t\t<div class=\"elementor-element elementor-element-02d2302 elementor-hidden-phone elementor-position-top elementor-widget elementor-widget-image-box\" data-id=\"02d2302\" data-element_type=\"widget\" data-e-type=\"widget\" data-widget_type=\"image-box.default\">\n\t\t\t\t<div class=\"elementor-widget-container\">\n\t\t\t\t\t<div class=\"elementor-image-box-wrapper\"><figure class=\"elementor-image-box-img\"><a href=\"https:\/\/www.museosdemequinenza.com\/ca\/museo-de-la-historia\/\" target=\"_blank\" tabindex=\"-1\"><img decoding=\"async\" width=\"570\" height=\"570\" src=\"https:\/\/www.museosdemequinenza.com\/wp-content\/uploads\/2019\/01\/Museos_de_Mequinenza-570x570.jpg\" class=\"attachment-column2-1\/1 size-column2-1\/1 wp-image-872\" alt=\"\" srcset=\"https:\/\/www.museosdemequinenza.com\/wp-content\/uploads\/2019\/01\/Museos_de_Mequinenza-570x570.jpg 570w, https:\/\/www.museosdemequinenza.com\/wp-content\/uploads\/2019\/01\/Museos_de_Mequinenza-150x150.jpg 150w, https:\/\/www.museosdemequinenza.com\/wp-content\/uploads\/2019\/01\/Museos_de_Mequinenza-380x380.jpg 380w, https:\/\/www.museosdemequinenza.com\/wp-content\/uploads\/2019\/01\/Museos_de_Mequinenza-285x285.jpg 285w\" sizes=\"(max-width: 570px) 100vw, 570px\" \/><\/a><\/figure><div class=\"elementor-image-box-content\"><h3 class=\"elementor-image-box-title\"><a href=\"https:\/\/www.museosdemequinenza.com\/ca\/museo-de-la-historia\/\" target=\"_blank\">Museu de la Hist\u00f2ria de Mequinensa<\/a><\/h3><\/div><\/div>\t\t\t\t<\/div>\n\t\t\t\t<\/div>\n\t\t\t\t\t<\/div>\n\t\t<\/div>\n\t\t\t\t<div class=\"elementor-column elementor-col-25 elementor-top-column elementor-element elementor-element-826cf7b\" data-id=\"826cf7b\" data-element_type=\"column\" data-e-type=\"column\">\n\t\t\t<div class=\"elementor-widget-wrap elementor-element-populated\">\n\t\t\t\t\t\t<div class=\"elementor-element elementor-element-79e5888 elementor-hidden-phone elementor-position-top elementor-widget elementor-widget-image-box\" data-id=\"79e5888\" data-element_type=\"widget\" data-e-type=\"widget\" data-widget_type=\"image-box.default\">\n\t\t\t\t<div class=\"elementor-widget-container\">\n\t\t\t\t\t<div class=\"elementor-image-box-wrapper\"><figure class=\"elementor-image-box-img\"><a href=\"https:\/\/www.museosdemequinenza.com\/ca\/pueblo-viejo-de-mequinenza\/\" target=\"_blank\" tabindex=\"-1\"><img decoding=\"async\" width=\"570\" height=\"570\" src=\"https:\/\/www.museosdemequinenza.com\/wp-content\/uploads\/2019\/09\/poble-vell-i-nou-e1567586197811-570x570.jpg\" class=\"attachment-column2-1\/1 size-column2-1\/1 wp-image-2320\" alt=\"\" srcset=\"https:\/\/www.museosdemequinenza.com\/wp-content\/uploads\/2019\/09\/poble-vell-i-nou-e1567586197811-570x570.jpg 570w, https:\/\/www.museosdemequinenza.com\/wp-content\/uploads\/2019\/09\/poble-vell-i-nou-e1567586197811-150x150.jpg 150w, https:\/\/www.museosdemequinenza.com\/wp-content\/uploads\/2019\/09\/poble-vell-i-nou-e1567586197811-380x380.jpg 380w, https:\/\/www.museosdemequinenza.com\/wp-content\/uploads\/2019\/09\/poble-vell-i-nou-e1567586197811-285x285.jpg 285w\" sizes=\"(max-width: 570px) 100vw, 570px\" \/><\/a><\/figure><div class=\"elementor-image-box-content\"><h3 class=\"elementor-image-box-title\"><a href=\"https:\/\/www.museosdemequinenza.com\/ca\/pueblo-viejo-de-mequinenza\/\" target=\"_blank\">Poble Vell de Mequinensa<\/a><\/h3><\/div><\/div>\t\t\t\t<\/div>\n\t\t\t\t<\/div>\n\t\t\t\t\t<\/div>\n\t\t<\/div>\n\t\t\t\t<div class=\"elementor-column elementor-col-25 elementor-top-column elementor-element elementor-element-d1d2659\" data-id=\"d1d2659\" data-element_type=\"column\" data-e-type=\"column\">\n\t\t\t<div class=\"elementor-widget-wrap elementor-element-populated\">\n\t\t\t\t\t\t<div class=\"elementor-element elementor-element-cf42bd9 elementor-hidden-phone elementor-position-top elementor-widget elementor-widget-image-box\" data-id=\"cf42bd9\" data-element_type=\"widget\" data-e-type=\"widget\" data-widget_type=\"image-box.default\">\n\t\t\t\t<div class=\"elementor-widget-container\">\n\t\t\t\t\t<div class=\"elementor-image-box-wrapper\"><figure class=\"elementor-image-box-img\"><a href=\"https:\/\/www.museosdemequinenza.com\/ca\/castillo-de-mequinenza\/\" target=\"_blank\" tabindex=\"-1\"><img loading=\"lazy\" decoding=\"async\" width=\"598\" height=\"600\" src=\"https:\/\/www.museosdemequinenza.com\/wp-content\/uploads\/2019\/07\/castillo.jpg\" class=\"attachment-column1-2\/3 size-column1-2\/3 wp-image-2069\" alt=\"\" srcset=\"https:\/\/www.museosdemequinenza.com\/wp-content\/uploads\/2019\/07\/castillo.jpg 598w, https:\/\/www.museosdemequinenza.com\/wp-content\/uploads\/2019\/07\/castillo-150x150.jpg 150w, https:\/\/www.museosdemequinenza.com\/wp-content\/uploads\/2019\/07\/castillo-300x300.jpg 300w, https:\/\/www.museosdemequinenza.com\/wp-content\/uploads\/2019\/07\/castillo-380x380.jpg 380w, https:\/\/www.museosdemequinenza.com\/wp-content\/uploads\/2019\/07\/castillo-285x285.jpg 285w\" sizes=\"(max-width: 598px) 100vw, 598px\" \/><\/a><\/figure><div class=\"elementor-image-box-content\"><h3 class=\"elementor-image-box-title\"><a href=\"https:\/\/www.museosdemequinenza.com\/ca\/castillo-de-mequinenza\/\" target=\"_blank\">Castell de Mequinensa<\/a><\/h3><\/div><\/div>\t\t\t\t<\/div>\n\t\t\t\t<\/div>\n\t\t\t\t\t<\/div>\n\t\t<\/div>\n\t\t\t\t\t<\/div>\n\t\t<\/section>\n\t\t\t\t<\/div>","protected":false},"excerpt":{"rendered":"<p>\u00abIm\u00e1genes para la memoria\u00bb es un mapa visual con cerca de 300 fotograf\u00edas del antiguo n\u00facleo urbano de Mequinenza geolocalizadas en el lugar donde se tomaron y que permite volver a recrearlo cuando se cumplen 50 a\u00f1os de su desaparici\u00f3n. La iniciativa parte del proyecto \u201cLa mem\u00f2ria dels carrers\u201d iniciado por el Centro de Estudios<\/p>\n<p><a href=\"https:\/\/www.museosdemequinenza.com\/ca\/imagenesparalamemoria\/\" class=\"more-link themebutton\">Read More<\/a><\/p>","protected":false},"author":1,"featured_media":2320,"parent":0,"menu_order":0,"comment_status":"closed","ping_status":"closed","template":"","meta":{"_monsterinsights_skip_tracking":false,"_monsterinsights_sitenote_active":false,"_monsterinsights_sitenote_note":"","_monsterinsights_sitenote_category":0,"footnotes":""},"class_list":["post-3251","page","type-page","status-publish","has-post-thumbnail","hentry"],"aioseo_notices":[],"_links":{"self":[{"href":"https:\/\/www.museosdemequinenza.com\/ca\/wp-json\/wp\/v2\/pages\/3251","targetHints":{"allow":["GET"]}}],"collection":[{"href":"https:\/\/www.museosdemequinenza.com\/ca\/wp-json\/wp\/v2\/pages"}],"about":[{"href":"https:\/\/www.museosdemequinenza.com\/ca\/wp-json\/wp\/v2\/types\/page"}],"author":[{"embeddable":true,"href":"https:\/\/www.museosdemequinenza.com\/ca\/wp-json\/wp\/v2\/users\/1"}],"replies":[{"embeddable":true,"href":"https:\/\/www.museosdemequinenza.com\/ca\/wp-json\/wp\/v2\/comments?post=3251"}],"version-history":[{"count":21,"href":"https:\/\/www.museosdemequinenza.com\/ca\/wp-json\/wp\/v2\/pages\/3251\/revisions"}],"predecessor-version":[{"id":3452,"href":"https:\/\/www.museosdemequinenza.com\/ca\/wp-json\/wp\/v2\/pages\/3251\/revisions\/3452"}],"wp:featuredmedia":[{"embeddable":true,"href":"https:\/\/www.museosdemequinenza.com\/ca\/wp-json\/wp\/v2\/media\/2320"}],"wp:attachment":[{"href":"https:\/\/www.museosdemequinenza.com\/ca\/wp-json\/wp\/v2\/media?parent=3251"}],"curies":[{"name":"wp","href":"https:\/\/api.w.org\/{rel}","templated":true}]}}