{"id":2482,"date":"2019-09-24T08:58:16","date_gmt":"2019-09-24T08:58:16","guid":{"rendered":"http:\/\/www.museosdemequinenza.com\/?page_id=2482"},"modified":"2022-10-03T12:07:32","modified_gmt":"2022-10-03T10:07:32","slug":"diadeldocente","status":"publish","type":"page","link":"https:\/\/www.museosdemequinenza.com\/ca\/diadeldocente\/","title":{"rendered":"D\u00eda del Docente"},"content":{"rendered":"<div data-elementor-type=\"wp-page\" data-elementor-id=\"2482\" class=\"elementor elementor-2482\">\n\t\t\t\t\t\t<section class=\"elementor-section elementor-top-section elementor-element elementor-element-fb269b7 elementor-section-boxed elementor-section-height-default elementor-section-height-default\" data-id=\"fb269b7\" data-element_type=\"section\" data-e-type=\"section\">\n\t\t\t\t\t\t<div class=\"elementor-container elementor-column-gap-default\">\n\t\t\t\t\t<div class=\"elementor-column elementor-col-100 elementor-top-column elementor-element elementor-element-d888509\" data-id=\"d888509\" data-element_type=\"column\" data-e-type=\"column\">\n\t\t\t<div class=\"elementor-widget-wrap elementor-element-populated\">\n\t\t\t\t\t\t<div class=\"elementor-element elementor-element-10ca420 elementor-widget elementor-widget-image\" data-id=\"10ca420\" data-element_type=\"widget\" data-e-type=\"widget\" data-widget_type=\"image.default\">\n\t\t\t\t<div class=\"elementor-widget-container\">\n\t\t\t\t\t\t\t\t\t\t\t\t\t\t\t<img fetchpriority=\"high\" decoding=\"async\" width=\"1140\" height=\"380\" src=\"https:\/\/www.museosdemequinenza.com\/wp-content\/uploads\/2021\/06\/73313642_2369405033297834_309649704474378240_n-1140x380.jpg\" class=\"attachment-column1-1\/3 size-column1-1\/3 wp-image-5398\" alt=\"\" srcset=\"https:\/\/www.museosdemequinenza.com\/wp-content\/uploads\/2021\/06\/73313642_2369405033297834_309649704474378240_n-1140x380.jpg 1140w, https:\/\/www.museosdemequinenza.com\/wp-content\/uploads\/2021\/06\/73313642_2369405033297834_309649704474378240_n-380x127.jpg 380w\" sizes=\"(max-width: 1140px) 100vw, 1140px\" \/>\t\t\t\t\t\t\t\t\t\t\t\t\t\t\t<\/div>\n\t\t\t\t<\/div>\n\t\t\t\t<section class=\"elementor-section elementor-inner-section elementor-element elementor-element-ea66e99 elementor-section-boxed elementor-section-height-default elementor-section-height-default\" data-id=\"ea66e99\" data-element_type=\"section\" data-e-type=\"section\">\n\t\t\t\t\t\t<div class=\"elementor-container elementor-column-gap-default\">\n\t\t\t\t\t<div class=\"elementor-column elementor-col-50 elementor-inner-column elementor-element elementor-element-1b6ffc5\" data-id=\"1b6ffc5\" data-element_type=\"column\" data-e-type=\"column\">\n\t\t\t<div class=\"elementor-widget-wrap elementor-element-populated\">\n\t\t\t\t\t\t<div class=\"elementor-element elementor-element-435c682 elementor-widget elementor-widget-text-editor\" data-id=\"435c682\" data-element_type=\"widget\" data-e-type=\"widget\" data-widget_type=\"text-editor.default\">\n\t\t\t\t<div class=\"elementor-widget-container\">\n\t\t\t\t\t\t\t\t\t<p>Els <strong>Museus de Mequinensa<\/strong> ponen a disposici\u00f3n de las escuelas e institutos sus espacios muse\u00edsticos como recurso pedag\u00f3gico y proponen una visita basada en la importancia de la observaci\u00f3n, la experimentaci\u00f3n y el aprendizaje.<\/p><p>Si eres docente, los <strong>Museus de Mequinensa<\/strong> te invitamos a conocer de manera gratuita sus actividades y recursos educativos. Aforo limitado. Para acceder con entrada gratuita, es necesario identificarse con carnet docente antes del inicio de la visita.<\/p>\t\t\t\t\t\t\t\t<\/div>\n\t\t\t\t<\/div>\n\t\t\t\t\t<\/div>\n\t\t<\/div>\n\t\t\t\t<div class=\"elementor-column elementor-col-50 elementor-inner-column elementor-element elementor-element-0ef2edf\" data-id=\"0ef2edf\" data-element_type=\"column\" data-e-type=\"column\">\n\t\t\t<div class=\"elementor-widget-wrap elementor-element-populated\">\n\t\t\t\t\t\t<div class=\"elementor-element elementor-element-3e01010 elementor-widget elementor-widget-text-editor\" data-id=\"3e01010\" data-element_type=\"widget\" data-e-type=\"widget\" data-widget_type=\"text-editor.default\">\n\t\t\t\t<div class=\"elementor-widget-container\">\n\t\t\t\t\t\t\t\t\t<p>Els <strong>Museus de Mequinensa<\/strong> posen a disposici\u00f3 de les escoles i instituts els seus espais muse\u00edstics com a recurs pedag\u00f2gic i proposen una visita basada en la import\u00e0ncia de l&#8217;observaci\u00f3, l&#8217;experimentaci\u00f3 i l&#8217;aprenentatge.<\/p>\n<p>Si ets docent, els <strong>Museus de Mequinensa<\/strong> et conviden a con\u00e8ixer de manera gratu\u00efta les seves activitats i recursos educatius. Aforament limitat. Per accedir amb entrada gratu\u00efta, \u00e9<span style=\"font-size: 16px; color: var( --e-global-color-text );\">s necesari identificar-se amb carnet docent abans de l&#8217;inici de la visita.<\/span><\/p>\t\t\t\t\t\t\t\t<\/div>\n\t\t\t\t<\/div>\n\t\t\t\t\t<\/div>\n\t\t<\/div>\n\t\t\t\t\t<\/div>\n\t\t<\/section>\n\t\t\t\t\t<\/div>\n\t\t<\/div>\n\t\t\t\t\t<\/div>\n\t\t<\/section>\n\t\t\t\t<section class=\"elementor-section elementor-top-section elementor-element elementor-element-aaf40c4 elementor-section-boxed elementor-section-height-default elementor-section-height-default\" data-id=\"aaf40c4\" data-element_type=\"section\" data-e-type=\"section\">\n\t\t\t\t\t\t<div class=\"elementor-container elementor-column-gap-default\">\n\t\t\t\t\t<div class=\"elementor-column elementor-col-100 elementor-top-column elementor-element elementor-element-4d40311\" data-id=\"4d40311\" data-element_type=\"column\" data-e-type=\"column\">\n\t\t\t<div class=\"elementor-widget-wrap elementor-element-populated\">\n\t\t\t\t\t\t<div class=\"elementor-element elementor-element-0857ddd elementor-widget elementor-widget-html\" data-id=\"0857ddd\" data-element_type=\"widget\" data-e-type=\"widget\" data-widget_type=\"html.default\">\n\t\t\t\t<div class=\"elementor-widget-container\">\n\t\t\t\t\t<iframe src=\"https:\/\/docs.google.com\/forms\/d\/e\/1FAIpQLScmONt259_5lhocbiWgDESv4FC4eAnPU9k9IyyI3BCYkCBeWw\/viewform?embedded=true\" width=\"640\" height=\"1147\" frameborder=\"0\" marginheight=\"0\" marginwidth=\"0\">Cargando\u2026<\/iframe>\t\t\t\t<\/div>\n\t\t\t\t<\/div>\n\t\t\t\t\t<\/div>\n\t\t<\/div>\n\t\t\t\t\t<\/div>\n\t\t<\/section>\n\t\t\t\t<\/div>","protected":false},"excerpt":{"rendered":"<p>Los Museos de Mequinenza ponen a disposici\u00f3n de las escuelas e institutos sus espacios muse\u00edsticos como recurso pedag\u00f3gico y proponen una visita basada en la importancia de la observaci\u00f3n, la experimentaci\u00f3n y el aprendizaje. Si eres docente, los Museos de Mequinenza te invitamos a conocer de manera gratuita sus actividades y recursos educativos. Aforo limitado.<\/p>\n<p><a href=\"https:\/\/www.museosdemequinenza.com\/ca\/diadeldocente\/\" class=\"more-link themebutton\">Read More<\/a><\/p>","protected":false},"author":1,"featured_media":4906,"parent":0,"menu_order":0,"comment_status":"closed","ping_status":"closed","template":"","meta":{"_monsterinsights_skip_tracking":false,"_monsterinsights_sitenote_active":false,"_monsterinsights_sitenote_note":"","_monsterinsights_sitenote_category":0,"footnotes":""},"class_list":["post-2482","page","type-page","status-publish","has-post-thumbnail","hentry"],"aioseo_notices":[],"_links":{"self":[{"href":"https:\/\/www.museosdemequinenza.com\/ca\/wp-json\/wp\/v2\/pages\/2482","targetHints":{"allow":["GET"]}}],"collection":[{"href":"https:\/\/www.museosdemequinenza.com\/ca\/wp-json\/wp\/v2\/pages"}],"about":[{"href":"https:\/\/www.museosdemequinenza.com\/ca\/wp-json\/wp\/v2\/types\/page"}],"author":[{"embeddable":true,"href":"https:\/\/www.museosdemequinenza.com\/ca\/wp-json\/wp\/v2\/users\/1"}],"replies":[{"embeddable":true,"href":"https:\/\/www.museosdemequinenza.com\/ca\/wp-json\/wp\/v2\/comments?post=2482"}],"version-history":[{"count":46,"href":"https:\/\/www.museosdemequinenza.com\/ca\/wp-json\/wp\/v2\/pages\/2482\/revisions"}],"predecessor-version":[{"id":8175,"href":"https:\/\/www.museosdemequinenza.com\/ca\/wp-json\/wp\/v2\/pages\/2482\/revisions\/8175"}],"wp:featuredmedia":[{"embeddable":true,"href":"https:\/\/www.museosdemequinenza.com\/ca\/wp-json\/wp\/v2\/media\/4906"}],"wp:attachment":[{"href":"https:\/\/www.museosdemequinenza.com\/ca\/wp-json\/wp\/v2\/media?parent=2482"}],"curies":[{"name":"wp","href":"https:\/\/api.w.org\/{rel}","templated":true}]}}