{"id":13274,"date":"2025-11-19T13:05:39","date_gmt":"2025-11-19T11:05:39","guid":{"rendered":"https:\/\/www.museosdemequinenza.com\/?page_id=13274"},"modified":"2026-02-18T10:27:22","modified_gmt":"2026-02-18T08:27:22","slug":"geocaching-en-mequinenza","status":"publish","type":"page","link":"https:\/\/www.museosdemequinenza.com\/ca\/geocaching-en-mequinenza\/","title":{"rendered":"Geocaching a Mequinensa"},"content":{"rendered":"<div data-elementor-type=\"wp-page\" data-elementor-id=\"13274\" class=\"elementor elementor-13274\">\n\t\t\t\t\t\t<section class=\"elementor-section elementor-top-section elementor-element elementor-element-dcff834 elementor-section-boxed elementor-section-height-default elementor-section-height-default\" data-id=\"dcff834\" data-element_type=\"section\" data-e-type=\"section\">\n\t\t\t\t\t\t<div class=\"elementor-container elementor-column-gap-default\">\n\t\t\t\t\t<div class=\"elementor-column elementor-col-100 elementor-top-column elementor-element elementor-element-cba93a3\" data-id=\"cba93a3\" data-element_type=\"column\" data-e-type=\"column\">\n\t\t\t<div class=\"elementor-widget-wrap elementor-element-populated\">\n\t\t\t\t\t\t<section class=\"elementor-section elementor-inner-section elementor-element elementor-element-0979df6 elementor-section-boxed elementor-section-height-default elementor-section-height-default\" data-id=\"0979df6\" data-element_type=\"section\" data-e-type=\"section\">\n\t\t\t\t\t\t<div class=\"elementor-container elementor-column-gap-default\">\n\t\t\t\t\t<div class=\"elementor-column elementor-col-50 elementor-inner-column elementor-element elementor-element-24d744d\" data-id=\"24d744d\" data-element_type=\"column\" data-e-type=\"column\">\n\t\t\t<div class=\"elementor-widget-wrap elementor-element-populated\">\n\t\t\t\t\t\t<div class=\"elementor-element elementor-element-944f74e elementor-widget elementor-widget-image\" data-id=\"944f74e\" data-element_type=\"widget\" data-e-type=\"widget\" data-widget_type=\"image.default\">\n\t\t\t\t<div class=\"elementor-widget-container\">\n\t\t\t\t\t\t\t\t\t\t\t\t\t\t\t<img fetchpriority=\"high\" decoding=\"async\" width=\"1024\" height=\"768\" src=\"https:\/\/www.museosdemequinenza.com\/wp-content\/uploads\/2025\/11\/geocaching-1024x768.jpg\" class=\"attachment-large size-large wp-image-13275\" alt=\"\" srcset=\"https:\/\/www.museosdemequinenza.com\/wp-content\/uploads\/2025\/11\/geocaching-1024x768.jpg 1024w, https:\/\/www.museosdemequinenza.com\/wp-content\/uploads\/2025\/11\/geocaching-300x225.jpg 300w, https:\/\/www.museosdemequinenza.com\/wp-content\/uploads\/2025\/11\/geocaching-768x576.jpg 768w, https:\/\/www.museosdemequinenza.com\/wp-content\/uploads\/2025\/11\/geocaching-16x12.jpg 16w, https:\/\/www.museosdemequinenza.com\/wp-content\/uploads\/2025\/11\/geocaching.jpg 1200w\" sizes=\"(max-width: 1024px) 100vw, 1024px\" \/>\t\t\t\t\t\t\t\t\t\t\t\t\t\t\t<\/div>\n\t\t\t\t<\/div>\n\t\t\t\t\t<\/div>\n\t\t<\/div>\n\t\t\t\t<div class=\"elementor-column elementor-col-50 elementor-inner-column elementor-element elementor-element-ce98524\" data-id=\"ce98524\" data-element_type=\"column\" data-e-type=\"column\">\n\t\t\t<div class=\"elementor-widget-wrap elementor-element-populated\">\n\t\t\t\t\t\t<div class=\"elementor-element elementor-element-39eff1e elementor-widget elementor-widget-heading\" data-id=\"39eff1e\" data-element_type=\"widget\" data-e-type=\"widget\" data-widget_type=\"heading.default\">\n\t\t\t\t<div class=\"elementor-widget-container\">\n\t\t\t\t\t<h2 class=\"elementor-heading-title elementor-size-default\">Qu\u00e8 \u00e9s el Geocaching?<\/h2>\t\t\t\t<\/div>\n\t\t\t\t<\/div>\n\t\t\t\t<div class=\"elementor-element elementor-element-9214a09 elementor-widget elementor-widget-text-editor\" data-id=\"9214a09\" data-element_type=\"widget\" data-e-type=\"widget\" data-widget_type=\"text-editor.default\">\n\t\t\t\t<div class=\"elementor-widget-container\">\n\t\t\t\t\t\t\t\t\t<p>El Geocaching \u00e9s una emocionant <b>recerca del tresor moderna<\/b> que utilitza la tecnologia GPS a trav\u00e9s de l\u2019app Geocaching. Consisteix a trobar petits contenidors (anomenats \u00abcach\u00e9s\u00bb) amagats per altres participants, utilitzant les coordenades i pistes publicades en l\u00ednia. \u00c9s una manera divertida i diferent d\u2019explorar els racons m\u00e9s fascinants i hist\u00f2rics de Mequinensa<\/p>\t\t\t\t\t\t\t\t<\/div>\n\t\t\t\t<\/div>\n\t\t\t\t\t<\/div>\n\t\t<\/div>\n\t\t\t\t\t<\/div>\n\t\t<\/section>\n\t\t\t\t<section class=\"elementor-section elementor-inner-section elementor-element elementor-element-22ea5e0 elementor-section-boxed elementor-section-height-default elementor-section-height-default\" data-id=\"22ea5e0\" data-element_type=\"section\" data-e-type=\"section\">\n\t\t\t\t\t\t<div class=\"elementor-container elementor-column-gap-default\">\n\t\t\t\t\t<div class=\"elementor-column elementor-col-50 elementor-inner-column elementor-element elementor-element-8b5d0f6\" data-id=\"8b5d0f6\" data-element_type=\"column\" data-e-type=\"column\">\n\t\t\t<div class=\"elementor-widget-wrap elementor-element-populated\">\n\t\t\t\t\t\t<div class=\"elementor-element elementor-element-5adae1a elementor-widget elementor-widget-heading\" data-id=\"5adae1a\" data-element_type=\"widget\" data-e-type=\"widget\" data-widget_type=\"heading.default\">\n\t\t\t\t<div class=\"elementor-widget-container\">\n\t\t\t\t\t<h2 class=\"elementor-heading-title elementor-size-default\">Primers passos per buscar el teu primer cach\u00e9<\/h2>\t\t\t\t<\/div>\n\t\t\t\t<\/div>\n\t\t\t\t<div class=\"elementor-element elementor-element-27b7640 elementor-widget elementor-widget-text-editor\" data-id=\"27b7640\" data-element_type=\"widget\" data-e-type=\"widget\" data-widget_type=\"text-editor.default\">\n\t\t\t\t<div class=\"elementor-widget-container\">\n\t\t\t\t\t\t\t\t\t<ol start=\"1\" data-path-to-node=\"12\"><li><p data-path-to-node=\"12,0,0\"><b>Registra\u2019t:<\/b> Crea un compte gratu\u00eft al web oficial de <a href=\"http:\/\/Geocaching.com\">Geocaching<\/a>.<\/p><\/li><li><p data-path-to-node=\"12,1,0\"><b>Instal\u00b7la l\u2019App:<\/b> Descarrega l\u2019aplicaci\u00f3 oficial de Geocaching al teu m\u00f2bil (disponible per a <a href=\"https:\/\/play.google.com\/store\/apps\/details?id=com.groundspeak.geocaching.intro&amp;hl=es\u00e7\">Android <\/a>i <a href=\"https:\/\/apps.apple.com\/us\/app\/geocaching\/id329541503\">iOS<\/a>).<\/p><\/li><li><p data-path-to-node=\"12,2,0\"><b>Busca Mequinensa:<\/b> A l\u2019aplicaci\u00f3 o al web, introdueix <b>\u00abMequinensa\u00bb<\/b>\u00a0per veure el mapa dels cach\u00e9s disponibles a la zona.<\/p><\/li><li><p data-path-to-node=\"12,3,0\"><b>A l\u2019Aventura!<\/b> Selecciona un cach\u00e9, llegeix la descripci\u00f3 i les pistes, i utilitza l\u2019app per guiar-te fins al punt.<\/p><\/li><li><p data-path-to-node=\"12,3,0\">Un cop trobis el catx\u00e9, <b>firma el llibre de registre.\u00a0<\/b><b>Torna a amagar el cach\u00e9 exactament on era<\/b> perqu\u00e8 el seg\u00fcent buscador tamb\u00e9 el pugui trobar.<\/p><\/li><\/ol>\t\t\t\t\t\t\t\t<\/div>\n\t\t\t\t<\/div>\n\t\t\t\t\t<\/div>\n\t\t<\/div>\n\t\t\t\t<div class=\"elementor-column elementor-col-50 elementor-inner-column elementor-element elementor-element-36e8502\" data-id=\"36e8502\" data-element_type=\"column\" data-e-type=\"column\">\n\t\t\t<div class=\"elementor-widget-wrap elementor-element-populated\">\n\t\t\t\t\t\t<div class=\"elementor-element elementor-element-3b1460f elementor-widget elementor-widget-image\" data-id=\"3b1460f\" data-element_type=\"widget\" data-e-type=\"widget\" data-widget_type=\"image.default\">\n\t\t\t\t<div class=\"elementor-widget-container\">\n\t\t\t\t\t\t\t\t\t\t\t\t\t\t\t<img decoding=\"async\" width=\"1000\" height=\"750\" src=\"https:\/\/www.museosdemequinenza.com\/wp-content\/uploads\/2025\/05\/vista-aerea.png\" class=\"attachment-large size-large wp-image-12603\" alt=\"\" srcset=\"https:\/\/www.museosdemequinenza.com\/wp-content\/uploads\/2025\/05\/vista-aerea.png 1000w, https:\/\/www.museosdemequinenza.com\/wp-content\/uploads\/2025\/05\/vista-aerea-300x225.png 300w, https:\/\/www.museosdemequinenza.com\/wp-content\/uploads\/2025\/05\/vista-aerea-768x576.png 768w, https:\/\/www.museosdemequinenza.com\/wp-content\/uploads\/2025\/05\/vista-aerea-16x12.png 16w\" sizes=\"(max-width: 1000px) 100vw, 1000px\" \/>\t\t\t\t\t\t\t\t\t\t\t\t\t\t\t<\/div>\n\t\t\t\t<\/div>\n\t\t\t\t\t<\/div>\n\t\t<\/div>\n\t\t\t\t\t<\/div>\n\t\t<\/section>\n\t\t\t\t<section class=\"elementor-section elementor-inner-section elementor-element elementor-element-b9a61fb elementor-section-boxed elementor-section-height-default elementor-section-height-default\" data-id=\"b9a61fb\" data-element_type=\"section\" data-e-type=\"section\">\n\t\t\t\t\t\t<div class=\"elementor-container elementor-column-gap-default\">\n\t\t\t\t\t<div class=\"elementor-column elementor-col-50 elementor-inner-column elementor-element elementor-element-036e6de\" data-id=\"036e6de\" data-element_type=\"column\" data-e-type=\"column\">\n\t\t\t<div class=\"elementor-widget-wrap elementor-element-populated\">\n\t\t\t\t\t\t<div class=\"elementor-element elementor-element-0bc661a elementor-widget elementor-widget-image\" data-id=\"0bc661a\" data-element_type=\"widget\" data-e-type=\"widget\" data-widget_type=\"image.default\">\n\t\t\t\t<div class=\"elementor-widget-container\">\n\t\t\t\t\t\t\t\t\t\t\t\t\t\t\t<img decoding=\"async\" width=\"1024\" height=\"644\" src=\"https:\/\/www.museosdemequinenza.com\/wp-content\/uploads\/2025\/11\/geocaching-mequinenza-1024x644.png\" class=\"attachment-large size-large wp-image-13278\" alt=\"\" srcset=\"https:\/\/www.museosdemequinenza.com\/wp-content\/uploads\/2025\/11\/geocaching-mequinenza-1024x644.png 1024w, https:\/\/www.museosdemequinenza.com\/wp-content\/uploads\/2025\/11\/geocaching-mequinenza-e1763550991797-18x12.png 18w\" sizes=\"(max-width: 1024px) 100vw, 1024px\" \/>\t\t\t\t\t\t\t\t\t\t\t\t\t\t\t<\/div>\n\t\t\t\t<\/div>\n\t\t\t\t\t<\/div>\n\t\t<\/div>\n\t\t\t\t<div class=\"elementor-column elementor-col-50 elementor-inner-column elementor-element elementor-element-586bb96\" data-id=\"586bb96\" data-element_type=\"column\" data-e-type=\"column\">\n\t\t\t<div class=\"elementor-widget-wrap elementor-element-populated\">\n\t\t\t\t\t\t<div class=\"elementor-element elementor-element-0dcf617 elementor-widget elementor-widget-heading\" data-id=\"0dcf617\" data-element_type=\"widget\" data-e-type=\"widget\" data-widget_type=\"heading.default\">\n\t\t\t\t<div class=\"elementor-widget-container\">\n\t\t\t\t\t<h2 class=\"elementor-heading-title elementor-size-default\">Troba els Catx\u00e9s de Mequinensa<\/h2>\t\t\t\t<\/div>\n\t\t\t\t<\/div>\n\t\t\t\t<div class=\"elementor-element elementor-element-077f4a4 elementor-widget elementor-widget-text-editor\" data-id=\"077f4a4\" data-element_type=\"widget\" data-e-type=\"widget\" data-widget_type=\"text-editor.default\">\n\t\t\t\t<div class=\"elementor-widget-container\">\n\t\t\t\t\t\t\t\t\t<p>Per obtenir la llista completa i les coordenades exactes de tots els cach\u00e9s actius a Mequinensa i els seus voltants, has de visitar la plataforma oficial o fer clic al mapa de Mequinensa. Bona sort!<\/p><ul><li>\u2b50<span style=\"color: #8c9e65; font-family: 'Helvetica Neue', Arial, Helvetica, sans-serif; font-size: 14.4px; font-style: normal; font-weight: bold;\">GCBEJ9H &#8211;\u00a0<\/span><a style=\"font-family: 'Helvetica Neue', Arial, Helvetica, sans-serif; font-size: 14.4px; font-style: normal; font-weight: bold; --tw-border-spacing-x: 0; --tw-border-spacing-y: 0; --tw-translate-x: 0; --tw-translate-y: 0; --tw-rotate: 0; --tw-skew-x: 0; --tw-skew-y: 0; --tw-scale-x: 1; --tw-scale-y: 1; --tw-scroll-snap-strictness: proximity; --tw-ring-offset-width: 0px; --tw-ring-offset-color: #fff; --tw-ring-color: rgb(50 109 191 \/ 0.5); --tw-ring-offset-shadow: 0 0 #0000; --tw-ring-shadow: 0 0 #0000; --tw-shadow: 0 0 #0000; --tw-shadow-colored: 0 0 #0000; color: #0078a8;\" href=\"https:\/\/www.geocaching.com\/seek\/cache_details.aspx?wp=GCBEJ9H\" target=\"_blank\" rel=\"noopener\" data-event-category=\"data\" data-event-label=\"View Geocache Details\">La memoria de Mequinenza | La mem\u00f2ria de Mequinensa<\/a><\/li><li><span style=\"font-family: Roboto, sans-serif; font-size: 16px; font-style: normal; font-weight: 400;\">\u2b50<\/span><span style=\"color: #8c9e65; font-family: 'Helvetica Neue', Arial, Helvetica, sans-serif; font-size: 14.4px; font-style: normal; font-weight: bold;\">GCBF0VB &#8211;\u00a0<\/span><a style=\"font-family: 'Helvetica Neue', Arial, Helvetica, sans-serif; font-size: 14.4px; font-style: normal; font-weight: bold; --tw-border-spacing-x: 0; --tw-border-spacing-y: 0; --tw-translate-x: 0; --tw-translate-y: 0; --tw-rotate: 0; --tw-skew-x: 0; --tw-skew-y: 0; --tw-scale-x: 1; --tw-scale-y: 1; --tw-scroll-snap-strictness: proximity; --tw-ring-offset-width: 0px; --tw-ring-offset-color: #fff; --tw-ring-color: rgb(50 109 191 \/ 0.5); --tw-ring-offset-shadow: 0 0 #0000; --tw-ring-shadow: 0 0 #0000; --tw-shadow: 0 0 #0000; --tw-shadow-colored: 0 0 #0000; color: #0078a8;\" href=\"https:\/\/www.geocaching.com\/seek\/cache_details.aspx?wp=GCBF0VB\" target=\"_blank\" rel=\"noopener\" data-event-category=\"data\" data-event-label=\"View Geocache Details\">Pueblo Viejo Mequinenza | Poble Vell Mequinensa<\/a><\/li><li><span style=\"font-family: Roboto, sans-serif; font-size: 16px; font-style: normal; font-weight: 400;\">\u2b50<\/span><span style=\"color: #8c9e65; font-family: 'Helvetica Neue', Arial, Helvetica, sans-serif; font-size: 14.4px; font-style: normal; font-weight: bold;\">GCBF0WE &#8211;\u00a0<\/span><a style=\"font-family: 'Helvetica Neue', Arial, Helvetica, sans-serif; font-size: 14.4px; font-style: normal; font-weight: bold; --tw-border-spacing-x: 0; --tw-border-spacing-y: 0; --tw-translate-x: 0; --tw-translate-y: 0; --tw-rotate: 0; --tw-skew-x: 0; --tw-skew-y: 0; --tw-scale-x: 1; --tw-scale-y: 1; --tw-scroll-snap-strictness: proximity; --tw-ring-offset-width: 0px; --tw-ring-offset-color: #fff; --tw-ring-color: rgb(50 109 191 \/ 0.5); --tw-ring-offset-shadow: 0 0 #0000; --tw-ring-shadow: 0 0 #0000; --tw-shadow: 0 0 #0000; --tw-shadow-colored: 0 0 #0000; color: #0078a8;\" href=\"https:\/\/www.geocaching.com\/seek\/cache_details.aspx?wp=GCBF0WE\" target=\"_blank\" rel=\"noopener\" data-event-category=\"data\" data-event-label=\"View Geocache Details\">Camino de Sirga | Cam\u00ed de Sirga<\/a><\/li><li><span style=\"font-family: Roboto, sans-serif; font-size: 16px; font-style: normal; font-weight: 400;\">\u2b50<\/span><span style=\"color: #8c9e65; font-family: 'Helvetica Neue', Arial, Helvetica, sans-serif; font-size: 14.4px; font-style: normal; font-weight: bold;\">GCBF0TD &#8211;\u00a0<\/span><a style=\"font-family: 'Helvetica Neue', Arial, Helvetica, sans-serif; font-size: 14.4px; font-style: normal; font-weight: bold; --tw-border-spacing-x: 0; --tw-border-spacing-y: 0; --tw-translate-x: 0; --tw-translate-y: 0; --tw-rotate: 0; --tw-skew-x: 0; --tw-skew-y: 0; --tw-scale-x: 1; --tw-scale-y: 1; --tw-scroll-snap-strictness: proximity; --tw-ring-offset-width: 0px; --tw-ring-offset-color: #fff; --tw-ring-color: rgb(50 109 191 \/ 0.5); --tw-ring-offset-shadow: 0 0 #0000; --tw-ring-shadow: 0 0 #0000; --tw-shadow: 0 0 #0000; --tw-shadow-colored: 0 0 #0000; color: #0078a8; text-decoration-line: none;\" href=\"https:\/\/www.geocaching.com\/seek\/cache_details.aspx?wp=GCBF0TD\" target=\"_blank\" rel=\"noopener\" data-event-category=\"data\" data-event-label=\"View Geocache Details\">La batalla de los Auts | La batalla dels Auts<\/a><\/li><li><span style=\"font-family: Roboto, sans-serif; font-size: 16px; font-style: normal; font-weight: 400;\">\u2b50<\/span><span style=\"color: #8c9e65; font-family: 'Helvetica Neue', Arial, Helvetica, sans-serif; font-size: 14.4px; font-style: normal; font-weight: bold;\">GCBF84T &#8211;\u00a0<\/span><span style=\"color: #4a4a4a; font-family: 'Helvetica Neue', Arial, Helvetica, sans-serif; font-size: 1.2em; font-style: normal; font-weight: bold;\">\u00a0<\/span><a style=\"font-family: 'Helvetica Neue', Arial, Helvetica, sans-serif; font-size: 14.4px; font-style: normal; font-weight: bold; --tw-border-spacing-x: 0; --tw-border-spacing-y: 0; --tw-translate-x: 0; --tw-translate-y: 0; --tw-rotate: 0; --tw-skew-x: 0; --tw-skew-y: 0; --tw-scale-x: 1; --tw-scale-y: 1; --tw-scroll-snap-strictness: proximity; --tw-ring-offset-width: 0px; --tw-ring-offset-color: #fff; --tw-ring-color: rgb(50 109 191 \/ 0.5); --tw-ring-offset-shadow: 0 0 #0000; --tw-ring-shadow: 0 0 #0000; --tw-shadow: 0 0 #0000; --tw-shadow-colored: 0 0 #0000; color: #0078a8; text-decoration-line: none;\" href=\"https:\/\/www.geocaching.com\/seek\/cache_details.aspx?wp=GCBF84T\" target=\"_blank\" rel=\"noopener\" data-event-category=\"data\" data-event-label=\"View Geocache Details\">La Capital de la Pesca<\/a><\/li><li><span style=\"font-family: Roboto, sans-serif; font-size: 16px; font-style: normal; font-weight: 400;\">\u2b50<span style=\"color: #8c9e65; font-family: 'Helvetica Neue', Arial, Helvetica, sans-serif; font-size: 14.4px; font-style: normal; font-weight: bold;\">GCBJ95T &#8211; <a style=\"font-family: 'Helvetica Neue', Arial, Helvetica, sans-serif; font-size: 14.4px; font-style: normal; font-weight: bold; --tw-border-spacing-x: 0; --tw-border-spacing-y: 0; --tw-translate-x: 0; --tw-translate-y: 0; --tw-rotate: 0; --tw-skew-x: 0; --tw-skew-y: 0; --tw-scale-x: 1; --tw-scale-y: 1; --tw-scroll-snap-strictness: proximity; --tw-ring-offset-width: 0px; --tw-ring-offset-color: #fff; --tw-ring-color: rgb(50 109 191 \/ 0.5); --tw-ring-offset-shadow: 0 0 #0000; --tw-ring-shadow: 0 0 #0000; --tw-shadow: 0 0 #0000; --tw-shadow-colored: 0 0 #0000; color: #0078a8; text-decoration-line: none;\" href=\"https:\/\/www.geocaching.com\/geocache\/GCBJ95T_llaut\" target=\"_blank\" rel=\"noopener\" data-event-category=\"data\" data-event-label=\"View Geocache Details\">El llaut<\/a><\/span><\/span><\/li><\/ul>\t\t\t\t\t\t\t\t<\/div>\n\t\t\t\t<\/div>\n\t\t\t\t\t<\/div>\n\t\t<\/div>\n\t\t\t\t\t<\/div>\n\t\t<\/section>\n\t\t\t\t\t<\/div>\n\t\t<\/div>\n\t\t\t\t\t<\/div>\n\t\t<\/section>\n\t\t\t\t<\/div>","protected":false},"excerpt":{"rendered":"<p>\u00bfQu\u00e9 es el Geocaching? El Geocaching es una emocionante b\u00fasqueda del tesoro moderna que utiliza la tecnolog\u00eda GPS a trav\u00e9s de la app Geocaching. Consiste en encontrar peque\u00f1os contenedores (llamados \u00abcach\u00e9s\u00bb) escondidos por otros participantes, usando las coordenadas y pistas publicadas en l\u00ednea. Es una forma divertida y diferente de explorar los rincones m\u00e1s fascinantes<\/p>\n<p><a href=\"https:\/\/www.museosdemequinenza.com\/ca\/geocaching-en-mequinenza\/\" class=\"more-link themebutton\">Read More<\/a><\/p>","protected":false},"author":1,"featured_media":13275,"parent":0,"menu_order":0,"comment_status":"closed","ping_status":"closed","template":"","meta":{"_monsterinsights_skip_tracking":false,"_monsterinsights_sitenote_active":false,"_monsterinsights_sitenote_note":"","_monsterinsights_sitenote_category":0,"footnotes":""},"class_list":["post-13274","page","type-page","status-publish","has-post-thumbnail","hentry"],"aioseo_notices":[],"_links":{"self":[{"href":"https:\/\/www.museosdemequinenza.com\/ca\/wp-json\/wp\/v2\/pages\/13274","targetHints":{"allow":["GET"]}}],"collection":[{"href":"https:\/\/www.museosdemequinenza.com\/ca\/wp-json\/wp\/v2\/pages"}],"about":[{"href":"https:\/\/www.museosdemequinenza.com\/ca\/wp-json\/wp\/v2\/types\/page"}],"author":[{"embeddable":true,"href":"https:\/\/www.museosdemequinenza.com\/ca\/wp-json\/wp\/v2\/users\/1"}],"replies":[{"embeddable":true,"href":"https:\/\/www.museosdemequinenza.com\/ca\/wp-json\/wp\/v2\/comments?post=13274"}],"version-history":[{"count":7,"href":"https:\/\/www.museosdemequinenza.com\/ca\/wp-json\/wp\/v2\/pages\/13274\/revisions"}],"predecessor-version":[{"id":13547,"href":"https:\/\/www.museosdemequinenza.com\/ca\/wp-json\/wp\/v2\/pages\/13274\/revisions\/13547"}],"wp:featuredmedia":[{"embeddable":true,"href":"https:\/\/www.museosdemequinenza.com\/ca\/wp-json\/wp\/v2\/media\/13275"}],"wp:attachment":[{"href":"https:\/\/www.museosdemequinenza.com\/ca\/wp-json\/wp\/v2\/media?parent=13274"}],"curies":[{"name":"wp","href":"https:\/\/api.w.org\/{rel}","templated":true}]}}