{"id":13087,"date":"2025-09-30T11:24:06","date_gmt":"2025-09-30T09:24:06","guid":{"rendered":"https:\/\/www.museosdemequinenza.com\/?page_id=13087"},"modified":"2025-09-30T11:28:29","modified_gmt":"2025-09-30T09:28:29","slug":"exposiciones-y-proyectos-digitales","status":"publish","type":"page","link":"https:\/\/www.museosdemequinenza.com\/ca\/exposiciones-y-proyectos-digitales\/","title":{"rendered":"Exposicions i Projectes Digitals"},"content":{"rendered":"<div data-elementor-type=\"wp-page\" data-elementor-id=\"13087\" class=\"elementor elementor-13087\">\n\t\t\t\t\t\t<section class=\"elementor-section elementor-top-section elementor-element elementor-element-4e658c0 elementor-section-boxed elementor-section-height-default elementor-section-height-default\" data-id=\"4e658c0\" data-element_type=\"section\" data-e-type=\"section\">\n\t\t\t\t\t\t<div class=\"elementor-container elementor-column-gap-default\">\n\t\t\t\t\t<div class=\"elementor-column elementor-col-100 elementor-top-column elementor-element elementor-element-3aaa93f\" data-id=\"3aaa93f\" data-element_type=\"column\" data-e-type=\"column\">\n\t\t\t<div class=\"elementor-widget-wrap elementor-element-populated\">\n\t\t\t\t\t\t<div class=\"elementor-element elementor-element-c68f81e elementor-position-left elementor-vertical-align-top elementor-widget elementor-widget-image-box\" data-id=\"c68f81e\" data-element_type=\"widget\" data-e-type=\"widget\" data-widget_type=\"image-box.default\">\n\t\t\t\t<div class=\"elementor-widget-container\">\n\t\t\t\t\t<div class=\"elementor-image-box-wrapper\"><figure class=\"elementor-image-box-img\"><a href=\"https:\/\/www.arcgis.com\/apps\/Shortlist\/index.html?appid=a63d85c047f34354b5300570fd6c148e\" tabindex=\"-1\"><img fetchpriority=\"high\" decoding=\"async\" width=\"1600\" height=\"1200\" src=\"https:\/\/www.museosdemequinenza.com\/wp-content\/uploads\/2017\/02\/mequinenza.jpg\" class=\"attachment-full size-full wp-image-149\" alt=\"\" srcset=\"https:\/\/www.museosdemequinenza.com\/wp-content\/uploads\/2017\/02\/mequinenza.jpg 1600w, https:\/\/www.museosdemequinenza.com\/wp-content\/uploads\/2017\/02\/mequinenza-300x225.jpg 300w, https:\/\/www.museosdemequinenza.com\/wp-content\/uploads\/2017\/02\/mequinenza-768x576.jpg 768w, https:\/\/www.museosdemequinenza.com\/wp-content\/uploads\/2017\/02\/mequinenza-1024x768.jpg 1024w\" sizes=\"(max-width: 1600px) 100vw, 1600px\" \/><\/a><\/figure><div class=\"elementor-image-box-content\"><h3 class=\"elementor-image-box-title\"><a href=\"https:\/\/www.arcgis.com\/apps\/Shortlist\/index.html?appid=a63d85c047f34354b5300570fd6c148e\">IM\u00c1GENES PARA LA MEMORIA<\/a><\/h3><p class=\"elementor-image-box-description\">Un mapa visual permet rec\u00f3rrer el Poble Vell de Mequinensa a partir de m\u00e9s de 300 fotografies geolocalitzades al lloc on van ser fetes quan es compleixen 50 anys de la desaparici\u00f3 de l'antiga poblaci\u00f3.<\/p><\/div><\/div>\t\t\t\t<\/div>\n\t\t\t\t<\/div>\n\t\t\t\t\t<\/div>\n\t\t<\/div>\n\t\t\t\t\t<\/div>\n\t\t<\/section>\n\t\t\t\t<\/div>","protected":false},"excerpt":{"rendered":"<p>IM\u00c1GENES PARA LA MEMORIA Un mapa visual permite recorrer el Pueblo Viejo de Mequinenza a partir de m\u00e1s de 300 fotograf\u00edas geolocalizadas en el lugar donde fueron tomadas cuando se cumplen 50 a\u00f1os de la desaparici\u00f3n de la antigua poblaci\u00f3n.<\/p>","protected":false},"author":1,"featured_media":12188,"parent":0,"menu_order":0,"comment_status":"closed","ping_status":"closed","template":"","meta":{"_monsterinsights_skip_tracking":false,"_monsterinsights_sitenote_active":false,"_monsterinsights_sitenote_note":"","_monsterinsights_sitenote_category":0,"footnotes":""},"class_list":["post-13087","page","type-page","status-publish","has-post-thumbnail","hentry"],"aioseo_notices":[],"_links":{"self":[{"href":"https:\/\/www.museosdemequinenza.com\/ca\/wp-json\/wp\/v2\/pages\/13087","targetHints":{"allow":["GET"]}}],"collection":[{"href":"https:\/\/www.museosdemequinenza.com\/ca\/wp-json\/wp\/v2\/pages"}],"about":[{"href":"https:\/\/www.museosdemequinenza.com\/ca\/wp-json\/wp\/v2\/types\/page"}],"author":[{"embeddable":true,"href":"https:\/\/www.museosdemequinenza.com\/ca\/wp-json\/wp\/v2\/users\/1"}],"replies":[{"embeddable":true,"href":"https:\/\/www.museosdemequinenza.com\/ca\/wp-json\/wp\/v2\/comments?post=13087"}],"version-history":[{"count":4,"href":"https:\/\/www.museosdemequinenza.com\/ca\/wp-json\/wp\/v2\/pages\/13087\/revisions"}],"predecessor-version":[{"id":13095,"href":"https:\/\/www.museosdemequinenza.com\/ca\/wp-json\/wp\/v2\/pages\/13087\/revisions\/13095"}],"wp:featuredmedia":[{"embeddable":true,"href":"https:\/\/www.museosdemequinenza.com\/ca\/wp-json\/wp\/v2\/media\/12188"}],"wp:attachment":[{"href":"https:\/\/www.museosdemequinenza.com\/ca\/wp-json\/wp\/v2\/media?parent=13087"}],"curies":[{"name":"wp","href":"https:\/\/api.w.org\/{rel}","templated":true}]}}