{"id":11612,"date":"2024-11-15T10:33:59","date_gmt":"2024-11-15T08:33:59","guid":{"rendered":"https:\/\/www.museosdemequinenza.com\/?page_id=11612"},"modified":"2024-11-15T11:10:27","modified_gmt":"2024-11-15T09:10:27","slug":"el-museo-de-la-historia-de-mequinenza-un-viaje-por-sus-rios-pueblo-y-memoria","status":"publish","type":"page","link":"https:\/\/www.museosdemequinenza.com\/ca\/el-museo-de-la-historia-de-mequinenza-un-viaje-por-sus-rios-pueblo-y-memoria\/","title":{"rendered":"El Museo de la Historia de Mequinenza: un viaje por sus r\u00edos, pueblo y memoria"},"content":{"rendered":"<div data-elementor-type=\"wp-page\" data-elementor-id=\"11612\" class=\"elementor elementor-11612\">\n\t\t\t\t\t\t<section class=\"elementor-section elementor-top-section elementor-element elementor-element-7488c53 elementor-section-boxed elementor-section-height-default elementor-section-height-default\" data-id=\"7488c53\" data-element_type=\"section\" data-e-type=\"section\">\n\t\t\t\t\t\t<div class=\"elementor-container elementor-column-gap-default\">\n\t\t\t\t\t<div class=\"elementor-column elementor-col-100 elementor-top-column elementor-element elementor-element-2aaa8e8\" data-id=\"2aaa8e8\" data-element_type=\"column\" data-e-type=\"column\">\n\t\t\t<div class=\"elementor-widget-wrap elementor-element-populated\">\n\t\t\t\t\t\t<div class=\"elementor-element elementor-element-53cc555 elementor-widget elementor-widget-html\" data-id=\"53cc555\" data-element_type=\"widget\" data-e-type=\"widget\" data-widget_type=\"html.default\">\n\t\t\t\t<div class=\"elementor-widget-container\">\n\t\t\t\t\t\n<body>\n    <header>\n        <h1>Museo de la Historia de Mequinenza: Tres R\u00edos, Dos Pueblos y un Castillo<\/h1>\n        <p>Viaja a trav\u00e9s de la historia de Mequinenza con nosotros y descubre la huella que han dejado los r\u00edos Ebro, Segre y Cinca en esta fascinante localidad.<\/p>\n    <\/header>\t\t\t\t<\/div>\n\t\t\t\t<\/div>\n\t\t\t\t<section class=\"elementor-section elementor-inner-section elementor-element elementor-element-4360c33 elementor-section-boxed elementor-section-height-default elementor-section-height-default\" data-id=\"4360c33\" data-element_type=\"section\" data-e-type=\"section\">\n\t\t\t\t\t\t<div class=\"elementor-container elementor-column-gap-default\">\n\t\t\t\t\t<div class=\"elementor-column elementor-col-50 elementor-inner-column elementor-element elementor-element-3b891da\" data-id=\"3b891da\" data-element_type=\"column\" data-e-type=\"column\">\n\t\t\t<div class=\"elementor-widget-wrap elementor-element-populated\">\n\t\t\t\t\t\t<div class=\"elementor-element elementor-element-e14b4dd elementor-widget elementor-widget-image\" data-id=\"e14b4dd\" data-element_type=\"widget\" data-e-type=\"widget\" data-widget_type=\"image.default\">\n\t\t\t\t<div class=\"elementor-widget-container\">\n\t\t\t\t\t\t\t\t\t\t\t\t\t\t\t<img fetchpriority=\"high\" decoding=\"async\" width=\"1140\" height=\"731\" src=\"https:\/\/www.museosdemequinenza.com\/wp-content\/uploads\/2024\/08\/IMD-2024-Mequinenza-Aiguabarreig-copia-1140x731.jpg\" class=\"attachment-column1-2\/3 size-column1-2\/3 wp-image-11245\" alt=\"\" \/>\t\t\t\t\t\t\t\t\t\t\t\t\t\t\t<\/div>\n\t\t\t\t<\/div>\n\t\t\t\t\t<\/div>\n\t\t<\/div>\n\t\t\t\t<div class=\"elementor-column elementor-col-50 elementor-inner-column elementor-element elementor-element-1eb8376\" data-id=\"1eb8376\" data-element_type=\"column\" data-e-type=\"column\">\n\t\t\t<div class=\"elementor-widget-wrap elementor-element-populated\">\n\t\t\t\t\t\t<div class=\"elementor-element elementor-element-d43e846 elementor-widget elementor-widget-image\" data-id=\"d43e846\" data-element_type=\"widget\" data-e-type=\"widget\" data-widget_type=\"image.default\">\n\t\t\t\t<div class=\"elementor-widget-container\">\n\t\t\t\t\t\t\t\t\t\t\t\t\t\t\t<img decoding=\"async\" width=\"1140\" height=\"760\" src=\"https:\/\/www.museosdemequinenza.com\/wp-content\/uploads\/2024\/11\/pueblo-nuevo-de-mequinenza-1140x760.jpg\" class=\"attachment-column1-2\/3 size-column1-2\/3 wp-image-11621\" alt=\"\" srcset=\"https:\/\/www.museosdemequinenza.com\/wp-content\/uploads\/2024\/11\/pueblo-nuevo-de-mequinenza-1140x760.jpg 1140w, https:\/\/www.museosdemequinenza.com\/wp-content\/uploads\/2024\/11\/pueblo-nuevo-de-mequinenza-18x12.jpg 18w, https:\/\/www.museosdemequinenza.com\/wp-content\/uploads\/2024\/11\/pueblo-nuevo-de-mequinenza-570x380.jpg 570w, https:\/\/www.museosdemequinenza.com\/wp-content\/uploads\/2024\/11\/pueblo-nuevo-de-mequinenza-380x254.jpg 380w, https:\/\/www.museosdemequinenza.com\/wp-content\/uploads\/2024\/11\/pueblo-nuevo-de-mequinenza-285x190.jpg 285w\" sizes=\"(max-width: 1140px) 100vw, 1140px\" \/>\t\t\t\t\t\t\t\t\t\t\t\t\t\t\t<\/div>\n\t\t\t\t<\/div>\n\t\t\t\t\t<\/div>\n\t\t<\/div>\n\t\t\t\t\t<\/div>\n\t\t<\/section>\n\t\t\t\t<div class=\"elementor-element elementor-element-305d88e elementor-widget elementor-widget-html\" data-id=\"305d88e\" data-element_type=\"widget\" data-e-type=\"widget\" data-widget_type=\"html.default\">\n\t\t\t\t<div class=\"elementor-widget-container\">\n\t\t\t\t\t   <section id=\"ubicacion\">\n        <h2>La ubicaci\u00f3n estrat\u00e9gica de Mequinenza<\/h2>\n        <p>Situada en la confluencia de los r\u00edos Ebro, Segre y Cinca, Mequinenza ha sido hist\u00f3ricamente un punto clave para el comercio fluvial y la defensa militar. Estos r\u00edos, junto con su castillo medieval, han sido testigos de guerras, batallas y asedios. Hoy en d\u00eda, Mequinenza mantiene una importante herencia cultural y natural, convirti\u00e9ndose en un destino perfecto para un turismo enriquecedor, ideal para un turismo cultural y familiar, perfecto para los amantes de la historia y la naturaleza..<\/p>\n    <\/section>\t\t\t\t<\/div>\n\t\t\t\t<\/div>\n\t\t\t\t<section class=\"elementor-section elementor-inner-section elementor-element elementor-element-8db95f9 elementor-section-boxed elementor-section-height-default elementor-section-height-default\" data-id=\"8db95f9\" data-element_type=\"section\" data-e-type=\"section\">\n\t\t\t\t\t\t<div class=\"elementor-container elementor-column-gap-default\">\n\t\t\t\t\t<div class=\"elementor-column elementor-col-50 elementor-inner-column elementor-element elementor-element-fca5549\" data-id=\"fca5549\" data-element_type=\"column\" data-e-type=\"column\">\n\t\t\t<div class=\"elementor-widget-wrap elementor-element-populated\">\n\t\t\t\t\t\t<div class=\"elementor-element elementor-element-e4aefef elementor-widget elementor-widget-image\" data-id=\"e4aefef\" data-element_type=\"widget\" data-e-type=\"widget\" data-widget_type=\"image.default\">\n\t\t\t\t<div class=\"elementor-widget-container\">\n\t\t\t\t\t\t\t\t\t\t\t\t\t\t\t<img decoding=\"async\" width=\"1024\" height=\"683\" src=\"https:\/\/www.museosdemequinenza.com\/wp-content\/uploads\/2024\/10\/IMG_4599-1024x683.jpg\" class=\"attachment-large size-large wp-image-11555\" alt=\"\" srcset=\"https:\/\/www.museosdemequinenza.com\/wp-content\/uploads\/2024\/10\/IMG_4599-1024x683.jpg 1024w, https:\/\/www.museosdemequinenza.com\/wp-content\/uploads\/2024\/10\/IMG_4599-300x200.jpg 300w, https:\/\/www.museosdemequinenza.com\/wp-content\/uploads\/2024\/10\/IMG_4599-768x512.jpg 768w, https:\/\/www.museosdemequinenza.com\/wp-content\/uploads\/2024\/10\/IMG_4599-1536x1024.jpg 1536w, https:\/\/www.museosdemequinenza.com\/wp-content\/uploads\/2024\/10\/IMG_4599-2048x1365.jpg 2048w, https:\/\/www.museosdemequinenza.com\/wp-content\/uploads\/2024\/10\/IMG_4599-18x12.jpg 18w, https:\/\/www.museosdemequinenza.com\/wp-content\/uploads\/2024\/10\/IMG_4599-1140x760.jpg 1140w, https:\/\/www.museosdemequinenza.com\/wp-content\/uploads\/2024\/10\/IMG_4599-570x380.jpg 570w, https:\/\/www.museosdemequinenza.com\/wp-content\/uploads\/2024\/10\/IMG_4599-380x254.jpg 380w, https:\/\/www.museosdemequinenza.com\/wp-content\/uploads\/2024\/10\/IMG_4599-285x190.jpg 285w\" sizes=\"(max-width: 1024px) 100vw, 1024px\" \/>\t\t\t\t\t\t\t\t\t\t\t\t\t\t\t<\/div>\n\t\t\t\t<\/div>\n\t\t\t\t\t<\/div>\n\t\t<\/div>\n\t\t\t\t<div class=\"elementor-column elementor-col-50 elementor-inner-column elementor-element elementor-element-adf433a\" data-id=\"adf433a\" data-element_type=\"column\" data-e-type=\"column\">\n\t\t\t<div class=\"elementor-widget-wrap elementor-element-populated\">\n\t\t\t\t\t\t<div class=\"elementor-element elementor-element-d5e9486 elementor-widget elementor-widget-image\" data-id=\"d5e9486\" data-element_type=\"widget\" data-e-type=\"widget\" data-widget_type=\"image.default\">\n\t\t\t\t<div class=\"elementor-widget-container\">\n\t\t\t\t\t\t\t\t\t\t\t\t\t\t\t<img loading=\"lazy\" decoding=\"async\" width=\"1140\" height=\"760\" src=\"https:\/\/www.museosdemequinenza.com\/wp-content\/uploads\/2023\/03\/museo-historia-1140x760.jpeg\" class=\"attachment-column1-2\/3 size-column1-2\/3 wp-image-8902\" alt=\"\" srcset=\"https:\/\/www.museosdemequinenza.com\/wp-content\/uploads\/2023\/03\/museo-historia-1140x760.jpeg 1140w, https:\/\/www.museosdemequinenza.com\/wp-content\/uploads\/2023\/03\/museo-historia-570x380.jpeg 570w, https:\/\/www.museosdemequinenza.com\/wp-content\/uploads\/2023\/03\/museo-historia-380x254.jpeg 380w, https:\/\/www.museosdemequinenza.com\/wp-content\/uploads\/2023\/03\/museo-historia-285x190.jpeg 285w\" sizes=\"(max-width: 1140px) 100vw, 1140px\" \/>\t\t\t\t\t\t\t\t\t\t\t\t\t\t\t<\/div>\n\t\t\t\t<\/div>\n\t\t\t\t\t<\/div>\n\t\t<\/div>\n\t\t\t\t\t<\/div>\n\t\t<\/section>\n\t\t\t\t<div class=\"elementor-element elementor-element-0bb66c4 elementor-widget elementor-widget-html\" data-id=\"0bb66c4\" data-element_type=\"widget\" data-e-type=\"widget\" data-widget_type=\"html.default\">\n\t\t\t\t<div class=\"elementor-widget-container\">\n\t\t\t\t\t <section id=\"museo\">\n        <h2>Un viaje a un pasado milenario que no puedes perderte<\/h2>\n        <p>El <strong>Museu de la Hist\u00f2ria de Mequinensa<\/strong> es el lugar perfecto para conocer de forma sencilla la historia de Mequinenza. Ubicado en el antiguo Grupo Escolar Mar\u00eda Quintana construido en 1927, el museo ofrece salas y exposiciones sobre las culturas que habitaron estas tierras, sobre las diferentes guerras que asolaron la poblaci\u00f3n y permite conocer la vida del Pueblo Viejo, anegado y derribado por la construcci\u00f3n del embalse de Ribarroja en 1970. \n        <\/ul>\n    <\/section>\t\t\t\t<\/div>\n\t\t\t\t<\/div>\n\t\t\t\t<section class=\"elementor-section elementor-inner-section elementor-element elementor-element-8d7b72f elementor-section-boxed elementor-section-height-default elementor-section-height-default\" data-id=\"8d7b72f\" data-element_type=\"section\" data-e-type=\"section\">\n\t\t\t\t\t\t<div class=\"elementor-container elementor-column-gap-default\">\n\t\t\t\t\t<div class=\"elementor-column elementor-col-50 elementor-inner-column elementor-element elementor-element-df24195\" data-id=\"df24195\" data-element_type=\"column\" data-e-type=\"column\">\n\t\t\t<div class=\"elementor-widget-wrap elementor-element-populated\">\n\t\t\t\t\t\t<div class=\"elementor-element elementor-element-eecc6b5 elementor-widget elementor-widget-image\" data-id=\"eecc6b5\" data-element_type=\"widget\" data-e-type=\"widget\" data-widget_type=\"image.default\">\n\t\t\t\t<div class=\"elementor-widget-container\">\n\t\t\t\t\t\t\t\t\t\t\t\t\t\t\t<img loading=\"lazy\" decoding=\"async\" width=\"1140\" height=\"760\" src=\"https:\/\/www.museosdemequinenza.com\/wp-content\/uploads\/2017\/01\/jesus-moncada.jpg\" class=\"attachment-column1-2\/3 size-column1-2\/3 wp-image-111\" alt=\"\" srcset=\"https:\/\/www.museosdemequinenza.com\/wp-content\/uploads\/2017\/01\/jesus-moncada.jpg 4272w, https:\/\/www.museosdemequinenza.com\/wp-content\/uploads\/2017\/01\/jesus-moncada-300x200.jpg 300w, https:\/\/www.museosdemequinenza.com\/wp-content\/uploads\/2017\/01\/jesus-moncada-768x512.jpg 768w, https:\/\/www.museosdemequinenza.com\/wp-content\/uploads\/2017\/01\/jesus-moncada-1024x683.jpg 1024w\" sizes=\"(max-width: 1140px) 100vw, 1140px\" \/>\t\t\t\t\t\t\t\t\t\t\t\t\t\t\t<\/div>\n\t\t\t\t<\/div>\n\t\t\t\t\t<\/div>\n\t\t<\/div>\n\t\t\t\t<div class=\"elementor-column elementor-col-50 elementor-inner-column elementor-element elementor-element-3bfa88c\" data-id=\"3bfa88c\" data-element_type=\"column\" data-e-type=\"column\">\n\t\t\t<div class=\"elementor-widget-wrap elementor-element-populated\">\n\t\t\t\t\t\t<div class=\"elementor-element elementor-element-16afee6 elementor-widget elementor-widget-image\" data-id=\"16afee6\" data-element_type=\"widget\" data-e-type=\"widget\" data-widget_type=\"image.default\">\n\t\t\t\t<div class=\"elementor-widget-container\">\n\t\t\t\t\t\t\t\t\t\t\t\t\t\t\t<img loading=\"lazy\" decoding=\"async\" width=\"1024\" height=\"683\" src=\"https:\/\/www.museosdemequinenza.com\/wp-content\/uploads\/2022\/03\/IMG_8957-1024x683.jpg\" class=\"attachment-large size-large wp-image-7066\" alt=\"\" srcset=\"https:\/\/www.museosdemequinenza.com\/wp-content\/uploads\/2022\/03\/IMG_8957-1024x683.jpg 1024w, https:\/\/www.museosdemequinenza.com\/wp-content\/uploads\/2022\/03\/IMG_8957-300x200.jpg 300w, https:\/\/www.museosdemequinenza.com\/wp-content\/uploads\/2022\/03\/IMG_8957-768x512.jpg 768w, https:\/\/www.museosdemequinenza.com\/wp-content\/uploads\/2022\/03\/IMG_8957-1536x1024.jpg 1536w, https:\/\/www.museosdemequinenza.com\/wp-content\/uploads\/2022\/03\/IMG_8957-2048x1365.jpg 2048w, https:\/\/www.museosdemequinenza.com\/wp-content\/uploads\/2022\/03\/IMG_8957-16x12.jpg 16w, https:\/\/www.museosdemequinenza.com\/wp-content\/uploads\/2022\/03\/IMG_8957-1140x760.jpg 1140w, https:\/\/www.museosdemequinenza.com\/wp-content\/uploads\/2022\/03\/IMG_8957-570x380.jpg 570w, https:\/\/www.museosdemequinenza.com\/wp-content\/uploads\/2022\/03\/IMG_8957-380x254.jpg 380w, https:\/\/www.museosdemequinenza.com\/wp-content\/uploads\/2022\/03\/IMG_8957-285x190.jpg 285w\" sizes=\"(max-width: 1024px) 100vw, 1024px\" \/>\t\t\t\t\t\t\t\t\t\t\t\t\t\t\t<\/div>\n\t\t\t\t<\/div>\n\t\t\t\t\t<\/div>\n\t\t<\/div>\n\t\t\t\t\t<\/div>\n\t\t<\/section>\n\t\t\t\t<div class=\"elementor-element elementor-element-5b54c32 elementor-widget elementor-widget-html\" data-id=\"5b54c32\" data-element_type=\"widget\" data-e-type=\"widget\" data-widget_type=\"html.default\">\n\t\t\t\t<div class=\"elementor-widget-container\">\n\t\t\t\t\t<section id=\"mequinenza-literaria\">\n        <h2>Descubre la Mequinenza Literaria de Jes\u00fas Moncada<\/h2>\n        <p>El <strong>Poble Vell de Mequinensa<\/strong>, sumergido bajo las aguas del embalse de Ribarroja, ha quedado inmortalizado en la obra literaria del escritor mequinenzano <strong>Jes\u00fas Moncada<\/strong>. A trav\u00e9s de su literatura, sus pinturas y fotograf\u00edas, Moncada consigui\u00f3 preservar la memoria colectiva de la vida de la antigua Mequinenza, permitiendo a los visitantes conocer nuevamente su historia y redescubrir su legado art\u00edstico..<\/p>\n    <\/section>\t\t\t\t<\/div>\n\t\t\t\t<\/div>\n\t\t\t\t<section class=\"elementor-section elementor-inner-section elementor-element elementor-element-0a1be9c elementor-section-boxed elementor-section-height-default elementor-section-height-default\" data-id=\"0a1be9c\" data-element_type=\"section\" data-e-type=\"section\">\n\t\t\t\t\t\t<div class=\"elementor-container elementor-column-gap-default\">\n\t\t\t\t\t<div class=\"elementor-column elementor-col-50 elementor-inner-column elementor-element elementor-element-6228bdb\" data-id=\"6228bdb\" data-element_type=\"column\" data-e-type=\"column\">\n\t\t\t<div class=\"elementor-widget-wrap elementor-element-populated\">\n\t\t\t\t\t\t<div class=\"elementor-element elementor-element-249c50b elementor-widget elementor-widget-image\" data-id=\"249c50b\" data-element_type=\"widget\" data-e-type=\"widget\" data-widget_type=\"image.default\">\n\t\t\t\t<div class=\"elementor-widget-container\">\n\t\t\t\t\t\t\t\t\t\t\t\t\t\t\t<img loading=\"lazy\" decoding=\"async\" width=\"1080\" height=\"760\" src=\"https:\/\/www.museosdemequinenza.com\/wp-content\/uploads\/2024\/11\/192680966_1958215787666046_2227817489927186862_n-1080x760.jpg\" class=\"attachment-column1-2\/3 size-column1-2\/3 wp-image-11623\" alt=\"\" \/>\t\t\t\t\t\t\t\t\t\t\t\t\t\t\t<\/div>\n\t\t\t\t<\/div>\n\t\t\t\t\t<\/div>\n\t\t<\/div>\n\t\t\t\t<div class=\"elementor-column elementor-col-50 elementor-inner-column elementor-element elementor-element-ccaedec\" data-id=\"ccaedec\" data-element_type=\"column\" data-e-type=\"column\">\n\t\t\t<div class=\"elementor-widget-wrap elementor-element-populated\">\n\t\t\t\t\t\t<div class=\"elementor-element elementor-element-3c0ad48 elementor-widget elementor-widget-image\" data-id=\"3c0ad48\" data-element_type=\"widget\" data-e-type=\"widget\" data-widget_type=\"image.default\">\n\t\t\t\t<div class=\"elementor-widget-container\">\n\t\t\t\t\t\t\t\t\t\t\t\t\t\t\t<img loading=\"lazy\" decoding=\"async\" width=\"1024\" height=\"681\" src=\"https:\/\/www.museosdemequinenza.com\/wp-content\/uploads\/2023\/09\/iglesia-pueblo-viejo.jpg\" class=\"attachment-column1-2\/3 size-column1-2\/3 wp-image-9754\" alt=\"\" srcset=\"https:\/\/www.museosdemequinenza.com\/wp-content\/uploads\/2023\/09\/iglesia-pueblo-viejo.jpg 1024w, https:\/\/www.museosdemequinenza.com\/wp-content\/uploads\/2023\/09\/iglesia-pueblo-viejo-300x200.jpg 300w, https:\/\/www.museosdemequinenza.com\/wp-content\/uploads\/2023\/09\/iglesia-pueblo-viejo-768x511.jpg 768w, https:\/\/www.museosdemequinenza.com\/wp-content\/uploads\/2023\/09\/iglesia-pueblo-viejo-18x12.jpg 18w, https:\/\/www.museosdemequinenza.com\/wp-content\/uploads\/2023\/09\/iglesia-pueblo-viejo-570x380.jpg 570w, https:\/\/www.museosdemequinenza.com\/wp-content\/uploads\/2023\/09\/iglesia-pueblo-viejo-380x254.jpg 380w, https:\/\/www.museosdemequinenza.com\/wp-content\/uploads\/2023\/09\/iglesia-pueblo-viejo-285x190.jpg 285w\" sizes=\"(max-width: 1024px) 100vw, 1024px\" \/>\t\t\t\t\t\t\t\t\t\t\t\t\t\t\t<\/div>\n\t\t\t\t<\/div>\n\t\t\t\t\t<\/div>\n\t\t<\/div>\n\t\t\t\t\t<\/div>\n\t\t<\/section>\n\t\t\t\t<div class=\"elementor-element elementor-element-2a4b12a elementor-widget elementor-widget-html\" data-id=\"2a4b12a\" data-element_type=\"widget\" data-e-type=\"widget\" data-widget_type=\"html.default\">\n\t\t\t\t<div class=\"elementor-widget-container\">\n\t\t\t\t\t    \n    \n    <section id=\"curiosidades\">\n    <h2>Curiosidades de la Historia de Mequinenza<\/h2>\n    <p>Al <strong>Museu de la Hist\u00f2ria de Mequinensa<\/strong> descubrir\u00e1s sorprendentes detalles. Una de las atracciones m\u00e1s llamativas es la maqueta del <strong>Poble Vell<\/strong>, donde podr\u00e1s conocer, con precisi\u00f3n, c\u00f3mo era Mequinenza en 1970 antes de que el embalse de Ribarroja cubriera la antigua villa bajo sus aguas. Tambi\u00e9n podr\u00e1s explorar la biodiversidad del <strong>Aiguabarreig<\/strong>, la confluencia de los r\u00edos Ebro, Segre y Cinca, hogar de especies \u00fanicas como el gigantesco siluro, un pez emblem\u00e1tico de la zona. Como curiosidad hist\u00f3rica, pocos saben que Mequinenza est\u00e1 inscrita en el Arco del Triunfo de Par\u00eds, en homenaje a los soldados que participaron en la batalla de la Guerra de la Independencia. Cada rinc\u00f3n del museo revela historias fascinantes y singulares de una localidad a orillas de tres r\u00edos.<\/p>\n<\/section>\n   <section id=\"informacion-practica\">\n        <h2>Informaci\u00f3n Pr\u00e1ctica para tu visita<\/h2>\n        <p>El Museo de la Historia de Mequinenza est\u00e1 abierto s\u00e1bados y domingos. Consulta el apartado Reserva tu visita para confirmar los horarios y reservar tu visita con anticipaci\u00f3n.<\/p>\n        \n        \n<\/body>\t\t\t\t<\/div>\n\t\t\t\t<\/div>\n\t\t\t\t<section class=\"elementor-section elementor-inner-section elementor-element elementor-element-a0a6fd2 elementor-section-boxed elementor-section-height-default elementor-section-height-default\" data-id=\"a0a6fd2\" data-element_type=\"section\" data-e-type=\"section\">\n\t\t\t\t\t\t<div class=\"elementor-container elementor-column-gap-default\">\n\t\t\t\t\t<div class=\"elementor-column elementor-col-50 elementor-inner-column elementor-element elementor-element-199cadd\" data-id=\"199cadd\" data-element_type=\"column\" data-e-type=\"column\">\n\t\t\t<div class=\"elementor-widget-wrap elementor-element-populated\">\n\t\t\t\t\t\t<div class=\"elementor-element elementor-element-91b3441 elementor-widget elementor-widget-google_maps\" data-id=\"91b3441\" data-element_type=\"widget\" data-e-type=\"widget\" data-widget_type=\"google_maps.default\">\n\t\t\t\t<div class=\"elementor-widget-container\">\n\t\t\t\t\t\t\t<div class=\"elementor-custom-embed\">\n\t\t\t<iframe loading=\"lazy\"\n\t\t\t\t\tsrc=\"https:\/\/maps.google.com\/maps?q=mUSEO%20DE%20LA%20HISTORIA%20DE%20MEQUINENZA&#038;t=m&#038;z=13&#038;output=embed&#038;iwloc=near\"\n\t\t\t\t\ttitle=\"mUSEO DE LA HISTORIA DE MEQUINENZA\"\n\t\t\t\t\taria-label=\"mUSEO DE LA HISTORIA DE MEQUINENZA\"\n\t\t\t><\/iframe>\n\t\t<\/div>\n\t\t\t\t\t\t<\/div>\n\t\t\t\t<\/div>\n\t\t\t\t\t<\/div>\n\t\t<\/div>\n\t\t\t\t<div class=\"elementor-column elementor-col-50 elementor-inner-column elementor-element elementor-element-6d33cbc\" data-id=\"6d33cbc\" data-element_type=\"column\" data-e-type=\"column\">\n\t\t\t<div class=\"elementor-widget-wrap elementor-element-populated\">\n\t\t\t\t\t\t<div class=\"elementor-element elementor-element-4a4b6af elementor-widget elementor-widget-button\" data-id=\"4a4b6af\" data-element_type=\"widget\" data-e-type=\"widget\" data-widget_type=\"button.default\">\n\t\t\t\t<div class=\"elementor-widget-container\">\n\t\t\t\t\t\t\t\t\t<div class=\"elementor-button-wrapper\">\n\t\t\t\t\t<a class=\"elementor-button elementor-button-link elementor-size-sm\" href=\"https:\/\/www.museosdemequinenza.com\/ca\/museo-de-la-historia\/\">\n\t\t\t\t\t\t<span class=\"elementor-button-content-wrapper\">\n\t\t\t\t\t\t\t\t\t<span class=\"elementor-button-text\">Informaci\u00f3n Museo de la Historia de Mequinenza<\/span>\n\t\t\t\t\t<\/span>\n\t\t\t\t\t<\/a>\n\t\t\t\t<\/div>\n\t\t\t\t\t\t\t\t<\/div>\n\t\t\t\t<\/div>\n\t\t\t\t<div class=\"elementor-element elementor-element-652a5bc elementor-widget elementor-widget-button\" data-id=\"652a5bc\" data-element_type=\"widget\" data-e-type=\"widget\" data-widget_type=\"button.default\">\n\t\t\t\t<div class=\"elementor-widget-container\">\n\t\t\t\t\t\t\t\t\t<div class=\"elementor-button-wrapper\">\n\t\t\t\t\t<a class=\"elementor-button elementor-button-link elementor-size-sm\" href=\"https:\/\/www.museosdemequinenza.com\/ca\/reserva-tu-visita\/\">\n\t\t\t\t\t\t<span class=\"elementor-button-content-wrapper\">\n\t\t\t\t\t\t\t\t\t<span class=\"elementor-button-text\">Reserva de Visitas<\/span>\n\t\t\t\t\t<\/span>\n\t\t\t\t\t<\/a>\n\t\t\t\t<\/div>\n\t\t\t\t\t\t\t\t<\/div>\n\t\t\t\t<\/div>\n\t\t\t\t\t<\/div>\n\t\t<\/div>\n\t\t\t\t\t<\/div>\n\t\t<\/section>\n\t\t\t\t\t<\/div>\n\t\t<\/div>\n\t\t\t\t\t<\/div>\n\t\t<\/section>\n\t\t\t\t<\/div>","protected":false},"excerpt":{"rendered":"<p>Museo de la Historia de Mequinenza: Tres R\u00edos, Dos Pueblos y un Castillo Viaja a trav\u00e9s de la historia de Mequinenza con nosotros y descubre la huella que han dejado los r\u00edos Ebro, Segre y Cinca en esta fascinante localidad. La ubicaci\u00f3n estrat\u00e9gica de Mequinenza Situada en la confluencia de los r\u00edos Ebro, Segre y<\/p>\n<p><a href=\"https:\/\/www.museosdemequinenza.com\/ca\/el-museo-de-la-historia-de-mequinenza-un-viaje-por-sus-rios-pueblo-y-memoria\/\" class=\"more-link themebutton\">Read More<\/a><\/p>","protected":false},"author":1,"featured_media":11555,"parent":0,"menu_order":0,"comment_status":"closed","ping_status":"closed","template":"","meta":{"_monsterinsights_skip_tracking":false,"_monsterinsights_sitenote_active":false,"_monsterinsights_sitenote_note":"","_monsterinsights_sitenote_category":0,"footnotes":""},"class_list":["post-11612","page","type-page","status-publish","has-post-thumbnail","hentry"],"aioseo_notices":[],"_links":{"self":[{"href":"https:\/\/www.museosdemequinenza.com\/ca\/wp-json\/wp\/v2\/pages\/11612","targetHints":{"allow":["GET"]}}],"collection":[{"href":"https:\/\/www.museosdemequinenza.com\/ca\/wp-json\/wp\/v2\/pages"}],"about":[{"href":"https:\/\/www.museosdemequinenza.com\/ca\/wp-json\/wp\/v2\/types\/page"}],"author":[{"embeddable":true,"href":"https:\/\/www.museosdemequinenza.com\/ca\/wp-json\/wp\/v2\/users\/1"}],"replies":[{"embeddable":true,"href":"https:\/\/www.museosdemequinenza.com\/ca\/wp-json\/wp\/v2\/comments?post=11612"}],"version-history":[{"count":13,"href":"https:\/\/www.museosdemequinenza.com\/ca\/wp-json\/wp\/v2\/pages\/11612\/revisions"}],"predecessor-version":[{"id":11629,"href":"https:\/\/www.museosdemequinenza.com\/ca\/wp-json\/wp\/v2\/pages\/11612\/revisions\/11629"}],"wp:featuredmedia":[{"embeddable":true,"href":"https:\/\/www.museosdemequinenza.com\/ca\/wp-json\/wp\/v2\/media\/11555"}],"wp:attachment":[{"href":"https:\/\/www.museosdemequinenza.com\/ca\/wp-json\/wp\/v2\/media?parent=11612"}],"curies":[{"name":"wp","href":"https:\/\/api.w.org\/{rel}","templated":true}]}}