{"id":11448,"date":"2024-09-26T11:19:18","date_gmt":"2024-09-26T09:19:18","guid":{"rendered":"https:\/\/www.museosdemequinenza.com\/?page_id=11448"},"modified":"2024-11-18T11:32:41","modified_gmt":"2024-11-18T09:32:41","slug":"pesca-en-mequinenza","status":"publish","type":"page","link":"https:\/\/www.museosdemequinenza.com\/ca\/pesca-en-mequinenza\/","title":{"rendered":"Pesca esportiva a Mequinensa"},"content":{"rendered":"<div data-elementor-type=\"wp-page\" data-elementor-id=\"11448\" class=\"elementor elementor-11448\">\n\t\t\t\t\t\t<section class=\"elementor-section elementor-top-section elementor-element elementor-element-11280a28 elementor-section-boxed elementor-section-height-default elementor-section-height-default\" data-id=\"11280a28\" data-element_type=\"section\" data-e-type=\"section\">\n\t\t\t\t\t\t<div class=\"elementor-container elementor-column-gap-default\">\n\t\t\t\t\t<div class=\"elementor-column elementor-col-100 elementor-top-column elementor-element elementor-element-758d5963\" data-id=\"758d5963\" data-element_type=\"column\" data-e-type=\"column\">\n\t\t\t<div class=\"elementor-widget-wrap elementor-element-populated\">\n\t\t\t\t\t\t<div class=\"elementor-element elementor-element-23d9eb67 elementor-widget elementor-widget-text-editor\" data-id=\"23d9eb67\" data-element_type=\"widget\" data-e-type=\"widget\" data-widget_type=\"text-editor.default\">\n\t\t\t\t<div class=\"elementor-widget-container\">\n\t\t\t\t\t\t\t\t\t\n<p><\/p>\n\t\t\t\t\t\t\t\t<\/div>\n\t\t\t\t<\/div>\n\t\t\t\t\t<\/div>\n\t\t<\/div>\n\t\t\t\t\t<\/div>\n\t\t<\/section>\n\t\t\t\t<section class=\"elementor-section elementor-top-section elementor-element elementor-element-c3580f9 elementor-section-boxed elementor-section-height-default elementor-section-height-default\" data-id=\"c3580f9\" data-element_type=\"section\" data-e-type=\"section\">\n\t\t\t\t\t\t<div class=\"elementor-container elementor-column-gap-default\">\n\t\t\t\t\t<div class=\"elementor-column elementor-col-100 elementor-top-column elementor-element elementor-element-246c841\" data-id=\"246c841\" data-element_type=\"column\" data-e-type=\"column\">\n\t\t\t<div class=\"elementor-widget-wrap elementor-element-populated\">\n\t\t\t\t\t\t<div class=\"elementor-element elementor-element-204d5a8 elementor-widget elementor-widget-image\" data-id=\"204d5a8\" data-element_type=\"widget\" data-e-type=\"widget\" data-widget_type=\"image.default\">\n\t\t\t\t<div class=\"elementor-widget-container\">\n\t\t\t\t\t\t\t\t\t\t\t\t\t\t\t<img fetchpriority=\"high\" decoding=\"async\" width=\"1140\" height=\"380\" src=\"https:\/\/www.museosdemequinenza.com\/wp-content\/uploads\/2024\/09\/IMG_1047-1140x380.jpg\" class=\"attachment-column1-1\/3 size-column1-1\/3 wp-image-11452\" alt=\"\" srcset=\"https:\/\/www.museosdemequinenza.com\/wp-content\/uploads\/2024\/09\/IMG_1047-1140x380.jpg 1140w, https:\/\/www.museosdemequinenza.com\/wp-content\/uploads\/2024\/09\/IMG_1047-380x127.jpg 380w\" sizes=\"(max-width: 1140px) 100vw, 1140px\" \/>\t\t\t\t\t\t\t\t\t\t\t\t\t\t\t<\/div>\n\t\t\t\t<\/div>\n\t\t\t\t<div class=\"elementor-element elementor-element-bbe655c elementor-widget elementor-widget-text-editor\" data-id=\"bbe655c\" data-element_type=\"widget\" data-e-type=\"widget\" data-widget_type=\"text-editor.default\">\n\t\t\t\t<div class=\"elementor-widget-container\">\n\t\t\t\t\t\t\t\t\t<p>La pesca deportiva en Mequinenza se ha convertido en una de las actividades m\u00e1s populares entre los aficionados de toda Europa. Este pintoresco destino se encuentra entre las confluencias de los r\u00edos Segre y Ebro, y cuenta con los embalses de Mequinenza y Ribarroja, lo que lo convierte en un entorno perfecto para la pr\u00e1ctica de este deporte. Las condiciones naturales del \u00e1rea, junto con su biodiversidad acu\u00e1tica, hacen que tanto expertos como principiantes disfruten de jornadas inolvidables en estas aguas. Adem\u00e1s, la oferta de tiendas especializadas y gu\u00edas profesionales acreditados asegura una experiencia completa.<\/p>\t\t\t\t\t\t\t\t<\/div>\n\t\t\t\t<\/div>\n\t\t\t\t<section class=\"elementor-section elementor-inner-section elementor-element elementor-element-1ecd468 elementor-section-boxed elementor-section-height-default elementor-section-height-default\" data-id=\"1ecd468\" data-element_type=\"section\" data-e-type=\"section\">\n\t\t\t\t\t\t<div class=\"elementor-container elementor-column-gap-default\">\n\t\t\t\t\t<div class=\"elementor-column elementor-col-50 elementor-inner-column elementor-element elementor-element-e34965c\" data-id=\"e34965c\" data-element_type=\"column\" data-e-type=\"column\">\n\t\t\t<div class=\"elementor-widget-wrap elementor-element-populated\">\n\t\t\t\t\t\t<div class=\"elementor-element elementor-element-c0150fc elementor-arrows-position-inside elementor-widget elementor-widget-image-carousel\" data-id=\"c0150fc\" data-element_type=\"widget\" data-e-type=\"widget\" data-settings=\"{&quot;slides_to_show&quot;:&quot;1&quot;,&quot;navigation&quot;:&quot;arrows&quot;,&quot;autoplay&quot;:&quot;yes&quot;,&quot;pause_on_hover&quot;:&quot;yes&quot;,&quot;pause_on_interaction&quot;:&quot;yes&quot;,&quot;autoplay_speed&quot;:5000,&quot;infinite&quot;:&quot;yes&quot;,&quot;effect&quot;:&quot;slide&quot;,&quot;speed&quot;:500}\" data-widget_type=\"image-carousel.default\">\n\t\t\t\t<div class=\"elementor-widget-container\">\n\t\t\t\t\t\t\t<div class=\"elementor-image-carousel-wrapper swiper\" role=\"region\" aria-roledescription=\"carousel\" aria-label=\"Carrusel d&#039;imatges\" dir=\"ltr\">\n\t\t\t<div class=\"elementor-image-carousel swiper-wrapper\" aria-live=\"off\">\n\t\t\t\t\t\t\t\t<div class=\"swiper-slide\" role=\"group\" aria-roledescription=\"slide\" aria-label=\"1 de 7\"><figure class=\"swiper-slide-inner\"><img decoding=\"async\" class=\"swiper-slide-image\" src=\"https:\/\/www.museosdemequinenza.com\/wp-content\/uploads\/2024\/09\/910.jpg\" alt=\"910\" \/><\/figure><\/div><div class=\"swiper-slide\" role=\"group\" aria-roledescription=\"slide\" aria-label=\"2 de 7\"><figure class=\"swiper-slide-inner\"><img decoding=\"async\" class=\"swiper-slide-image\" src=\"https:\/\/www.museosdemequinenza.com\/wp-content\/uploads\/2024\/09\/Perca-Fluviatilis-Ribaroja-1024x771.jpeg\" alt=\"Perca-Fluviatilis-Ribaroja\" \/><\/figure><\/div><div class=\"swiper-slide\" role=\"group\" aria-roledescription=\"slide\" aria-label=\"3 de 7\"><figure class=\"swiper-slide-inner\"><img decoding=\"async\" class=\"swiper-slide-image\" src=\"https:\/\/www.museosdemequinenza.com\/wp-content\/uploads\/2024\/09\/LucioPerca-Ribarroja.jpeg\" alt=\"LucioPerca-Ribarroja\" \/><\/figure><\/div><div class=\"swiper-slide\" role=\"group\" aria-roledescription=\"slide\" aria-label=\"4 de 7\"><figure class=\"swiper-slide-inner\"><img decoding=\"async\" class=\"swiper-slide-image\" src=\"https:\/\/www.museosdemequinenza.com\/wp-content\/uploads\/2024\/09\/LucioPerca-Ribarroja-1-1024x768.jpeg\" alt=\"LucioPerca-Ribarroja (1)\" \/><\/figure><\/div><div class=\"swiper-slide\" role=\"group\" aria-roledescription=\"slide\" aria-label=\"5 de 7\"><figure class=\"swiper-slide-inner\"><img decoding=\"async\" class=\"swiper-slide-image\" src=\"https:\/\/www.museosdemequinenza.com\/wp-content\/uploads\/2024\/09\/La-Sirga-Pueblo-Viejo-1-1024x768.jpg\" alt=\"La-Sirga-Pueblo-Viejo-1\" \/><\/figure><\/div><div class=\"swiper-slide\" role=\"group\" aria-roledescription=\"slide\" aria-label=\"6 de 7\"><figure class=\"swiper-slide-inner\"><img decoding=\"async\" class=\"swiper-slide-image\" src=\"https:\/\/www.museosdemequinenza.com\/wp-content\/uploads\/2024\/09\/marquez-mequinenza-e1727343918186.jpg\" alt=\"marquez mequinenza\" \/><\/figure><\/div><div class=\"swiper-slide\" role=\"group\" aria-roledescription=\"slide\" aria-label=\"7 de 7\"><figure class=\"swiper-slide-inner\"><img decoding=\"async\" class=\"swiper-slide-image\" src=\"https:\/\/www.museosdemequinenza.com\/wp-content\/uploads\/2024\/11\/carpa-mequinenza-1024x768.jpeg\" alt=\"carpa mequinenza\" \/><\/figure><\/div>\t\t\t<\/div>\n\t\t\t\t\t\t\t\t\t\t\t\t<div class=\"elementor-swiper-button elementor-swiper-button-prev\" role=\"button\" tabindex=\"0\">\n\t\t\t\t\t\t<i aria-hidden=\"true\" class=\"eicon-chevron-left\"><\/i>\t\t\t\t\t<\/div>\n\t\t\t\t\t<div class=\"elementor-swiper-button elementor-swiper-button-next\" role=\"button\" tabindex=\"0\">\n\t\t\t\t\t\t<i aria-hidden=\"true\" class=\"eicon-chevron-right\"><\/i>\t\t\t\t\t<\/div>\n\t\t\t\t\n\t\t\t\t\t\t\t\t\t<\/div>\n\t\t\t\t\t\t<\/div>\n\t\t\t\t<\/div>\n\t\t\t\t\t<\/div>\n\t\t<\/div>\n\t\t\t\t<div class=\"elementor-column elementor-col-50 elementor-inner-column elementor-element elementor-element-a174ca7\" data-id=\"a174ca7\" data-element_type=\"column\" data-e-type=\"column\">\n\t\t\t<div class=\"elementor-widget-wrap elementor-element-populated\">\n\t\t\t\t\t\t<div class=\"elementor-element elementor-element-98268de elementor-widget elementor-widget-heading\" data-id=\"98268de\" data-element_type=\"widget\" data-e-type=\"widget\" data-widget_type=\"heading.default\">\n\t\t\t\t<div class=\"elementor-widget-container\">\n\t\t\t\t\t<h2 class=\"elementor-heading-title elementor-size-default\">El Siluro: El gigante de los r\u00edos en Mequinenza<\/h2>\t\t\t\t<\/div>\n\t\t\t\t<\/div>\n\t\t\t\t<div class=\"elementor-element elementor-element-cd5f17f elementor-widget elementor-widget-text-editor\" data-id=\"cd5f17f\" data-element_type=\"widget\" data-e-type=\"widget\" data-widget_type=\"text-editor.default\">\n\t\t\t\t<div class=\"elementor-widget-container\">\n\t\t\t\t\t\t\t\t\t<p>El \u00e9xito de Mequinenza como referente europeo en la pesca deportiva se debe, en gran parte, a la presencia del siluro, el pez m\u00e1s grande de Europa. Este impresionante ejemplar puede alcanzar m\u00e1s de 2,5 metros de longitud y superar los 100 kilos de peso, y en las aguas de Mequinenza se han logrado r\u00e9cords mundiales como el siluro albino de 92 kilos y 250 cm. Junto al siluro, otras especies como el black bass, la carpa y la lucioperca tambi\u00e9n prosperan en estos r\u00edos, lo que asegura variedad y emoci\u00f3n para los pescadores que visitan la localidad.<\/p>\t\t\t\t\t\t\t\t<\/div>\n\t\t\t\t<\/div>\n\t\t\t\t\t<\/div>\n\t\t<\/div>\n\t\t\t\t\t<\/div>\n\t\t<\/section>\n\t\t\t\t<section class=\"elementor-section elementor-inner-section elementor-element elementor-element-bcef64c elementor-section-boxed elementor-section-height-default elementor-section-height-default\" data-id=\"bcef64c\" data-element_type=\"section\" data-e-type=\"section\">\n\t\t\t\t\t\t<div class=\"elementor-container elementor-column-gap-default\">\n\t\t\t\t\t<div class=\"elementor-column elementor-col-50 elementor-inner-column elementor-element elementor-element-8f5ade4\" data-id=\"8f5ade4\" data-element_type=\"column\" data-e-type=\"column\">\n\t\t\t<div class=\"elementor-widget-wrap elementor-element-populated\">\n\t\t\t\t\t\t<div class=\"elementor-element elementor-element-5429729 elementor-widget elementor-widget-heading\" data-id=\"5429729\" data-element_type=\"widget\" data-e-type=\"widget\" data-widget_type=\"heading.default\">\n\t\t\t\t<div class=\"elementor-widget-container\">\n\t\t\t\t\t<h2 class=\"elementor-heading-title elementor-size-default\">Mequinenza: un destino ideal para la pesca<\/h2>\t\t\t\t<\/div>\n\t\t\t\t<\/div>\n\t\t\t\t<div class=\"elementor-element elementor-element-9428377 elementor-widget elementor-widget-text-editor\" data-id=\"9428377\" data-element_type=\"widget\" data-e-type=\"widget\" data-widget_type=\"text-editor.default\">\n\t\t\t\t<div class=\"elementor-widget-container\">\n\t\t\t\t\t\t\t\t\t<p>El embalse de Mequinenza y de Ribarroja son lugares privilegiados para los amantes de la pesca, donde la diversidad de especies y los impresionantes paisajes acu\u00e1ticos se combinan para ofrecer una experiencia \u00fanica. Mequinenz tambi\u00e9n acoge numerosos campeonatos de pesca deportiva, consolid\u00e1ndose como un referente en el \u00e1mbito competitivo. Entre los eventos m\u00e1s destacados se encuentran el LXIX Campeonato del Mundo Agua Dulce celebrado en 2023 o el LIII Campeonato de Espa\u00f1a de Pesca en Agua Dulce, entre otros. Estas competiciones atraen a pescadores de todo el mundo, poniendo de relieve la calidad de las aguas de Mequinenza y su potencial como destino tur\u00edstico.<\/p>\t\t\t\t\t\t\t\t<\/div>\n\t\t\t\t<\/div>\n\t\t\t\t\t<\/div>\n\t\t<\/div>\n\t\t\t\t<div class=\"elementor-column elementor-col-50 elementor-inner-column elementor-element elementor-element-05f965c\" data-id=\"05f965c\" data-element_type=\"column\" data-e-type=\"column\">\n\t\t\t<div class=\"elementor-widget-wrap elementor-element-populated\">\n\t\t\t\t\t\t<div class=\"elementor-element elementor-element-68dbd6b elementor-arrows-position-inside elementor-widget elementor-widget-image-carousel\" data-id=\"68dbd6b\" data-element_type=\"widget\" data-e-type=\"widget\" data-settings=\"{&quot;slides_to_show&quot;:&quot;1&quot;,&quot;navigation&quot;:&quot;arrows&quot;,&quot;autoplay&quot;:&quot;yes&quot;,&quot;pause_on_hover&quot;:&quot;yes&quot;,&quot;pause_on_interaction&quot;:&quot;yes&quot;,&quot;autoplay_speed&quot;:5000,&quot;infinite&quot;:&quot;yes&quot;,&quot;effect&quot;:&quot;slide&quot;,&quot;speed&quot;:500}\" data-widget_type=\"image-carousel.default\">\n\t\t\t\t<div class=\"elementor-widget-container\">\n\t\t\t\t\t\t\t<div class=\"elementor-image-carousel-wrapper swiper\" role=\"region\" aria-roledescription=\"carousel\" aria-label=\"Carrusel d&#039;imatges\" dir=\"ltr\">\n\t\t\t<div class=\"elementor-image-carousel swiper-wrapper\" aria-live=\"off\">\n\t\t\t\t\t\t\t\t<div class=\"swiper-slide\" role=\"group\" aria-roledescription=\"slide\" aria-label=\"1 de 6\"><figure class=\"swiper-slide-inner\"><img decoding=\"async\" class=\"swiper-slide-image\" src=\"https:\/\/www.museosdemequinenza.com\/wp-content\/uploads\/2024\/09\/Fx2F0mRWwAAbyNd-1024x677.jpg\" alt=\"Fx2F0mRWwAAbyNd\" \/><\/figure><\/div><div class=\"swiper-slide\" role=\"group\" aria-roledescription=\"slide\" aria-label=\"2 de 6\"><figure class=\"swiper-slide-inner\"><img decoding=\"async\" class=\"swiper-slide-image\" src=\"https:\/\/www.museosdemequinenza.com\/wp-content\/uploads\/2024\/09\/IMG_9653-1024x683.jpg\" alt=\"IMG_9653\" \/><\/figure><\/div><div class=\"swiper-slide\" role=\"group\" aria-roledescription=\"slide\" aria-label=\"3 de 6\"><figure class=\"swiper-slide-inner\"><img decoding=\"async\" class=\"swiper-slide-image\" src=\"https:\/\/www.museosdemequinenza.com\/wp-content\/uploads\/2024\/11\/pesa-mequinenza-siluro-1024x683.jpeg\" alt=\"pesa mequinenza siluro\" \/><\/figure><\/div><div class=\"swiper-slide\" role=\"group\" aria-roledescription=\"slide\" aria-label=\"4 de 6\"><figure class=\"swiper-slide-inner\"><img decoding=\"async\" class=\"swiper-slide-image\" src=\"https:\/\/www.museosdemequinenza.com\/wp-content\/uploads\/2024\/09\/IMG_3076-1024x683.jpg\" alt=\"IMG_3076\" \/><\/figure><\/div><div class=\"swiper-slide\" role=\"group\" aria-roledescription=\"slide\" aria-label=\"5 de 6\"><figure class=\"swiper-slide-inner\"><img decoding=\"async\" class=\"swiper-slide-image\" src=\"https:\/\/www.museosdemequinenza.com\/wp-content\/uploads\/2024\/09\/IMG_8451-1024x683.jpg\" alt=\"IMG_8451\" \/><\/figure><\/div><div class=\"swiper-slide\" role=\"group\" aria-roledescription=\"slide\" aria-label=\"6 de 6\"><figure class=\"swiper-slide-inner\"><img decoding=\"async\" class=\"swiper-slide-image\" src=\"https:\/\/www.museosdemequinenza.com\/wp-content\/uploads\/2024\/09\/IMG_4028-1024x683.jpg\" alt=\"IMG_4028\" \/><\/figure><\/div>\t\t\t<\/div>\n\t\t\t\t\t\t\t\t\t\t\t\t<div class=\"elementor-swiper-button elementor-swiper-button-prev\" role=\"button\" tabindex=\"0\">\n\t\t\t\t\t\t<i aria-hidden=\"true\" class=\"eicon-chevron-left\"><\/i>\t\t\t\t\t<\/div>\n\t\t\t\t\t<div class=\"elementor-swiper-button elementor-swiper-button-next\" role=\"button\" tabindex=\"0\">\n\t\t\t\t\t\t<i aria-hidden=\"true\" class=\"eicon-chevron-right\"><\/i>\t\t\t\t\t<\/div>\n\t\t\t\t\n\t\t\t\t\t\t\t\t\t<\/div>\n\t\t\t\t\t\t<\/div>\n\t\t\t\t<\/div>\n\t\t\t\t\t<\/div>\n\t\t<\/div>\n\t\t\t\t\t<\/div>\n\t\t<\/section>\n\t\t\t\t<section class=\"elementor-section elementor-inner-section elementor-element elementor-element-57fc0e6 elementor-section-boxed elementor-section-height-default elementor-section-height-default\" data-id=\"57fc0e6\" data-element_type=\"section\" data-e-type=\"section\">\n\t\t\t\t\t\t<div class=\"elementor-container elementor-column-gap-default\">\n\t\t\t\t\t<div class=\"elementor-column elementor-col-50 elementor-inner-column elementor-element elementor-element-4e39992\" data-id=\"4e39992\" data-element_type=\"column\" data-e-type=\"column\">\n\t\t\t<div class=\"elementor-widget-wrap elementor-element-populated\">\n\t\t\t\t\t\t<div class=\"elementor-element elementor-element-7cf2148 elementor-widget elementor-widget-image\" data-id=\"7cf2148\" data-element_type=\"widget\" data-e-type=\"widget\" data-widget_type=\"image.default\">\n\t\t\t\t<div class=\"elementor-widget-container\">\n\t\t\t\t\t\t\t\t\t\t\t\t\t\t\t\t<a href=\"http:\/\/Folleto-Mar-de-Aragon-es_page-0001\" target=\"_blank\">\n\t\t\t\t\t\t\t<img decoding=\"async\" width=\"717\" height=\"1024\" src=\"https:\/\/www.museosdemequinenza.com\/wp-content\/uploads\/2024\/09\/Folleto-Mar-de-Aragon-es_page-0001-717x1024.jpg\" class=\"attachment-large size-large wp-image-11456\" alt=\"\" srcset=\"https:\/\/www.museosdemequinenza.com\/wp-content\/uploads\/2024\/09\/Folleto-Mar-de-Aragon-es_page-0001-717x1024.jpg 717w, https:\/\/www.museosdemequinenza.com\/wp-content\/uploads\/2024\/09\/Folleto-Mar-de-Aragon-es_page-0001-210x300.jpg 210w, https:\/\/www.museosdemequinenza.com\/wp-content\/uploads\/2024\/09\/Folleto-Mar-de-Aragon-es_page-0001-768x1097.jpg 768w, https:\/\/www.museosdemequinenza.com\/wp-content\/uploads\/2024\/09\/Folleto-Mar-de-Aragon-es_page-0001-1075x1536.jpg 1075w, https:\/\/www.museosdemequinenza.com\/wp-content\/uploads\/2024\/09\/Folleto-Mar-de-Aragon-es_page-0001-1434x2048.jpg 1434w, https:\/\/www.museosdemequinenza.com\/wp-content\/uploads\/2024\/09\/Folleto-Mar-de-Aragon-es_page-0001-8x12.jpg 8w, https:\/\/www.museosdemequinenza.com\/wp-content\/uploads\/2024\/09\/Folleto-Mar-de-Aragon-es_page-0001.jpg 1750w\" sizes=\"(max-width: 717px) 100vw, 717px\" \/>\t\t\t\t\t\t\t\t<\/a>\n\t\t\t\t\t\t\t\t\t\t\t\t\t\t\t<\/div>\n\t\t\t\t<\/div>\n\t\t\t\t\t<\/div>\n\t\t<\/div>\n\t\t\t\t<div class=\"elementor-column elementor-col-50 elementor-inner-column elementor-element elementor-element-fa91dcd\" data-id=\"fa91dcd\" data-element_type=\"column\" data-e-type=\"column\">\n\t\t\t<div class=\"elementor-widget-wrap elementor-element-populated\">\n\t\t\t\t\t\t<div class=\"elementor-element elementor-element-31f3542 elementor-widget elementor-widget-image\" data-id=\"31f3542\" data-element_type=\"widget\" data-e-type=\"widget\" data-widget_type=\"image.default\">\n\t\t\t\t<div class=\"elementor-widget-container\">\n\t\t\t\t\t\t\t\t\t\t\t\t\t\t\t\t<a href=\"https:\/\/www.museosdemequinenza.com\/wp-content\/uploads\/2024\/09\/Folleto-Mequinenza-Fayon-es.pdf\" target=\"_blank\">\n\t\t\t\t\t\t\t<img decoding=\"async\" width=\"717\" height=\"1024\" src=\"https:\/\/www.museosdemequinenza.com\/wp-content\/uploads\/2024\/09\/Folleto-Mequinenza-Fayon-es_page-0001-717x1024.jpg\" class=\"attachment-large size-large wp-image-11457\" alt=\"\" srcset=\"https:\/\/www.museosdemequinenza.com\/wp-content\/uploads\/2024\/09\/Folleto-Mequinenza-Fayon-es_page-0001-717x1024.jpg 717w, https:\/\/www.museosdemequinenza.com\/wp-content\/uploads\/2024\/09\/Folleto-Mequinenza-Fayon-es_page-0001-210x300.jpg 210w, https:\/\/www.museosdemequinenza.com\/wp-content\/uploads\/2024\/09\/Folleto-Mequinenza-Fayon-es_page-0001-768x1097.jpg 768w, https:\/\/www.museosdemequinenza.com\/wp-content\/uploads\/2024\/09\/Folleto-Mequinenza-Fayon-es_page-0001-1075x1536.jpg 1075w, https:\/\/www.museosdemequinenza.com\/wp-content\/uploads\/2024\/09\/Folleto-Mequinenza-Fayon-es_page-0001-1434x2048.jpg 1434w, https:\/\/www.museosdemequinenza.com\/wp-content\/uploads\/2024\/09\/Folleto-Mequinenza-Fayon-es_page-0001-8x12.jpg 8w, https:\/\/www.museosdemequinenza.com\/wp-content\/uploads\/2024\/09\/Folleto-Mequinenza-Fayon-es_page-0001.jpg 1750w\" sizes=\"(max-width: 717px) 100vw, 717px\" \/>\t\t\t\t\t\t\t\t<\/a>\n\t\t\t\t\t\t\t\t\t\t\t\t\t\t\t<\/div>\n\t\t\t\t<\/div>\n\t\t\t\t\t<\/div>\n\t\t<\/div>\n\t\t\t\t\t<\/div>\n\t\t<\/section>\n\t\t\t\t<section class=\"elementor-section elementor-inner-section elementor-element elementor-element-edfa7fe elementor-section-boxed elementor-section-height-default elementor-section-height-default\" data-id=\"edfa7fe\" data-element_type=\"section\" data-e-type=\"section\">\n\t\t\t\t\t\t<div class=\"elementor-container elementor-column-gap-default\">\n\t\t\t\t\t<div class=\"elementor-column elementor-col-50 elementor-inner-column elementor-element elementor-element-ff7c2e7\" data-id=\"ff7c2e7\" data-element_type=\"column\" data-e-type=\"column\">\n\t\t\t<div class=\"elementor-widget-wrap elementor-element-populated\">\n\t\t\t\t\t\t<div class=\"elementor-element elementor-element-3b2164e elementor-button-info elementor-align-center elementor-widget elementor-widget-button\" data-id=\"3b2164e\" data-element_type=\"widget\" data-e-type=\"widget\" data-widget_type=\"button.default\">\n\t\t\t\t<div class=\"elementor-widget-container\">\n\t\t\t\t\t\t\t\t\t<div class=\"elementor-button-wrapper\">\n\t\t\t\t\t<a class=\"elementor-button elementor-button-link elementor-size-sm\" href=\"https:\/\/fishinginaragon.com\/\">\n\t\t\t\t\t\t<span class=\"elementor-button-content-wrapper\">\n\t\t\t\t\t\t<span class=\"elementor-button-icon\">\n\t\t\t\t<i aria-hidden=\"true\" class=\"fas fa-fish\"><\/i>\t\t\t<\/span>\n\t\t\t\t\t\t\t\t\t<span class=\"elementor-button-text\"> FISHING IN ARAG\u00d3N<\/span>\n\t\t\t\t\t<\/span>\n\t\t\t\t\t<\/a>\n\t\t\t\t<\/div>\n\t\t\t\t\t\t\t\t<\/div>\n\t\t\t\t<\/div>\n\t\t\t\t\t<\/div>\n\t\t<\/div>\n\t\t\t\t<div class=\"elementor-column elementor-col-50 elementor-inner-column elementor-element elementor-element-fb4c466\" data-id=\"fb4c466\" data-element_type=\"column\" data-e-type=\"column\">\n\t\t\t<div class=\"elementor-widget-wrap elementor-element-populated\">\n\t\t\t\t\t\t<div class=\"elementor-element elementor-element-0b7a8e1 elementor-button-info elementor-align-center elementor-widget elementor-widget-button\" data-id=\"0b7a8e1\" data-element_type=\"widget\" data-e-type=\"widget\" data-widget_type=\"button.default\">\n\t\t\t\t<div class=\"elementor-widget-container\">\n\t\t\t\t\t\t\t\t\t<div class=\"elementor-button-wrapper\">\n\t\t\t\t\t<a class=\"elementor-button elementor-button-link elementor-size-sm\" href=\"https:\/\/www.sdpelsiluro.com\/\">\n\t\t\t\t\t\t<span class=\"elementor-button-content-wrapper\">\n\t\t\t\t\t\t<span class=\"elementor-button-icon\">\n\t\t\t\t<i aria-hidden=\"true\" class=\"fas fa-fish\"><\/i>\t\t\t<\/span>\n\t\t\t\t\t\t\t\t\t<span class=\"elementor-button-text\">SOCIEDAD DE PESCA \"EL SILURO\"<\/span>\n\t\t\t\t\t<\/span>\n\t\t\t\t\t<\/a>\n\t\t\t\t<\/div>\n\t\t\t\t\t\t\t\t<\/div>\n\t\t\t\t<\/div>\n\t\t\t\t\t<\/div>\n\t\t<\/div>\n\t\t\t\t\t<\/div>\n\t\t<\/section>\n\t\t\t\t\t<\/div>\n\t\t<\/div>\n\t\t\t\t\t<\/div>\n\t\t<\/section>\n\t\t\t\t<\/div>","protected":false},"excerpt":{"rendered":"<p>La pesca deportiva en Mequinenza se ha convertido en una de las actividades m\u00e1s populares entre los aficionados de toda Europa. Este pintoresco destino se encuentra entre las confluencias de los r\u00edos Segre y Ebro, y cuenta con los embalses de Mequinenza y Ribarroja, lo que lo convierte en un entorno perfecto para la pr\u00e1ctica<\/p>\n<p><a href=\"https:\/\/www.museosdemequinenza.com\/ca\/pesca-en-mequinenza\/\" class=\"more-link themebutton\">Read More<\/a><\/p>","protected":false},"author":1,"featured_media":11449,"parent":0,"menu_order":0,"comment_status":"closed","ping_status":"closed","template":"","meta":{"_monsterinsights_skip_tracking":false,"_monsterinsights_sitenote_active":false,"_monsterinsights_sitenote_note":"","_monsterinsights_sitenote_category":0,"footnotes":""},"class_list":["post-11448","page","type-page","status-publish","has-post-thumbnail","hentry"],"aioseo_notices":[],"_links":{"self":[{"href":"https:\/\/www.museosdemequinenza.com\/ca\/wp-json\/wp\/v2\/pages\/11448","targetHints":{"allow":["GET"]}}],"collection":[{"href":"https:\/\/www.museosdemequinenza.com\/ca\/wp-json\/wp\/v2\/pages"}],"about":[{"href":"https:\/\/www.museosdemequinenza.com\/ca\/wp-json\/wp\/v2\/types\/page"}],"author":[{"embeddable":true,"href":"https:\/\/www.museosdemequinenza.com\/ca\/wp-json\/wp\/v2\/users\/1"}],"replies":[{"embeddable":true,"href":"https:\/\/www.museosdemequinenza.com\/ca\/wp-json\/wp\/v2\/comments?post=11448"}],"version-history":[{"count":32,"href":"https:\/\/www.museosdemequinenza.com\/ca\/wp-json\/wp\/v2\/pages\/11448\/revisions"}],"predecessor-version":[{"id":11646,"href":"https:\/\/www.museosdemequinenza.com\/ca\/wp-json\/wp\/v2\/pages\/11448\/revisions\/11646"}],"wp:featuredmedia":[{"embeddable":true,"href":"https:\/\/www.museosdemequinenza.com\/ca\/wp-json\/wp\/v2\/media\/11449"}],"wp:attachment":[{"href":"https:\/\/www.museosdemequinenza.com\/ca\/wp-json\/wp\/v2\/media?parent=11448"}],"curies":[{"name":"wp","href":"https:\/\/api.w.org\/{rel}","templated":true}]}}