{"id":10895,"date":"2024-06-21T11:03:53","date_gmt":"2024-06-21T09:03:53","guid":{"rendered":"https:\/\/www.museosdemequinenza.com\/?page_id=10895"},"modified":"2024-06-21T13:05:53","modified_gmt":"2024-06-21T11:05:53","slug":"camino-natural-del-ebro-gr-99","status":"publish","type":"page","link":"http:\/\/www.museosdemequinenza.com\/ca\/camino-natural-del-ebro-gr-99\/","title":{"rendered":"Cam\u00ed Natural de l'Ebre \u2013 GR-99"},"content":{"rendered":"<div data-elementor-type=\"wp-page\" data-elementor-id=\"10895\" class=\"elementor elementor-10895\">\n\t\t\t\t\t\t<section class=\"elementor-section elementor-top-section elementor-element elementor-element-a8ba6a6 elementor-section-boxed elementor-section-height-default elementor-section-height-default\" data-id=\"a8ba6a6\" data-element_type=\"section\" data-e-type=\"section\">\n\t\t\t\t\t\t<div class=\"elementor-container elementor-column-gap-default\">\n\t\t\t\t\t<div class=\"elementor-column elementor-col-100 elementor-top-column elementor-element elementor-element-b882f02\" data-id=\"b882f02\" data-element_type=\"column\" data-e-type=\"column\">\n\t\t\t<div class=\"elementor-widget-wrap elementor-element-populated\">\n\t\t\t\t\t\t<section class=\"elementor-section elementor-inner-section elementor-element elementor-element-c931a7a elementor-section-boxed elementor-section-height-default elementor-section-height-default\" data-id=\"c931a7a\" data-element_type=\"section\" data-e-type=\"section\">\n\t\t\t\t\t\t<div class=\"elementor-container elementor-column-gap-default\">\n\t\t\t\t\t<div class=\"elementor-column elementor-col-50 elementor-inner-column elementor-element elementor-element-101936f\" data-id=\"101936f\" data-element_type=\"column\" data-e-type=\"column\">\n\t\t\t<div class=\"elementor-widget-wrap elementor-element-populated\">\n\t\t\t\t\t\t<div class=\"elementor-element elementor-element-a64fb88 elementor-widget elementor-widget-text-editor\" data-id=\"a64fb88\" data-element_type=\"widget\" data-e-type=\"widget\" data-widget_type=\"text-editor.default\">\n\t\t\t\t<div class=\"elementor-widget-container\">\n\t\t\t\t\t\t\t\t\t<p>El <b>GR-99 - Cam\u00ed Natural de l'Ebre<\/b> ofereix una experi\u00e8ncia inigualable a aquells que decideixen fer-lo a <b>Mequinensa<\/b>. A trav\u00e9s de les etapes 35 i 36, es pot descobrir el riu Ebre i l' <a href=\"https:\/\/www.museosdemequinenza.com\/ca\/aiguabarreig-de-mequinenza\/\"><b>Aiguabarreig <\/b><\/a>dels rius Segre i Cinca, amb unes magn\u00edfiques panor\u00e0miques del paisatge fluvial. Altres punts d'inter\u00e8s poden ser la presa de l'embassament de Mequinensa, el <a href=\"https:\/\/www.museosdemequinenza.com\/ca\/castillo-de-mequinenza\/\"><b>Castell <\/b><\/a>o els <a href=\"https:\/\/www.museosdemequinenza.com\/ca\/museo-de-la-historia\/\"><b>museus <\/b><\/a>de la localitat, que permeten submergir-se en la mil\u00b7len\u00e0ria hist\u00f2ria i cultura d'una poblaci\u00f3 a la vora de tres rius.<\/p>\t\t\t\t\t\t\t\t<\/div>\n\t\t\t\t<\/div>\n\t\t\t\t<div class=\"elementor-element elementor-element-e4bf5be elementor-arrows-position-inside elementor-widget elementor-widget-image-carousel\" data-id=\"e4bf5be\" data-element_type=\"widget\" data-e-type=\"widget\" data-settings=\"{&quot;slides_to_show&quot;:&quot;1&quot;,&quot;navigation&quot;:&quot;arrows&quot;,&quot;autoplay&quot;:&quot;yes&quot;,&quot;pause_on_hover&quot;:&quot;yes&quot;,&quot;pause_on_interaction&quot;:&quot;yes&quot;,&quot;autoplay_speed&quot;:5000,&quot;infinite&quot;:&quot;yes&quot;,&quot;effect&quot;:&quot;slide&quot;,&quot;speed&quot;:500}\" data-widget_type=\"image-carousel.default\">\n\t\t\t\t<div class=\"elementor-widget-container\">\n\t\t\t\t\t\t\t<div class=\"elementor-image-carousel-wrapper swiper\" role=\"region\" aria-roledescription=\"carousel\" aria-label=\"Carrusel d&#039;imatges\" dir=\"ltr\">\n\t\t\t<div class=\"elementor-image-carousel swiper-wrapper\" aria-live=\"off\">\n\t\t\t\t\t\t\t\t<div class=\"swiper-slide\" role=\"group\" aria-roledescription=\"slide\" aria-label=\"1 de 8\" data-no-translation-aria-label=\"\"><figure class=\"swiper-slide-inner\"><img decoding=\"async\" class=\"swiper-slide-image\" src=\"https:\/\/www.museosdemequinenza.com\/wp-content\/uploads\/2024\/06\/panoramica-castellets-carbonifera-ebro-e1718966612180-1024x575.jpg\" alt=\"panoramica castellets carbonifera ebro\" \/><\/figure><\/div><div class=\"swiper-slide\" role=\"group\" aria-roledescription=\"slide\" aria-label=\"2 de 8\" data-no-translation-aria-label=\"\"><figure class=\"swiper-slide-inner\"><img decoding=\"async\" class=\"swiper-slide-image\" src=\"https:\/\/www.museosdemequinenza.com\/wp-content\/uploads\/2024\/06\/IMG_6240-scaled-e1718966690639-1024x577.jpg\" alt=\"IMG_6240\" \/><\/figure><\/div><div class=\"swiper-slide\" role=\"group\" aria-roledescription=\"slide\" aria-label=\"3 de 8\" data-no-translation-aria-label=\"\"><figure class=\"swiper-slide-inner\"><img decoding=\"async\" class=\"swiper-slide-image\" src=\"https:\/\/www.museosdemequinenza.com\/wp-content\/uploads\/2024\/06\/IMG_0684-e1718967532137-1024x577.jpg\" alt=\"IMG_0684\" \/><\/figure><\/div><div class=\"swiper-slide\" role=\"group\" aria-roledescription=\"slide\" aria-label=\"4 de 8\" data-no-translation-aria-label=\"\"><figure class=\"swiper-slide-inner\"><img decoding=\"async\" class=\"swiper-slide-image\" src=\"https:\/\/www.museosdemequinenza.com\/wp-content\/uploads\/2024\/06\/WhatsApp-Image-2024-01-10-at-10.18.39-e1718966663672-1024x576.jpeg\" alt=\"WhatsApp Image 2024-01-10 at 10.18.39\" \/><\/figure><\/div><div class=\"swiper-slide\" role=\"group\" aria-roledescription=\"slide\" aria-label=\"5 de 8\" data-no-translation-aria-label=\"\"><figure class=\"swiper-slide-inner\"><img decoding=\"async\" class=\"swiper-slide-image\" src=\"https:\/\/www.museosdemequinenza.com\/wp-content\/uploads\/2024\/06\/IMG_7374-scaled-e1718967559324-1024x577.jpg\" alt=\"IMG_7374\" \/><\/figure><\/div><div class=\"swiper-slide\" role=\"group\" aria-roledescription=\"slide\" aria-label=\"6 de 8\" data-no-translation-aria-label=\"\"><figure class=\"swiper-slide-inner\"><img decoding=\"async\" class=\"swiper-slide-image\" src=\"https:\/\/www.museosdemequinenza.com\/wp-content\/uploads\/2024\/06\/IMG_7638-scaled-e1718967574283-1024x577.jpg\" alt=\"IMG_7638\" \/><\/figure><\/div><div class=\"swiper-slide\" role=\"group\" aria-roledescription=\"slide\" aria-label=\"7 de 8\" data-no-translation-aria-label=\"\"><figure class=\"swiper-slide-inner\"><img decoding=\"async\" class=\"swiper-slide-image\" src=\"https:\/\/www.museosdemequinenza.com\/wp-content\/uploads\/2024\/06\/IMG_7742-scaled-e1718967594511-1024x577.jpg\" alt=\"IMG_7742\" \/><\/figure><\/div><div class=\"swiper-slide\" role=\"group\" aria-roledescription=\"slide\" aria-label=\"8 de 8\" data-no-translation-aria-label=\"\"><figure class=\"swiper-slide-inner\"><img decoding=\"async\" class=\"swiper-slide-image\" src=\"https:\/\/www.museosdemequinenza.com\/wp-content\/uploads\/2024\/06\/DSC_0038-scaled-e1718967614469-1024x577.jpg\" alt=\"DSC_0038\" \/><\/figure><\/div>\t\t\t<\/div>\n\t\t\t\t\t\t\t\t\t\t\t\t<div class=\"elementor-swiper-button elementor-swiper-button-prev\" role=\"button\" tabindex=\"0\">\n\t\t\t\t\t\t<i aria-hidden=\"true\" class=\"eicon-chevron-left\"><\/i>\t\t\t\t\t<\/div>\n\t\t\t\t\t<div class=\"elementor-swiper-button elementor-swiper-button-next\" role=\"button\" tabindex=\"0\">\n\t\t\t\t\t\t<i aria-hidden=\"true\" class=\"eicon-chevron-right\"><\/i>\t\t\t\t\t<\/div>\n\t\t\t\t\n\t\t\t\t\t\t\t\t\t<\/div>\n\t\t\t\t\t\t<\/div>\n\t\t\t\t<\/div>\n\t\t\t\t\t<\/div>\n\t\t<\/div>\n\t\t\t\t<div class=\"elementor-column elementor-col-50 elementor-inner-column elementor-element elementor-element-c483cf4\" data-id=\"c483cf4\" data-element_type=\"column\" data-e-type=\"column\">\n\t\t\t<div class=\"elementor-widget-wrap elementor-element-populated\">\n\t\t\t\t\t\t<div class=\"elementor-element elementor-element-6eda92f elementor-widget elementor-widget-html\" data-id=\"6eda92f\" data-element_type=\"widget\" data-e-type=\"widget\" data-widget_type=\"html.default\">\n\t\t\t\t<div class=\"elementor-widget-container\">\n\t\t\t\t\t<iframe frameborder=\"0\" scrolling=\"no\" src=\"https:\/\/es.wikiloc.com\/wikiloc\/embedv2.do?id=300023&elevation=off&images=off&maptype=H\" width=\"600\" height=\"500\"><\/iframe><div style=\"color:#777;font-size:11px;line-height:16px;\">Powered by&nbsp;<a style=\"color:#4C8C2B;font-size:11px;line-height:16px;\" target=\"_blank\" href=\"https:\/\/es.wikiloc.com\">Wikiloc<\/a><\/div>\t\t\t\t<\/div>\n\t\t\t\t<\/div>\n\t\t\t\t\t<\/div>\n\t\t<\/div>\n\t\t\t\t\t<\/div>\n\t\t<\/section>\n\t\t\t\t\t<\/div>\n\t\t<\/div>\n\t\t\t\t\t<\/div>\n\t\t<\/section>\n\t\t\t\t<section class=\"elementor-section elementor-top-section elementor-element elementor-element-b16be81 elementor-section-boxed elementor-section-height-default elementor-section-height-default\" data-id=\"b16be81\" data-element_type=\"section\" data-e-type=\"section\">\n\t\t\t\t\t\t<div class=\"elementor-container elementor-column-gap-default\">\n\t\t\t\t\t<div class=\"elementor-column elementor-col-100 elementor-top-column elementor-element elementor-element-e2d8550\" data-id=\"e2d8550\" data-element_type=\"column\" data-e-type=\"column\">\n\t\t\t<div class=\"elementor-widget-wrap elementor-element-populated\">\n\t\t\t\t\t\t<section class=\"elementor-section elementor-inner-section elementor-element elementor-element-4cd0883 elementor-section-boxed elementor-section-height-default elementor-section-height-default\" data-id=\"4cd0883\" data-element_type=\"section\" data-e-type=\"section\">\n\t\t\t\t\t\t<div class=\"elementor-container elementor-column-gap-default\">\n\t\t\t\t\t<div class=\"elementor-column elementor-col-50 elementor-inner-column elementor-element elementor-element-1c11876\" data-id=\"1c11876\" data-element_type=\"column\" data-e-type=\"column\">\n\t\t\t<div class=\"elementor-widget-wrap elementor-element-populated\">\n\t\t\t\t\t\t<div class=\"elementor-element elementor-element-effbb38 elementor-widget elementor-widget-html\" data-id=\"effbb38\" data-element_type=\"widget\" data-e-type=\"widget\" data-widget_type=\"html.default\">\n\t\t\t\t<div class=\"elementor-widget-container\">\n\t\t\t\t\t<iframe frameborder=\"0\" scrolling=\"no\" src=\"https:\/\/es.wikiloc.com\/wikiloc\/embedv2.do?id=302471&elevation=off&images=off&maptype=H\" width=\"600\" height=\"500\"><\/iframe><div style=\"color:#777;font-size:11px;line-height:16px;\">Powered by&nbsp;<a style=\"color:#4C8C2B;font-size:11px;line-height:16px;\" target=\"_blank\" href=\"https:\/\/es.wikiloc.com\">Wikiloc<\/a><\/div>\t\t\t\t<\/div>\n\t\t\t\t<\/div>\n\t\t\t\t\t<\/div>\n\t\t<\/div>\n\t\t\t\t<div class=\"elementor-column elementor-col-50 elementor-inner-column elementor-element elementor-element-23250fd\" data-id=\"23250fd\" data-element_type=\"column\" data-e-type=\"column\">\n\t\t\t<div class=\"elementor-widget-wrap elementor-element-populated\">\n\t\t\t\t\t\t<div class=\"elementor-element elementor-element-0643dde elementor-widget elementor-widget-html\" data-id=\"0643dde\" data-element_type=\"widget\" data-e-type=\"widget\" data-widget_type=\"html.default\">\n\t\t\t\t<div class=\"elementor-widget-container\">\n\t\t\t\t\t<iframe frameborder=\"0\" scrolling=\"no\" src=\"https:\/\/es.wikiloc.com\/wikiloc\/embedv2.do?id=300038&elevation=off&images=off&maptype=H\" width=\"600\" height=\"500\"><\/iframe><div style=\"color:#777;font-size:11px;line-height:16px;\">Powered by&nbsp;<a style=\"color:#4C8C2B;font-size:11px;line-height:16px;\" target=\"_blank\" href=\"https:\/\/es.wikiloc.com\">Wikiloc<\/a><\/div>\t\t\t\t<\/div>\n\t\t\t\t<\/div>\n\t\t\t\t\t<\/div>\n\t\t<\/div>\n\t\t\t\t\t<\/div>\n\t\t<\/section>\n\t\t\t\t<div class=\"elementor-element elementor-element-6b338c1 elementor-button-info elementor-align-center elementor-widget elementor-widget-button\" data-id=\"6b338c1\" data-element_type=\"widget\" data-e-type=\"widget\" data-widget_type=\"button.default\">\n\t\t\t\t<div class=\"elementor-widget-container\">\n\t\t\t\t\t\t\t\t\t<div class=\"elementor-button-wrapper\">\n\t\t\t\t\t<a class=\"elementor-button elementor-button-link elementor-size-sm\" href=\"https:\/\/caminosnaturales.es\/\" target=\"_blank\">\n\t\t\t\t\t\t<span class=\"elementor-button-content-wrapper\">\n\t\t\t\t\t\t<span class=\"elementor-button-icon\">\n\t\t\t\t<i aria-hidden=\"true\" class=\"fas fa-route\"><\/i>\t\t\t<\/span>\n\t\t\t\t\t\t\t\t\t<span class=\"elementor-button-text\">Red de Caminos Naturales de Espa\u00f1a<\/span>\n\t\t\t\t\t<\/span>\n\t\t\t\t\t<\/a>\n\t\t\t\t<\/div>\n\t\t\t\t\t\t\t\t<\/div>\n\t\t\t\t<\/div>\n\t\t\t\t<div class=\"elementor-element elementor-element-9bca74b elementor-button-info elementor-align-center elementor-widget elementor-widget-button\" data-id=\"9bca74b\" data-element_type=\"widget\" data-e-type=\"widget\" data-widget_type=\"button.default\">\n\t\t\t\t<div class=\"elementor-widget-container\">\n\t\t\t\t\t\t\t\t\t<div class=\"elementor-button-wrapper\">\n\t\t\t\t\t<a class=\"elementor-button elementor-button-link elementor-size-sm\" href=\"https:\/\/www.mapa.gob.es\/es\/desarrollo-rural\/temas\/caminos-naturales\/guiarioebrofinalfeb19_tcm30-502001.pdf\" target=\"_blank\">\n\t\t\t\t\t\t<span class=\"elementor-button-content-wrapper\">\n\t\t\t\t\t\t<span class=\"elementor-button-icon\">\n\t\t\t\t<i aria-hidden=\"true\" class=\"fas fa-map-marked-alt\"><\/i>\t\t\t<\/span>\n\t\t\t\t\t\t\t\t\t<span class=\"elementor-button-text\">Gu\u00eda del Camino Natural del Ebro GR-99<\/span>\n\t\t\t\t\t<\/span>\n\t\t\t\t\t<\/a>\n\t\t\t\t<\/div>\n\t\t\t\t\t\t\t\t<\/div>\n\t\t\t\t<\/div>\n\t\t\t\t\t<\/div>\n\t\t<\/div>\n\t\t\t\t\t<\/div>\n\t\t<\/section>\n\t\t\t\t<\/div>","protected":false},"excerpt":{"rendered":"<p>El GR-99 &#8211; Camino Natural del Ebro ofrece una experiencia inigualable a quienes deciden recorrerlo en Mequinenza. A trav\u00e9s de las etapas 35 y 36, puede descubrirse el r\u00edo Ebro y el Aiguabarreig de los r\u00edos Segre y Cinca, con unas magn\u00edficas panor\u00e1micas del paisaje fluvial. Otros puntos de inter\u00e9s pueden ser la presa del<\/p>\n<p><a href=\"http:\/\/www.museosdemequinenza.com\/ca\/camino-natural-del-ebro-gr-99\/\" class=\"more-link themebutton\">Read More<\/a><\/p>","protected":false},"author":1,"featured_media":10896,"parent":0,"menu_order":0,"comment_status":"closed","ping_status":"closed","template":"","meta":{"_monsterinsights_skip_tracking":false,"_monsterinsights_sitenote_active":false,"_monsterinsights_sitenote_note":"","_monsterinsights_sitenote_category":0,"footnotes":""},"class_list":["post-10895","page","type-page","status-publish","has-post-thumbnail","hentry"],"aioseo_notices":[],"_links":{"self":[{"href":"http:\/\/www.museosdemequinenza.com\/ca\/wp-json\/wp\/v2\/pages\/10895","targetHints":{"allow":["GET"]}}],"collection":[{"href":"http:\/\/www.museosdemequinenza.com\/ca\/wp-json\/wp\/v2\/pages"}],"about":[{"href":"http:\/\/www.museosdemequinenza.com\/ca\/wp-json\/wp\/v2\/types\/page"}],"author":[{"embeddable":true,"href":"http:\/\/www.museosdemequinenza.com\/ca\/wp-json\/wp\/v2\/users\/1"}],"replies":[{"embeddable":true,"href":"http:\/\/www.museosdemequinenza.com\/ca\/wp-json\/wp\/v2\/comments?post=10895"}],"version-history":[{"count":16,"href":"http:\/\/www.museosdemequinenza.com\/ca\/wp-json\/wp\/v2\/pages\/10895\/revisions"}],"predecessor-version":[{"id":10924,"href":"http:\/\/www.museosdemequinenza.com\/ca\/wp-json\/wp\/v2\/pages\/10895\/revisions\/10924"}],"wp:featuredmedia":[{"embeddable":true,"href":"http:\/\/www.museosdemequinenza.com\/ca\/wp-json\/wp\/v2\/media\/10896"}],"wp:attachment":[{"href":"http:\/\/www.museosdemequinenza.com\/ca\/wp-json\/wp\/v2\/media?parent=10895"}],"curies":[{"name":"wp","href":"https:\/\/api.w.org\/{rel}","templated":true}]}}